{"id":529,"date":"2015-09-21T09:12:42","date_gmt":"2015-09-21T15:12:42","guid":{"rendered":"https:\/\/www.oaxaca.gob.mx\/coesida\/?page_id=529"},"modified":"2015-09-21T09:12:42","modified_gmt":"2015-09-21T15:12:42","slug":"hazlo-seguro","status":"publish","type":"page","link":"https:\/\/www.oaxaca.gob.mx\/coesida\/hazlo-seguro\/","title":{"rendered":"Campa\u00f1a de prevenci\u00f3n del VIH y sida en j\u00f3venes: Hazlo Seguro"},"content":{"rendered":"<p>\t\t\t\tEn los \u00faltimos a\u00f1os se han incrementado los casos del VIH y sida en la poblaci\u00f3n juvenil, esto es alarmante ya que apenas inician su edad productiva y reproductiva.<\/p>\n<p>Los riesgos que se corren en la juventud al iniciar la vida sexual van desde un embarazo no deseado hasta una infecci\u00f3n de transmisi\u00f3n sexual, incluyendo el VIH, que a trav\u00e9s del uso correcto del cond\u00f3n pueden ser evitados.<\/p>\n<p>\u201cHay miles de excusas para no cuidarte, como decir que te da pena, cuando cuidarte es la cosa m\u00e1s normal del mundo, o decir que no tienes dinero si sabemos que puedes acudir a cualquier unidad de salud, porque no lo planeaste, porque se te olvid\u00f3, ves para cada excusa hay una soluci\u00f3n, cualquiera que sea tu preferencia sexual \u00a1hazlo seguro! usa cond\u00f3n\u201d.<\/p>\n<p>Estos son unos fragmentos de la campa\u00f1a de prevenci\u00f3n del VIH dirigida a j\u00f3venes como t\u00fa con sue\u00f1os y planes a futuro; la cual fue lanzada por el COESIDA el 26 de abril de 2014 a nivel estatal.<\/p>\n<p>El personaje que da vida a esta campa\u00f1a es Max Cond\u00f3n, mismo que gusta de escribir sobre diversos temas para la juventud, a fin de fortalecer sus relaciones y hacerse de nuevos amigos. La informaci\u00f3n que ofrece es confiable y veraz.<\/p>\n<p>Max Cond\u00f3n est\u00e1 comprometido con la promoci\u00f3n de la salud, conoce sobre el tema y lo comparte, promueve valores como el respeto, la responsabilidad, la educaci\u00f3n y la formaci\u00f3n porque cree en ellos.<\/p>\n<p>\u00a1Hazlo seguro! y Max Cond\u00f3n promueven una sexualidad responsable y compartida entre hombres y mujeres.\t\t\t\t<\/p>\n","protected":false},"excerpt":{"rendered":"<p>En los \u00faltimos a\u00f1os se han incrementado los casos del VIH y sida en la poblaci\u00f3n juvenil, esto es alarmante ya que apenas inician su edad productiva y reproductiva. Los riesgos que se corren en la juventud al iniciar la vida sexual van desde un embarazo no deseado hasta una infecci\u00f3n de transmisi\u00f3n sexual, incluyendo [&hellip;]<\/p>\n","protected":false},"author":1,"featured_media":0,"parent":0,"menu_order":0,"comment_status":"closed","ping_status":"closed","template":"","meta":{"episode_type":"","audio_file":"","podmotor_file_id":"","podmotor_episode_id":"","cover_image":"","cover_image_id":"","duration":"","filesize":"","filesize_raw":"","date_recorded":"","explicit":"","block":"","footnotes":""},"categories":[],"tags":[],"class_list":["post-529","page","type-page","status-publish","hentry"],"acf":[],"publishpress_future_action":{"enabled":false,"date":"2026-04-28 11:05:57","action":"change-status","newStatus":"draft","terms":[],"taxonomy":"category","extraData":[]},"publishpress_future_workflow_manual_trigger":{"enabledWorkflows":[]},"_links":{"self":[{"href":"https:\/\/www.oaxaca.gob.mx\/coesida\/wp-json\/wp\/v2\/pages\/529","targetHints":{"allow":["GET"]}}],"collection":[{"href":"https:\/\/www.oaxaca.gob.mx\/coesida\/wp-json\/wp\/v2\/pages"}],"about":[{"href":"https:\/\/www.oaxaca.gob.mx\/coesida\/wp-json\/wp\/v2\/types\/page"}],"author":[{"embeddable":true,"href":"https:\/\/www.oaxaca.gob.mx\/coesida\/wp-json\/wp\/v2\/users\/1"}],"replies":[{"embeddable":true,"href":"https:\/\/www.oaxaca.gob.mx\/coesida\/wp-json\/wp\/v2\/comments?post=529"}],"version-history":[{"count":0,"href":"https:\/\/www.oaxaca.gob.mx\/coesida\/wp-json\/wp\/v2\/pages\/529\/revisions"}],"wp:attachment":[{"href":"https:\/\/www.oaxaca.gob.mx\/coesida\/wp-json\/wp\/v2\/media?parent=529"}],"wp:term":[{"taxonomy":"category","embeddable":true,"href":"https:\/\/www.oaxaca.gob.mx\/coesida\/wp-json\/wp\/v2\/categories?post=529"},{"taxonomy":"post_tag","embeddable":true,"href":"https:\/\/www.oaxaca.gob.mx\/coesida\/wp-json\/wp\/v2\/tags?post=529"}],"curies":[{"name":"wp","href":"https:\/\/api.w.org\/{rel}","templated":true}]}}