{"id":497,"date":"2015-09-18T10:00:33","date_gmt":"2015-09-18T16:00:33","guid":{"rendered":"https:\/\/www.oaxaca.gob.mx\/coesida\/?page_id=497"},"modified":"2015-09-18T10:00:33","modified_gmt":"2015-09-18T16:00:33","slug":"bioetica-e-investigacion","status":"publish","type":"page","link":"https:\/\/www.oaxaca.gob.mx\/coesida\/bioetica-e-investigacion\/","title":{"rendered":"Objetivo"},"content":{"rendered":"<p>\t\t\t\tPara el COESIDA-CAPASITS Oaxaca, es fundamental que los investigadores adopten de manera permanente una conducta prudente y responsable que considere prioritaria la protecci\u00f3n de los derechos y el bienestar de los individuos que participen en sus investigaciones. Ante esta necesidad, surge el Comit\u00e9 de Bio\u00e9tica e Investigaci\u00f3n del COESIDA-CAPASITS Oaxaca, cuya principal funci\u00f3n es establecer los lineamientos que normen las investigaciones, as\u00ed como evaluar, dictaminar y dar seguimiento a los proyectos presentados. Se integra de forma que garantice la revisi\u00f3n y evaluaci\u00f3n competente, transparente e imparcial de los aspectos \u00e9ticos y cient\u00edficos de las solicitudes que reciba.<\/p>\n<p>El Comit\u00e9 evaluar\u00e1 los proyectos, libre de influencias pol\u00edticas, institucionales, profesionales y comerciales y funcionar\u00e1 dentro de los lineamientos del C\u00f3digo de Bio\u00e9tica, el cual se basa en c\u00f3digos de aceptaci\u00f3n internacional como son la Declaraci\u00f3n de Helsinki, las Gu\u00edas \u00c9ticas Internacionales para Investigaci\u00f3n Biom\u00e9dica que Involucra a Humanos, del Council for International Organizations of Medical Science (CIOMS) y de la Organizaci\u00f3n Mundial de la Salud (OMS), as\u00ed como en las disposiciones de la Comisi\u00f3n Nacional de Bio\u00e9tica y de la Comisi\u00f3n Nacional de Arbitraje M\u00e9dico, dependencias de orden federal encargadas de regular aspectos \u00e9ticos de la pr\u00e1ctica m\u00e9dica y de la investigaci\u00f3n cient\u00edfica en nuestro pa\u00eds.<\/p>\n<p>La creaci\u00f3n del Comit\u00e9 de Bio\u00e9tica e Investigaci\u00f3n del COESIDA-CAPASITS Oaxaca (CBICCO) y el C\u00f3digo de Bio\u00e9tica fueron aprobados por el \u00d3rgano de Gobierno del Consejo Estatal para la Prevenci\u00f3n y Control del Sida el 14 de diciembre de 2011, y publicado en el Peri\u00f3dico Oficial del Gobierno del Estado de Oaxaca el d\u00eda 18 de febrero de 2012. El CBICCO est\u00e1 integrado por 4 miembros de la Instituci\u00f3n, un miembro invitado de la Comisi\u00f3n Estatal de Arbitraje M\u00e9dico de Oaxaca (CEAMO) y un representante de la sociedad civil, avalados por el \u00d3rgano de Gobierno del COESIDA Oaxaca.\t\t\t\t<\/p>\n","protected":false},"excerpt":{"rendered":"<p>Para el COESIDA-CAPASITS Oaxaca, es fundamental que los investigadores adopten de manera permanente una conducta prudente y responsable que considere prioritaria la protecci\u00f3n de los derechos y el bienestar de los individuos que participen en sus investigaciones. Ante esta necesidad, surge el Comit\u00e9 de Bio\u00e9tica e Investigaci\u00f3n del COESIDA-CAPASITS Oaxaca, cuya principal funci\u00f3n es establecer [&hellip;]<\/p>\n","protected":false},"author":1,"featured_media":0,"parent":0,"menu_order":0,"comment_status":"closed","ping_status":"closed","template":"","meta":{"episode_type":"","audio_file":"","podmotor_file_id":"","podmotor_episode_id":"","cover_image":"","cover_image_id":"","duration":"","filesize":"","filesize_raw":"","date_recorded":"","explicit":"","block":"","footnotes":""},"categories":[],"tags":[],"class_list":["post-497","page","type-page","status-publish","hentry"],"acf":[],"publishpress_future_action":{"enabled":false,"date":"2026-05-12 15:11:49","action":"change-status","newStatus":"draft","terms":[],"taxonomy":"category","extraData":[]},"publishpress_future_workflow_manual_trigger":{"enabledWorkflows":[]},"_links":{"self":[{"href":"https:\/\/www.oaxaca.gob.mx\/coesida\/wp-json\/wp\/v2\/pages\/497","targetHints":{"allow":["GET"]}}],"collection":[{"href":"https:\/\/www.oaxaca.gob.mx\/coesida\/wp-json\/wp\/v2\/pages"}],"about":[{"href":"https:\/\/www.oaxaca.gob.mx\/coesida\/wp-json\/wp\/v2\/types\/page"}],"author":[{"embeddable":true,"href":"https:\/\/www.oaxaca.gob.mx\/coesida\/wp-json\/wp\/v2\/users\/1"}],"replies":[{"embeddable":true,"href":"https:\/\/www.oaxaca.gob.mx\/coesida\/wp-json\/wp\/v2\/comments?post=497"}],"version-history":[{"count":0,"href":"https:\/\/www.oaxaca.gob.mx\/coesida\/wp-json\/wp\/v2\/pages\/497\/revisions"}],"wp:attachment":[{"href":"https:\/\/www.oaxaca.gob.mx\/coesida\/wp-json\/wp\/v2\/media?parent=497"}],"wp:term":[{"taxonomy":"category","embeddable":true,"href":"https:\/\/www.oaxaca.gob.mx\/coesida\/wp-json\/wp\/v2\/categories?post=497"},{"taxonomy":"post_tag","embeddable":true,"href":"https:\/\/www.oaxaca.gob.mx\/coesida\/wp-json\/wp\/v2\/tags?post=497"}],"curies":[{"name":"wp","href":"https:\/\/api.w.org\/{rel}","templated":true}]}}