{"id":492,"date":"2015-09-18T09:54:34","date_gmt":"2015-09-18T15:54:34","guid":{"rendered":"https:\/\/www.oaxaca.gob.mx\/coesida\/?page_id=492"},"modified":"2015-09-18T09:54:34","modified_gmt":"2015-09-18T15:54:34","slug":"participacion-comunitaria","status":"publish","type":"page","link":"https:\/\/www.oaxaca.gob.mx\/coesida\/participacion-comunitaria\/","title":{"rendered":"Objetivo"},"content":{"rendered":"<p>\t\t\t\tEl Comit\u00e9 de Participaci\u00f3n Comunitaria, dependiente del Departamento de Difusi\u00f3n, surge por la necesidad e importancia de incluir a la Sociedad Civil en la respuesta al VIH\/Sida para reforzar las actividades con el intercambio de estrategias y capacidades de los diferentes grupos y regiones de nuestro Estado.<\/p>\n<p>El objetivo general es promover la participaci\u00f3n de la sociedad civil en la respuesta al Sida hacia un acceso universal a la prevenci\u00f3n y atenci\u00f3n integral.<\/p>\n<p>De este modo, este Comit\u00e9 busca fomentar la participaci\u00f3n de las Organizaciones Civiles en la difusi\u00f3n de las medidas de prevenci\u00f3n del VIH\/Sida e Infecciones de Transmisi\u00f3n Sexual, promover la Educaci\u00f3n Sexual y el respeto por los Derechos Humanos.<\/p>\n<p>La estrategia de trabajo es realizar reuniones peri\u00f3dicas en las que se debaten diversos temas, se toman acuerdos que permiten encaminar planes que enriquezcan el proyecto de prevenci\u00f3n y se capacita y sensibiliza a todas las personas integrantes del mismo.\t\t\t\t<\/p>\n","protected":false},"excerpt":{"rendered":"<p>El Comit\u00e9 de Participaci\u00f3n Comunitaria, dependiente del Departamento de Difusi\u00f3n, surge por la necesidad e importancia de incluir a la Sociedad Civil en la respuesta al VIH\/Sida para reforzar las actividades con el intercambio de estrategias y capacidades de los diferentes grupos y regiones de nuestro Estado. El objetivo general es promover la participaci\u00f3n de [&hellip;]<\/p>\n","protected":false},"author":1,"featured_media":0,"parent":0,"menu_order":0,"comment_status":"closed","ping_status":"closed","template":"","meta":{"episode_type":"","audio_file":"","podmotor_file_id":"","podmotor_episode_id":"","cover_image":"","cover_image_id":"","duration":"","filesize":"","filesize_raw":"","date_recorded":"","explicit":"","block":"","footnotes":""},"categories":[],"tags":[],"class_list":["post-492","page","type-page","status-publish","hentry"],"acf":[],"publishpress_future_action":{"enabled":false,"date":"2026-05-14 02:22:18","action":"change-status","newStatus":"draft","terms":[],"taxonomy":"category","extraData":[]},"publishpress_future_workflow_manual_trigger":{"enabledWorkflows":[]},"_links":{"self":[{"href":"https:\/\/www.oaxaca.gob.mx\/coesida\/wp-json\/wp\/v2\/pages\/492","targetHints":{"allow":["GET"]}}],"collection":[{"href":"https:\/\/www.oaxaca.gob.mx\/coesida\/wp-json\/wp\/v2\/pages"}],"about":[{"href":"https:\/\/www.oaxaca.gob.mx\/coesida\/wp-json\/wp\/v2\/types\/page"}],"author":[{"embeddable":true,"href":"https:\/\/www.oaxaca.gob.mx\/coesida\/wp-json\/wp\/v2\/users\/1"}],"replies":[{"embeddable":true,"href":"https:\/\/www.oaxaca.gob.mx\/coesida\/wp-json\/wp\/v2\/comments?post=492"}],"version-history":[{"count":0,"href":"https:\/\/www.oaxaca.gob.mx\/coesida\/wp-json\/wp\/v2\/pages\/492\/revisions"}],"wp:attachment":[{"href":"https:\/\/www.oaxaca.gob.mx\/coesida\/wp-json\/wp\/v2\/media?parent=492"}],"wp:term":[{"taxonomy":"category","embeddable":true,"href":"https:\/\/www.oaxaca.gob.mx\/coesida\/wp-json\/wp\/v2\/categories?post=492"},{"taxonomy":"post_tag","embeddable":true,"href":"https:\/\/www.oaxaca.gob.mx\/coesida\/wp-json\/wp\/v2\/tags?post=492"}],"curies":[{"name":"wp","href":"https:\/\/api.w.org\/{rel}","templated":true}]}}