{"id":485,"date":"2015-09-18T09:51:15","date_gmt":"2015-09-18T15:51:15","guid":{"rendered":"https:\/\/www.oaxaca.gob.mx\/coesida\/?page_id=485"},"modified":"2015-09-18T09:51:15","modified_gmt":"2015-09-18T15:51:15","slug":"informacion-y-educacion","status":"publish","type":"page","link":"https:\/\/www.oaxaca.gob.mx\/coesida\/informacion-y-educacion\/","title":{"rendered":"Objetivo"},"content":{"rendered":"<p>\t\t\t\tBajo la coordinaci\u00f3n del Departamento de Capacitaci\u00f3n, el Comit\u00e9 de Informaci\u00f3n y Educaci\u00f3n es un \u00f3rgano colegiado de apoyo al Consejo Estatal para la prevenci\u00f3n y control del SIDA en el Estado de Oaxaca. Se cre\u00f3 en el a\u00f1o de 1999, cinco a\u00f1os despu\u00e9s de haberse constituido dicho Consejo. Est\u00e1 integrado por representantes de las instituciones del sector salud y seguridad social, de dependencias de los tres niveles de gobierno y de instituciones y planteles de educaci\u00f3n media, media superior y superior.<\/p>\n<p>En su objetivo general se expresa \u2026: \u201cQue sus integrantes programar\u00e1n y realizar\u00e1n, de manera coordinada, actividades de capacitaci\u00f3n, informaci\u00f3n, orientaci\u00f3n y sensibilizaci\u00f3n, al interior de sus instituciones, a personas de grupos vulnerables y a la poblaci\u00f3n en general, para contribuir a la prevenci\u00f3n de la infecci\u00f3n por el VIH y de otras ITS\u201d.\t\t\t\t<\/p>\n","protected":false},"excerpt":{"rendered":"<p>Bajo la coordinaci\u00f3n del Departamento de Capacitaci\u00f3n, el Comit\u00e9 de Informaci\u00f3n y Educaci\u00f3n es un \u00f3rgano colegiado de apoyo al Consejo Estatal para la prevenci\u00f3n y control del SIDA en el Estado de Oaxaca. Se cre\u00f3 en el a\u00f1o de 1999, cinco a\u00f1os despu\u00e9s de haberse constituido dicho Consejo. Est\u00e1 integrado por representantes de las [&hellip;]<\/p>\n","protected":false},"author":1,"featured_media":0,"parent":0,"menu_order":0,"comment_status":"closed","ping_status":"closed","template":"","meta":{"episode_type":"","audio_file":"","podmotor_file_id":"","podmotor_episode_id":"","cover_image":"","cover_image_id":"","duration":"","filesize":"","filesize_raw":"","date_recorded":"","explicit":"","block":"","footnotes":""},"categories":[],"tags":[],"class_list":["post-485","page","type-page","status-publish","hentry"],"acf":[],"publishpress_future_action":{"enabled":false,"date":"2026-05-12 15:04:34","action":"change-status","newStatus":"draft","terms":[],"taxonomy":"category","extraData":[]},"publishpress_future_workflow_manual_trigger":{"enabledWorkflows":[]},"_links":{"self":[{"href":"https:\/\/www.oaxaca.gob.mx\/coesida\/wp-json\/wp\/v2\/pages\/485","targetHints":{"allow":["GET"]}}],"collection":[{"href":"https:\/\/www.oaxaca.gob.mx\/coesida\/wp-json\/wp\/v2\/pages"}],"about":[{"href":"https:\/\/www.oaxaca.gob.mx\/coesida\/wp-json\/wp\/v2\/types\/page"}],"author":[{"embeddable":true,"href":"https:\/\/www.oaxaca.gob.mx\/coesida\/wp-json\/wp\/v2\/users\/1"}],"replies":[{"embeddable":true,"href":"https:\/\/www.oaxaca.gob.mx\/coesida\/wp-json\/wp\/v2\/comments?post=485"}],"version-history":[{"count":0,"href":"https:\/\/www.oaxaca.gob.mx\/coesida\/wp-json\/wp\/v2\/pages\/485\/revisions"}],"wp:attachment":[{"href":"https:\/\/www.oaxaca.gob.mx\/coesida\/wp-json\/wp\/v2\/media?parent=485"}],"wp:term":[{"taxonomy":"category","embeddable":true,"href":"https:\/\/www.oaxaca.gob.mx\/coesida\/wp-json\/wp\/v2\/categories?post=485"},{"taxonomy":"post_tag","embeddable":true,"href":"https:\/\/www.oaxaca.gob.mx\/coesida\/wp-json\/wp\/v2\/tags?post=485"}],"curies":[{"name":"wp","href":"https:\/\/api.w.org\/{rel}","templated":true}]}}