{"id":480,"date":"2015-09-18T09:49:32","date_gmt":"2015-09-18T15:49:32","guid":{"rendered":"https:\/\/www.oaxaca.gob.mx\/coesida\/?page_id=480"},"modified":"2015-09-18T09:49:32","modified_gmt":"2015-09-18T15:49:32","slug":"aspectos-clinicos-y-terapeuticos","status":"publish","type":"page","link":"https:\/\/www.oaxaca.gob.mx\/coesida\/aspectos-clinicos-y-terapeuticos\/","title":{"rendered":"Objetivo"},"content":{"rendered":"<p>\t\t\t\tEl Comit\u00e9 de Aspectos Cl\u00ednicos y Terap\u00e9uticos se encuentra bajo la coordinaci\u00f3n del Departamento M\u00e9dico de la Instituci\u00f3n.<\/p>\n<p><strong>Objetivos<\/strong><\/p>\n<ul>\n<li>Actualizar los conocimientos del personal de salud en materia de control y seguimiento de personas que viven con el VIH\/Sida, mediante la estandarizaci\u00f3n de criterios de atenci\u00f3n integral y con base en el cumplimiento de Normas Oficiales Mexicanas de Salud.<\/li>\n<li>Evaluar los procesos de atenci\u00f3n integral de las personas que viven con VIH\/Sida en forma interinstitucional, en el contexto de la toma de decisiones para fines terap\u00e9uticos.<\/li>\n<li>Evaluar los procesos de referencia y contrarreferencia para mejorar la oportunidad en la atenci\u00f3n integral, de las personas que viven con VIH\/Sida.<\/li>\n<\/ul>\n<p><strong>Universo de Trabajo<\/strong><\/p>\n<p>1. Pacientes con infecci\u00f3n por el VIH\/Sida de las diferentes Instituciones del Sector Salud del Estado de Oaxaca.<\/p>\n<p>2. Trabajadores de la Salud involucrados en la atenci\u00f3n m\u00e9dico-t\u00e9cnica-administrativa de las Instituciones de Salud en Oaxaca.<\/p>\n<p>3. Trabajadores de la Salud de instituciones privadas.<\/p>\n<p><strong>Metas<\/strong><\/p>\n<ul>\n<li>Efectuar cuatro reuniones del comit\u00e9 de aspectos cl\u00ednicos y terap\u00e9uticos en forma calendarizada.<\/li>\n<li>Dar seguimiento al 100% de los compromisos emitidos en el seno del comit\u00e9 y las recomendaciones que de la evaluaci\u00f3n trimestral deriven.<\/li>\n<\/ul>\n<p><strong>Estrategias<\/strong><\/p>\n<ul>\n<li>Otorgar a cada sesi\u00f3n del Comit\u00e9 un enfoque acad\u00e9mico que permita mejorar los aspectos profesionales del personal multidisciplinario en la atenci\u00f3n de personas que viven con el VIH\/Sida.<\/li>\n<li>Efectuar el an\u00e1lisis de los procedimientos espec\u00edficos de atenci\u00f3n a pacientes, mediante la revisi\u00f3n, an\u00e1lisis y evaluaci\u00f3n de res\u00famenes cl\u00ednicos de pacientes de cada instituci\u00f3n involucrada dentro del Comit\u00e9.<\/li>\n<li>Difusi\u00f3n de las medidas y recomendaciones tomadas en consenso orientadas a mejorar los aspectos cl\u00ednicos y terap\u00e9uticos de cada uno de los res\u00famenes cl\u00ednicos que sean sometidos a evaluaci\u00f3n.<\/li>\n<\/ul>\n<p><strong>Actividades<\/strong><\/p>\n<p>1. Involucrar a los directivos de los Hospitales de segundo nivel para la atenci\u00f3n oportuna y de calidad a pacientes, mediante el sistema de referencia y contrarreferencia.<\/p>\n<p>2. Garantizar que todos los jefes de ense\u00f1anza de cl\u00ednicas y hospitales de las diferentes instituciones tomen en consideraci\u00f3n por lo menos un curso de actualizaci\u00f3n programado para el personal m\u00e9dico y param\u00e9dico sobre aspectos de atenci\u00f3n a pacientes con VIH\/Sida.<\/p>\n<p>3. Participar y dar seguimiento a los cursos de capacitaci\u00f3n programados, talleres y\/o conferencias en los que espec\u00edficamente se difundan las medidas que deben adoptarse para la prevenci\u00f3n de la infecci\u00f3n por el VIH.<\/p>\n<p>4. Establecimiento de mecanismos de coordinaci\u00f3n y coparticipaci\u00f3n con responsables de los programas de VIH\/Sida de las diferentes Instituciones de Salud con la finalidad de conocer el cumplimiento a la normatividad vigente.\t\t\t\t<\/p>\n","protected":false},"excerpt":{"rendered":"<p>El Comit\u00e9 de Aspectos Cl\u00ednicos y Terap\u00e9uticos se encuentra bajo la coordinaci\u00f3n del Departamento M\u00e9dico de la Instituci\u00f3n. Objetivos Actualizar los conocimientos del personal de salud en materia de control y seguimiento de personas que viven con el VIH\/Sida, mediante la estandarizaci\u00f3n de criterios de atenci\u00f3n integral y con base en el cumplimiento de Normas [&hellip;]<\/p>\n","protected":false},"author":1,"featured_media":0,"parent":0,"menu_order":0,"comment_status":"closed","ping_status":"closed","template":"","meta":{"episode_type":"","audio_file":"","podmotor_file_id":"","podmotor_episode_id":"","cover_image":"","cover_image_id":"","duration":"","filesize":"","filesize_raw":"","date_recorded":"","explicit":"","block":"","footnotes":""},"categories":[],"tags":[],"class_list":["post-480","page","type-page","status-publish","hentry"],"acf":[],"publishpress_future_action":{"enabled":false,"date":"2026-05-12 15:05:13","action":"change-status","newStatus":"draft","terms":[],"taxonomy":"category","extraData":[]},"publishpress_future_workflow_manual_trigger":{"enabledWorkflows":[]},"_links":{"self":[{"href":"https:\/\/www.oaxaca.gob.mx\/coesida\/wp-json\/wp\/v2\/pages\/480","targetHints":{"allow":["GET"]}}],"collection":[{"href":"https:\/\/www.oaxaca.gob.mx\/coesida\/wp-json\/wp\/v2\/pages"}],"about":[{"href":"https:\/\/www.oaxaca.gob.mx\/coesida\/wp-json\/wp\/v2\/types\/page"}],"author":[{"embeddable":true,"href":"https:\/\/www.oaxaca.gob.mx\/coesida\/wp-json\/wp\/v2\/users\/1"}],"replies":[{"embeddable":true,"href":"https:\/\/www.oaxaca.gob.mx\/coesida\/wp-json\/wp\/v2\/comments?post=480"}],"version-history":[{"count":0,"href":"https:\/\/www.oaxaca.gob.mx\/coesida\/wp-json\/wp\/v2\/pages\/480\/revisions"}],"wp:attachment":[{"href":"https:\/\/www.oaxaca.gob.mx\/coesida\/wp-json\/wp\/v2\/media?parent=480"}],"wp:term":[{"taxonomy":"category","embeddable":true,"href":"https:\/\/www.oaxaca.gob.mx\/coesida\/wp-json\/wp\/v2\/categories?post=480"},{"taxonomy":"post_tag","embeddable":true,"href":"https:\/\/www.oaxaca.gob.mx\/coesida\/wp-json\/wp\/v2\/tags?post=480"}],"curies":[{"name":"wp","href":"https:\/\/api.w.org\/{rel}","templated":true}]}}