{"id":476,"date":"2015-09-18T09:43:31","date_gmt":"2015-09-18T15:43:31","guid":{"rendered":"https:\/\/www.oaxaca.gob.mx\/coesida\/?page_id=476"},"modified":"2015-09-18T09:43:31","modified_gmt":"2015-09-18T15:43:31","slug":"adquisiciones-de-bienes-y-servicios","status":"publish","type":"page","link":"https:\/\/www.oaxaca.gob.mx\/coesida\/adquisiciones-de-bienes-y-servicios\/","title":{"rendered":"Objetivo"},"content":{"rendered":"<p>\t\t\t\tEn el a\u00f1o 2011 de conformidad con lo dispuesto en el Art\u00edculo 73 de la Ley para Adquisiciones, Arrendamientos y Servicios del Estado de Oaxaca, aprobado por la LX Legislatura, se instal\u00f3 un Subcomit\u00e9 de Adquisiciones de Bienes y Servicios del COESIDA (Consejo Estatal para la Prevenci\u00f3n y Control del Sida), integrado por un Presidente, un Secretario T\u00e9cnico, dos vocales que son los representantes de las Secretarias de Administraci\u00f3n y Finanzas y un Comisario representante de la Secretar\u00eda de Contralor\u00eda.<\/p>\n<p>Este Subcomit\u00e9 es el encargado de la aprobaci\u00f3n para la compra de Material M\u00e9dico de Cirug\u00eda y Farmac\u00e9uticos por un monto mayor a $30,001.00 pesos M.N., con fundamento a la Normatividad para el Ejercicio del Presupuesto de Egresos del Estado de Oaxaca, Cap\u00edtulo Primero, Disposiciones Generales No.15. Esto con el fin de cubrir las necesidades de este Consejo.\t\t\t\t<\/p>\n","protected":false},"excerpt":{"rendered":"<p>En el a\u00f1o 2011 de conformidad con lo dispuesto en el Art\u00edculo 73 de la Ley para Adquisiciones, Arrendamientos y Servicios del Estado de Oaxaca, aprobado por la LX Legislatura, se instal\u00f3 un Subcomit\u00e9 de Adquisiciones de Bienes y Servicios del COESIDA (Consejo Estatal para la Prevenci\u00f3n y Control del Sida), integrado por un Presidente, [&hellip;]<\/p>\n","protected":false},"author":1,"featured_media":0,"parent":0,"menu_order":0,"comment_status":"closed","ping_status":"closed","template":"","meta":{"episode_type":"","audio_file":"","podmotor_file_id":"","podmotor_episode_id":"","cover_image":"","cover_image_id":"","duration":"","filesize":"","filesize_raw":"","date_recorded":"","explicit":"","block":"","footnotes":""},"categories":[],"tags":[],"class_list":["post-476","page","type-page","status-publish","hentry"],"acf":[],"publishpress_future_action":{"enabled":false,"date":"2026-05-12 15:04:56","action":"change-status","newStatus":"draft","terms":[],"taxonomy":"category","extraData":[]},"publishpress_future_workflow_manual_trigger":{"enabledWorkflows":[]},"_links":{"self":[{"href":"https:\/\/www.oaxaca.gob.mx\/coesida\/wp-json\/wp\/v2\/pages\/476","targetHints":{"allow":["GET"]}}],"collection":[{"href":"https:\/\/www.oaxaca.gob.mx\/coesida\/wp-json\/wp\/v2\/pages"}],"about":[{"href":"https:\/\/www.oaxaca.gob.mx\/coesida\/wp-json\/wp\/v2\/types\/page"}],"author":[{"embeddable":true,"href":"https:\/\/www.oaxaca.gob.mx\/coesida\/wp-json\/wp\/v2\/users\/1"}],"replies":[{"embeddable":true,"href":"https:\/\/www.oaxaca.gob.mx\/coesida\/wp-json\/wp\/v2\/comments?post=476"}],"version-history":[{"count":0,"href":"https:\/\/www.oaxaca.gob.mx\/coesida\/wp-json\/wp\/v2\/pages\/476\/revisions"}],"wp:attachment":[{"href":"https:\/\/www.oaxaca.gob.mx\/coesida\/wp-json\/wp\/v2\/media?parent=476"}],"wp:term":[{"taxonomy":"category","embeddable":true,"href":"https:\/\/www.oaxaca.gob.mx\/coesida\/wp-json\/wp\/v2\/categories?post=476"},{"taxonomy":"post_tag","embeddable":true,"href":"https:\/\/www.oaxaca.gob.mx\/coesida\/wp-json\/wp\/v2\/tags?post=476"}],"curies":[{"name":"wp","href":"https:\/\/api.w.org\/{rel}","templated":true}]}}