{"id":464,"date":"2015-09-18T09:28:43","date_gmt":"2015-09-18T15:28:43","guid":{"rendered":"https:\/\/www.oaxaca.gob.mx\/coesida\/?page_id=464"},"modified":"2015-09-18T09:28:43","modified_gmt":"2015-09-18T15:28:43","slug":"atencion-medica","status":"publish","type":"page","link":"https:\/\/www.oaxaca.gob.mx\/coesida\/atencion-medica\/","title":{"rendered":"Objetivo"},"content":{"rendered":"<p>\t\t\t\tEsta \u00e1rea tiene como objetivo otorgar atenci\u00f3n m\u00e9dica integral de calidad y sin discriminaci\u00f3n ni estigmatizaci\u00f3n a las personas con infecci\u00f3n de VIH\/Sida e ITS. Entre sus funciones se encuentra informar al paciente sobre todos los aspectos relacionados a la infecci\u00f3n por el VIH\/Sida o ITS, as\u00ed como su estado y pron\u00f3stico; solicitar pruebas de laboratorio de acuerdo a las gu\u00edas de manejo cl\u00ednico de pacientes con VIH\/Sida, o de otras ITS, seg\u00fan el caso requiera; definir el tratamiento de acuerdo a los protocolos establecidos, tanto de medicamentos antirretrovirales como para prevenir infecciones oportunistas; informar de manera clara y sencilla a los pacientes sobre los efectos de los medicamentos que se indican; firmar responsiva como m\u00e9dico tratante en el expediente cl\u00ednico; referir a los pacientes diagnosticados que requieran atenci\u00f3n m\u00e9dica especializada de segundo nivel; llevar el control prenatal de toda mujer embarazada con VIH\/Sida, solicitando los ex\u00e1menes m\u00e9dicos para su estudio, previo consentimiento informado. As\u00ed mismo, se atiende a los reci\u00e9n nacidos de madres con VIH\/Sida, y realizar su seguimiento peri\u00f3dicamente para conocer su evoluci\u00f3n; informar a toda mujer en edad reproductiva que vive con el VIH\/Sida sobre los procedimientos de planificaci\u00f3n familiar definitivos y temporales, sin realizar coacci\u00f3n o presi\u00f3n para que decida sobre el tema; entre otras funciones.<\/p>\n<p>En el \u00c1rea de Atenci\u00f3n M\u00e9dica podemos encontrar consultorios de Medicina General, Medicina Especializada, Dermatolog\u00eda, Ginecolog\u00eda, Infectolog\u00eda, Medicina Interna, Medicina Integrada, Pediatr\u00eda y Epidemiolog\u00eda.\t\t\t\t<\/p>\n","protected":false},"excerpt":{"rendered":"<p>Esta \u00e1rea tiene como objetivo otorgar atenci\u00f3n m\u00e9dica integral de calidad y sin discriminaci\u00f3n ni estigmatizaci\u00f3n a las personas con infecci\u00f3n de VIH\/Sida e ITS. Entre sus funciones se encuentra informar al paciente sobre todos los aspectos relacionados a la infecci\u00f3n por el VIH\/Sida o ITS, as\u00ed como su estado y pron\u00f3stico; solicitar pruebas de [&hellip;]<\/p>\n","protected":false},"author":1,"featured_media":0,"parent":0,"menu_order":0,"comment_status":"closed","ping_status":"closed","template":"","meta":{"episode_type":"","audio_file":"","podmotor_file_id":"","podmotor_episode_id":"","cover_image":"","cover_image_id":"","duration":"","filesize":"","filesize_raw":"","date_recorded":"","explicit":"","block":"","footnotes":""},"categories":[],"tags":[],"class_list":["post-464","page","type-page","status-publish","hentry"],"acf":[],"publishpress_future_action":{"enabled":false,"date":"2026-05-12 15:04:00","action":"change-status","newStatus":"draft","terms":[],"taxonomy":"category","extraData":[]},"publishpress_future_workflow_manual_trigger":{"enabledWorkflows":[]},"_links":{"self":[{"href":"https:\/\/www.oaxaca.gob.mx\/coesida\/wp-json\/wp\/v2\/pages\/464","targetHints":{"allow":["GET"]}}],"collection":[{"href":"https:\/\/www.oaxaca.gob.mx\/coesida\/wp-json\/wp\/v2\/pages"}],"about":[{"href":"https:\/\/www.oaxaca.gob.mx\/coesida\/wp-json\/wp\/v2\/types\/page"}],"author":[{"embeddable":true,"href":"https:\/\/www.oaxaca.gob.mx\/coesida\/wp-json\/wp\/v2\/users\/1"}],"replies":[{"embeddable":true,"href":"https:\/\/www.oaxaca.gob.mx\/coesida\/wp-json\/wp\/v2\/comments?post=464"}],"version-history":[{"count":0,"href":"https:\/\/www.oaxaca.gob.mx\/coesida\/wp-json\/wp\/v2\/pages\/464\/revisions"}],"wp:attachment":[{"href":"https:\/\/www.oaxaca.gob.mx\/coesida\/wp-json\/wp\/v2\/media?parent=464"}],"wp:term":[{"taxonomy":"category","embeddable":true,"href":"https:\/\/www.oaxaca.gob.mx\/coesida\/wp-json\/wp\/v2\/categories?post=464"},{"taxonomy":"post_tag","embeddable":true,"href":"https:\/\/www.oaxaca.gob.mx\/coesida\/wp-json\/wp\/v2\/tags?post=464"}],"curies":[{"name":"wp","href":"https:\/\/api.w.org\/{rel}","templated":true}]}}