{"id":461,"date":"2015-09-18T09:20:37","date_gmt":"2015-09-18T15:20:37","guid":{"rendered":"https:\/\/www.oaxaca.gob.mx\/coesida\/?page_id=461"},"modified":"2015-09-18T09:20:37","modified_gmt":"2015-09-18T15:20:37","slug":"laboratorio-2","status":"publish","type":"page","link":"https:\/\/www.oaxaca.gob.mx\/coesida\/laboratorio-2\/","title":{"rendered":"Objetivo"},"content":{"rendered":"<p>\t\t\t\tEl Laboratorio tiene como objetivo proporcionar servicios de apoyo para el diagn\u00f3stico m\u00e9dico de personas con VIH\/Sida e ITS, bajo un estricto control de calidad dirigido por personal capacitado. Entre sus funciones se encuentra controlar y realizar los estudios de laboratorio establecidos en las Normas Oficiales Mexicanas para el seguimiento cl\u00ednico de los pacientes con VIH\/Sida de acuerdo a su capacidad instalada; ejecutar el control sobre la calidad de los procesos para la recolecci\u00f3n y procesamiento de muestras con el objeto de garantizar se cumplan sus especificaciones, de acuerdo a los protocolos de manejo; adoptar las disposiciones para el manejo de secreciones y l\u00edquidos corporales de acuerdo a la NOM-087-SEMARNAT-SSA1-2003 sobre Protecci\u00f3n ambiental, salud ambiental, residuos peligrosos biol\u00f3gico infecciosos, clasificaci\u00f3n y especificaciones de manejo; asegurar la confidencialidad del estado serol\u00f3gico de los pacientes; entre otras.<\/p>\n<p>Los usuarios del COESIDA-CAPASITS requieren estudios especializados tres veces al a\u00f1o, estos estudios indican el estado de avance del VIH\/Sida y son conocidos como de seguimiento, como son la Carga Viral (cantidad de virus en el usuario) y el Conteo Linfocitario (monitoreo de la cantidad de c\u00e9lulas de defensa); as\u00ed mismo, se\u00f1alan la necesidad de un tratamiento antirretroviral, la eficacia del tratamiento y los efectos adversos que puede tener, esto \u00faltimo a trav\u00e9s de los estudios de seguimiento, como son Biometr\u00eda Hem\u00e1tica, Qu\u00edmica Sangu\u00ednea, Perfil de L\u00edpidos y la Prueba de Funcionamiento Hep\u00e1tico.<\/p>\n<p>Para todo esto se encuentra el Laboratorio de Biolog\u00eda Molecular y Citometr\u00eda de Flujo, as\u00ed como tambi\u00e9n el Laboratorio Cl\u00ednico. Estos cuentan con el siguiente equipamiento de punta:<\/p>\n<p><strong>Qu\u00edmica Cl\u00ednica. SELECTRA JUNIOR.<\/strong><\/p>\n<p>Estudios: Qu\u00edmica sangu\u00ednea, perfil de l\u00edpidos, pruebas de funcionamiento hep\u00e1tico, perfil pancre\u00e1tico, electrolitos s\u00e9ricos y HB glicosilada.<\/p>\n<p><strong>Hematolog\u00eda. CELL DYN EMERALD.<\/strong><\/p>\n<p>Diagn\u00f3stico oportuno de anemia y otros padecimientos frecuentes en VIH\/Sida como citopenia, linfopenia, trombocitopenia, pancitopenia, etc. Los resultados son precisos y r\u00e1pidos.<\/p>\n<p><strong>Serolog\u00eda. ARCHITECT 1000sr (ABBOTT).<\/strong><\/p>\n<p>Detecta anticuerpos contra el HIV-1 y HIV-2 y tambi\u00e9n ant\u00edgeno p24 que es una prote\u00edna del VIH, con lo cual se reduce el periodo de ventana a 2 semanas. Adem\u00e1s apoya al diagn\u00f3stico oportuno de infecciones virales como citomegalovirus, hepatitis B y C as\u00ed como infecciones parasitarias.<\/p>\n<p><strong>Microbiolog\u00eda. BD BACTEC MGIT 960 SYSTEM.<\/strong><\/p>\n<p>Ayuda al diagn\u00f3stico de Micobacterium tuberculosis. Permite realizar antibiograma a las muestras positivas.<\/p>\n<p><strong>Laboratorio de Biolog\u00eda Molecular. CARGA VIRAL M2000SP Y M2000RT.<\/strong><\/p>\n<p>Permite estatificar la enfermedad, monitorear la evoluci\u00f3n de la infecci\u00f3n, evaluar la eficacia del tratamiento antirretroviral, procesa 96 pruebas en 3 horas, con un rango de lectura de 40-10,000,000 de copias de ml. de muestra.<\/p>\n<p><strong>Citometr\u00eda de Flujo. BD FACS CALIBUR.<\/strong><\/p>\n<p>Capaz de estatificar la enfermedad, marcar la pauta para decidir el inicio del tratamiento antirretroviral, monitorear la evoluci\u00f3n de la infecci\u00f3n y evaluar la eficacia del tratamiento antirretroviral.<\/p>\n<p>Este laboratorio hace del COESIDA-CAPASITS Oaxaca el mejor CAPASITS del pa\u00eds, as\u00ed como el m\u00e1s especializado.\t\t\t\t<\/p>\n","protected":false},"excerpt":{"rendered":"<p>El Laboratorio tiene como objetivo proporcionar servicios de apoyo para el diagn\u00f3stico m\u00e9dico de personas con VIH\/Sida e ITS, bajo un estricto control de calidad dirigido por personal capacitado. Entre sus funciones se encuentra controlar y realizar los estudios de laboratorio establecidos en las Normas Oficiales Mexicanas para el seguimiento cl\u00ednico de los pacientes con [&hellip;]<\/p>\n","protected":false},"author":1,"featured_media":0,"parent":0,"menu_order":0,"comment_status":"closed","ping_status":"closed","template":"","meta":{"episode_type":"","audio_file":"","podmotor_file_id":"","podmotor_episode_id":"","cover_image":"","cover_image_id":"","duration":"","filesize":"","filesize_raw":"","date_recorded":"","explicit":"","block":"","footnotes":""},"categories":[],"tags":[],"class_list":["post-461","page","type-page","status-publish","hentry"],"acf":[],"publishpress_future_action":{"enabled":false,"date":"2026-05-12 13:38:44","action":"change-status","newStatus":"draft","terms":[],"taxonomy":"category","extraData":[]},"publishpress_future_workflow_manual_trigger":{"enabledWorkflows":[]},"_links":{"self":[{"href":"https:\/\/www.oaxaca.gob.mx\/coesida\/wp-json\/wp\/v2\/pages\/461","targetHints":{"allow":["GET"]}}],"collection":[{"href":"https:\/\/www.oaxaca.gob.mx\/coesida\/wp-json\/wp\/v2\/pages"}],"about":[{"href":"https:\/\/www.oaxaca.gob.mx\/coesida\/wp-json\/wp\/v2\/types\/page"}],"author":[{"embeddable":true,"href":"https:\/\/www.oaxaca.gob.mx\/coesida\/wp-json\/wp\/v2\/users\/1"}],"replies":[{"embeddable":true,"href":"https:\/\/www.oaxaca.gob.mx\/coesida\/wp-json\/wp\/v2\/comments?post=461"}],"version-history":[{"count":0,"href":"https:\/\/www.oaxaca.gob.mx\/coesida\/wp-json\/wp\/v2\/pages\/461\/revisions"}],"wp:attachment":[{"href":"https:\/\/www.oaxaca.gob.mx\/coesida\/wp-json\/wp\/v2\/media?parent=461"}],"wp:term":[{"taxonomy":"category","embeddable":true,"href":"https:\/\/www.oaxaca.gob.mx\/coesida\/wp-json\/wp\/v2\/categories?post=461"},{"taxonomy":"post_tag","embeddable":true,"href":"https:\/\/www.oaxaca.gob.mx\/coesida\/wp-json\/wp\/v2\/tags?post=461"}],"curies":[{"name":"wp","href":"https:\/\/api.w.org\/{rel}","templated":true}]}}