{"id":457,"date":"2015-09-18T09:18:00","date_gmt":"2015-09-18T15:18:00","guid":{"rendered":"https:\/\/www.oaxaca.gob.mx\/coesida\/?page_id=457"},"modified":"2015-09-18T09:18:00","modified_gmt":"2015-09-18T15:18:00","slug":"trabajo-social","status":"publish","type":"page","link":"https:\/\/www.oaxaca.gob.mx\/coesida\/trabajo-social\/","title":{"rendered":"Objetivo"},"content":{"rendered":"<p>\t\t\t\tEsta \u00e1rea tiene como objetivo participar en la soluci\u00f3n de problemas de la realidad social de las personas con VIH\/Sida e ITS, por medio de la reflexi\u00f3n y participaci\u00f3n social, el mejoramiento de la calidad de vida en las \u00e1reas de asistencia, promoci\u00f3n, educaci\u00f3n, salud, vivienda, organizaci\u00f3n y capacitaci\u00f3n. Entre sus funciones se encuentra realizar visitas domiciliarias a pacientes identificados por el \u00e1rea m\u00e9dica como inasistentes, cambio de residencia, fallecimiento u otra causa que lo amerite; elaborar estudio socioecon\u00f3mico y registrar en formatos espec\u00edficos; gestionar apoyos como: leche maternizada, despensas, pasajes, entre otros, ante la Presidencia Municipal, DIF Municipal, ONG\u00b4s u otras instancias para apoyar algunas necesidades de los usuarios que as\u00ed lo requieran; ejecutar proyectos de educaci\u00f3n dirigidos a la comunidad en general, mantener actitud de respeto hacia las PVVS; entre otras.\t\t\t\t<\/p>\n","protected":false},"excerpt":{"rendered":"<p>Esta \u00e1rea tiene como objetivo participar en la soluci\u00f3n de problemas de la realidad social de las personas con VIH\/Sida e ITS, por medio de la reflexi\u00f3n y participaci\u00f3n social, el mejoramiento de la calidad de vida en las \u00e1reas de asistencia, promoci\u00f3n, educaci\u00f3n, salud, vivienda, organizaci\u00f3n y capacitaci\u00f3n. Entre sus funciones se encuentra realizar [&hellip;]<\/p>\n","protected":false},"author":1,"featured_media":0,"parent":0,"menu_order":0,"comment_status":"closed","ping_status":"closed","template":"","meta":{"episode_type":"","audio_file":"","podmotor_file_id":"","podmotor_episode_id":"","cover_image":"","cover_image_id":"","duration":"","filesize":"","filesize_raw":"","date_recorded":"","explicit":"","block":"","footnotes":""},"categories":[],"tags":[],"class_list":["post-457","page","type-page","status-publish","hentry"],"acf":[],"publishpress_future_action":{"enabled":false,"date":"2026-05-12 15:07:15","action":"change-status","newStatus":"draft","terms":[],"taxonomy":"category","extraData":[]},"publishpress_future_workflow_manual_trigger":{"enabledWorkflows":[]},"_links":{"self":[{"href":"https:\/\/www.oaxaca.gob.mx\/coesida\/wp-json\/wp\/v2\/pages\/457","targetHints":{"allow":["GET"]}}],"collection":[{"href":"https:\/\/www.oaxaca.gob.mx\/coesida\/wp-json\/wp\/v2\/pages"}],"about":[{"href":"https:\/\/www.oaxaca.gob.mx\/coesida\/wp-json\/wp\/v2\/types\/page"}],"author":[{"embeddable":true,"href":"https:\/\/www.oaxaca.gob.mx\/coesida\/wp-json\/wp\/v2\/users\/1"}],"replies":[{"embeddable":true,"href":"https:\/\/www.oaxaca.gob.mx\/coesida\/wp-json\/wp\/v2\/comments?post=457"}],"version-history":[{"count":0,"href":"https:\/\/www.oaxaca.gob.mx\/coesida\/wp-json\/wp\/v2\/pages\/457\/revisions"}],"wp:attachment":[{"href":"https:\/\/www.oaxaca.gob.mx\/coesida\/wp-json\/wp\/v2\/media?parent=457"}],"wp:term":[{"taxonomy":"category","embeddable":true,"href":"https:\/\/www.oaxaca.gob.mx\/coesida\/wp-json\/wp\/v2\/categories?post=457"},{"taxonomy":"post_tag","embeddable":true,"href":"https:\/\/www.oaxaca.gob.mx\/coesida\/wp-json\/wp\/v2\/tags?post=457"}],"curies":[{"name":"wp","href":"https:\/\/api.w.org\/{rel}","templated":true}]}}