{"id":453,"date":"2015-09-18T09:15:14","date_gmt":"2015-09-18T15:15:14","guid":{"rendered":"https:\/\/www.oaxaca.gob.mx\/coesida\/?page_id=453"},"modified":"2015-09-18T09:15:14","modified_gmt":"2015-09-18T15:15:14","slug":"area-de-enfermeria","status":"publish","type":"page","link":"https:\/\/www.oaxaca.gob.mx\/coesida\/area-de-enfermeria\/","title":{"rendered":"Objetivo"},"content":{"rendered":"<p>\t\t\t\tEsta \u00e1rea tiene como objetivo constituir una estructura de apoyo para la atenci\u00f3n integral de las personas con VIH\/Sida e ITS, identificando las necesidades del usuario para el establecimiento de planes de cuidado individual, familiar o comunitario y actuar en consecuencia en un \u00e1mbito de respeto a la diversidad sexual. Entre sus funciones se encuentra el realizar la toma de signos vitales, registrar y entregar al m\u00e9dico tratante; solicitar expedientes al archivo cl\u00ednico para entregar al m\u00e9dico tratante para el registro de notas; integrar los expedientes cl\u00ednicos y entregarlos al final de la jornada laboral para su resguardo; brindar atenci\u00f3n y trato amable con respeto a los derechos humanos de las PVVS; esterilizar correctamente el material e instrumental utilizado en la atenci\u00f3n m\u00e9dica; realizar acciones educativas en coordinaci\u00f3n con el \u00e1rea de trabajo social y psicolog\u00eda; entre otras.\t\t\t\t<\/p>\n","protected":false},"excerpt":{"rendered":"<p>Esta \u00e1rea tiene como objetivo constituir una estructura de apoyo para la atenci\u00f3n integral de las personas con VIH\/Sida e ITS, identificando las necesidades del usuario para el establecimiento de planes de cuidado individual, familiar o comunitario y actuar en consecuencia en un \u00e1mbito de respeto a la diversidad sexual. Entre sus funciones se encuentra [&hellip;]<\/p>\n","protected":false},"author":1,"featured_media":0,"parent":0,"menu_order":0,"comment_status":"closed","ping_status":"closed","template":"","meta":{"episode_type":"","audio_file":"","podmotor_file_id":"","podmotor_episode_id":"","cover_image":"","cover_image_id":"","duration":"","filesize":"","filesize_raw":"","date_recorded":"","explicit":"","block":"","footnotes":""},"categories":[],"tags":[],"class_list":["post-453","page","type-page","status-publish","hentry"],"acf":[],"publishpress_future_action":{"enabled":false,"date":"2026-05-12 15:07:15","action":"change-status","newStatus":"draft","terms":[],"taxonomy":"category","extraData":[]},"publishpress_future_workflow_manual_trigger":{"enabledWorkflows":[]},"_links":{"self":[{"href":"https:\/\/www.oaxaca.gob.mx\/coesida\/wp-json\/wp\/v2\/pages\/453","targetHints":{"allow":["GET"]}}],"collection":[{"href":"https:\/\/www.oaxaca.gob.mx\/coesida\/wp-json\/wp\/v2\/pages"}],"about":[{"href":"https:\/\/www.oaxaca.gob.mx\/coesida\/wp-json\/wp\/v2\/types\/page"}],"author":[{"embeddable":true,"href":"https:\/\/www.oaxaca.gob.mx\/coesida\/wp-json\/wp\/v2\/users\/1"}],"replies":[{"embeddable":true,"href":"https:\/\/www.oaxaca.gob.mx\/coesida\/wp-json\/wp\/v2\/comments?post=453"}],"version-history":[{"count":0,"href":"https:\/\/www.oaxaca.gob.mx\/coesida\/wp-json\/wp\/v2\/pages\/453\/revisions"}],"wp:attachment":[{"href":"https:\/\/www.oaxaca.gob.mx\/coesida\/wp-json\/wp\/v2\/media?parent=453"}],"wp:term":[{"taxonomy":"category","embeddable":true,"href":"https:\/\/www.oaxaca.gob.mx\/coesida\/wp-json\/wp\/v2\/categories?post=453"},{"taxonomy":"post_tag","embeddable":true,"href":"https:\/\/www.oaxaca.gob.mx\/coesida\/wp-json\/wp\/v2\/tags?post=453"}],"curies":[{"name":"wp","href":"https:\/\/api.w.org\/{rel}","templated":true}]}}