{"id":444,"date":"2015-09-18T09:07:56","date_gmt":"2015-09-18T15:07:56","guid":{"rendered":"https:\/\/www.oaxaca.gob.mx\/coesida\/?page_id=444"},"modified":"2015-09-18T09:07:56","modified_gmt":"2015-09-18T15:07:56","slug":"odontologia-2","status":"publish","type":"page","link":"https:\/\/www.oaxaca.gob.mx\/coesida\/odontologia-2\/","title":{"rendered":"Objetivo"},"content":{"rendered":"<p>\t\t\t\tLa necesidad del control de las infecciones, normas de higiene y bioseguridad en usuarios con VIH\/Sida adquiere una mayor relevancia debido a la inmunosupresi\u00f3n que frecuentemente se asocia con una variedad de infecciones oportunistas, enfermedades inmunol\u00f3gicas y malignidad, las cuales, podr\u00edan ocurrir en la cavidad bucal. La infecci\u00f3n oportunista m\u00e1s com\u00fan es la candidiasis oral (el afta), las lesiones orales virales tambi\u00e9n son de alguna forma comunes en su manifestaci\u00f3n, as\u00ed mismo, la enfermedad periodontal y gingival asociada con el VIH es una frecuente complicaci\u00f3n que requiere de una consulta intensiva y de una atenci\u00f3n en la casa para el control. Los signos y s\u00edntomas orales pudieran ser los indicadores iniciales que conducen a la sospecha de una infecci\u00f3n del VIH y peri\u00f3dicamente, podr\u00edan ser la fuente de manifestaciones importantes durante el curso de la misma; un aumento en frecuencia y\/o la gravedad o los s\u00edntomas y signos orales pudieran se\u00f1alar una aceleraci\u00f3n de la incompetencia inmune, por lo que el odont\u00f3logo adquiere una responsabilidad creciente en su identificaci\u00f3n.\t\t\t\t<\/p>\n","protected":false},"excerpt":{"rendered":"<p>La necesidad del control de las infecciones, normas de higiene y bioseguridad en usuarios con VIH\/Sida adquiere una mayor relevancia debido a la inmunosupresi\u00f3n que frecuentemente se asocia con una variedad de infecciones oportunistas, enfermedades inmunol\u00f3gicas y malignidad, las cuales, podr\u00edan ocurrir en la cavidad bucal. La infecci\u00f3n oportunista m\u00e1s com\u00fan es la candidiasis oral [&hellip;]<\/p>\n","protected":false},"author":1,"featured_media":0,"parent":0,"menu_order":0,"comment_status":"closed","ping_status":"closed","template":"","meta":{"episode_type":"","audio_file":"","podmotor_file_id":"","podmotor_episode_id":"","cover_image":"","cover_image_id":"","duration":"","filesize":"","filesize_raw":"","date_recorded":"","explicit":"","block":"","footnotes":""},"categories":[],"tags":[],"class_list":["post-444","page","type-page","status-publish","hentry"],"acf":[],"publishpress_future_action":{"enabled":false,"date":"2026-05-12 15:09:23","action":"change-status","newStatus":"draft","terms":[],"taxonomy":"category","extraData":[]},"publishpress_future_workflow_manual_trigger":{"enabledWorkflows":[]},"_links":{"self":[{"href":"https:\/\/www.oaxaca.gob.mx\/coesida\/wp-json\/wp\/v2\/pages\/444","targetHints":{"allow":["GET"]}}],"collection":[{"href":"https:\/\/www.oaxaca.gob.mx\/coesida\/wp-json\/wp\/v2\/pages"}],"about":[{"href":"https:\/\/www.oaxaca.gob.mx\/coesida\/wp-json\/wp\/v2\/types\/page"}],"author":[{"embeddable":true,"href":"https:\/\/www.oaxaca.gob.mx\/coesida\/wp-json\/wp\/v2\/users\/1"}],"replies":[{"embeddable":true,"href":"https:\/\/www.oaxaca.gob.mx\/coesida\/wp-json\/wp\/v2\/comments?post=444"}],"version-history":[{"count":0,"href":"https:\/\/www.oaxaca.gob.mx\/coesida\/wp-json\/wp\/v2\/pages\/444\/revisions"}],"wp:attachment":[{"href":"https:\/\/www.oaxaca.gob.mx\/coesida\/wp-json\/wp\/v2\/media?parent=444"}],"wp:term":[{"taxonomy":"category","embeddable":true,"href":"https:\/\/www.oaxaca.gob.mx\/coesida\/wp-json\/wp\/v2\/categories?post=444"},{"taxonomy":"post_tag","embeddable":true,"href":"https:\/\/www.oaxaca.gob.mx\/coesida\/wp-json\/wp\/v2\/tags?post=444"}],"curies":[{"name":"wp","href":"https:\/\/api.w.org\/{rel}","templated":true}]}}