{"id":440,"date":"2015-09-18T08:52:37","date_gmt":"2015-09-18T14:52:37","guid":{"rendered":"https:\/\/www.oaxaca.gob.mx\/coesida\/?page_id=440"},"modified":"2015-09-18T08:52:37","modified_gmt":"2015-09-18T14:52:37","slug":"area-de-psicologia","status":"publish","type":"page","link":"https:\/\/www.oaxaca.gob.mx\/coesida\/area-de-psicologia\/","title":{"rendered":"Objetivo"},"content":{"rendered":"<p>\t\t\t\tEsta \u00e1rea tiene como objetivo prevenir, diagnosticar y tratar trastornos conductuales que pueda sufrir una persona con diagn\u00f3stico probable o confirmado de VIH\/Sida e ITS, constituy\u00e9ndose en un apoyo para el manejo integral de estos pacientes adem\u00e1s de su familia y de la comunidad en general. Entre sus funciones se encuentra elaborar la historia cl\u00ednica psicol\u00f3gica y registrar en el expediente cl\u00ednico las notas cl\u00ednicas psicol\u00f3gicas de evoluci\u00f3n; identificar la situaci\u00f3n del paciente en el proceso y valorar la necesidad de intervenci\u00f3n de alguna especialidad; impulsar la integraci\u00f3n de grupos de autoayuda, evitando se prolonguen por m\u00e1s de seis meses para evitar su dependencia; proporcionar consejer\u00eda e informaci\u00f3n al paciente diagnosticado, y a los familiares del mismo cuando as\u00ed se solicite e identificar factores de riesgo promoviendo la adopci\u00f3n de medidas de prevenci\u00f3n y protecci\u00f3n; otorgar consejer\u00eda pre y post prueba de VIH, previa requisici\u00f3n y firma de consentimiento informado; entre otras.\t\t\t\t<\/p>\n","protected":false},"excerpt":{"rendered":"<p>Esta \u00e1rea tiene como objetivo prevenir, diagnosticar y tratar trastornos conductuales que pueda sufrir una persona con diagn\u00f3stico probable o confirmado de VIH\/Sida e ITS, constituy\u00e9ndose en un apoyo para el manejo integral de estos pacientes adem\u00e1s de su familia y de la comunidad en general. Entre sus funciones se encuentra elaborar la historia cl\u00ednica [&hellip;]<\/p>\n","protected":false},"author":1,"featured_media":0,"parent":0,"menu_order":0,"comment_status":"closed","ping_status":"closed","template":"","meta":{"episode_type":"","audio_file":"","podmotor_file_id":"","podmotor_episode_id":"","cover_image":"","cover_image_id":"","duration":"","filesize":"","filesize_raw":"","date_recorded":"","explicit":"","block":"","footnotes":""},"categories":[],"tags":[],"class_list":["post-440","page","type-page","status-publish","hentry"],"acf":[],"publishpress_future_action":{"enabled":false,"date":"2026-05-12 13:39:13","action":"change-status","newStatus":"draft","terms":[],"taxonomy":"category","extraData":[]},"publishpress_future_workflow_manual_trigger":{"enabledWorkflows":[]},"_links":{"self":[{"href":"https:\/\/www.oaxaca.gob.mx\/coesida\/wp-json\/wp\/v2\/pages\/440","targetHints":{"allow":["GET"]}}],"collection":[{"href":"https:\/\/www.oaxaca.gob.mx\/coesida\/wp-json\/wp\/v2\/pages"}],"about":[{"href":"https:\/\/www.oaxaca.gob.mx\/coesida\/wp-json\/wp\/v2\/types\/page"}],"author":[{"embeddable":true,"href":"https:\/\/www.oaxaca.gob.mx\/coesida\/wp-json\/wp\/v2\/users\/1"}],"replies":[{"embeddable":true,"href":"https:\/\/www.oaxaca.gob.mx\/coesida\/wp-json\/wp\/v2\/comments?post=440"}],"version-history":[{"count":0,"href":"https:\/\/www.oaxaca.gob.mx\/coesida\/wp-json\/wp\/v2\/pages\/440\/revisions"}],"wp:attachment":[{"href":"https:\/\/www.oaxaca.gob.mx\/coesida\/wp-json\/wp\/v2\/media?parent=440"}],"wp:term":[{"taxonomy":"category","embeddable":true,"href":"https:\/\/www.oaxaca.gob.mx\/coesida\/wp-json\/wp\/v2\/categories?post=440"},{"taxonomy":"post_tag","embeddable":true,"href":"https:\/\/www.oaxaca.gob.mx\/coesida\/wp-json\/wp\/v2\/tags?post=440"}],"curies":[{"name":"wp","href":"https:\/\/api.w.org\/{rel}","templated":true}]}}