{"id":436,"date":"2015-09-18T08:51:06","date_gmt":"2015-09-18T14:51:06","guid":{"rendered":"https:\/\/www.oaxaca.gob.mx\/coesida\/?page_id=436"},"modified":"2015-09-18T08:51:06","modified_gmt":"2015-09-18T14:51:06","slug":"estadistica-2","status":"publish","type":"page","link":"https:\/\/www.oaxaca.gob.mx\/coesida\/estadistica-2\/","title":{"rendered":"Objetivo"},"content":{"rendered":"<p>\t\t\t\tEsta \u00c1rea tiene como objetivo recabar, procesar, concentrar y enviar los informes de actividades del CAPASITS: primarios, intermedios y finales con una periodicidad mensual. Entre sus funciones se encuentra participar en el sistema de vigilancia epidemiol\u00f3gica y en las evaluaciones de los alcances del programa de actividades en forma mensual, trimestral, semestral y anual; validar en forma conjunta con el responsable del CAPASITS toda informaci\u00f3n emitida en los sistemas establecidos; recabar informaci\u00f3n necesaria para establecer el sistema de vigilancia epidemiol\u00f3gica que se requiera; informar oportunamente de inconsistencias detectadas para su correci\u00f3n evitando sub y sobre registros; entre otras.\t\t\t\t<\/p>\n","protected":false},"excerpt":{"rendered":"<p>Esta \u00c1rea tiene como objetivo recabar, procesar, concentrar y enviar los informes de actividades del CAPASITS: primarios, intermedios y finales con una periodicidad mensual. Entre sus funciones se encuentra participar en el sistema de vigilancia epidemiol\u00f3gica y en las evaluaciones de los alcances del programa de actividades en forma mensual, trimestral, semestral y anual; validar [&hellip;]<\/p>\n","protected":false},"author":1,"featured_media":0,"parent":0,"menu_order":0,"comment_status":"closed","ping_status":"closed","template":"","meta":{"episode_type":"","audio_file":"","podmotor_file_id":"","podmotor_episode_id":"","cover_image":"","cover_image_id":"","duration":"","filesize":"","filesize_raw":"","date_recorded":"","explicit":"","block":"","footnotes":""},"categories":[],"tags":[],"class_list":["post-436","page","type-page","status-publish","hentry"],"acf":[],"publishpress_future_action":{"enabled":false,"date":"2026-05-12 13:39:52","action":"change-status","newStatus":"draft","terms":[],"taxonomy":"category","extraData":[]},"publishpress_future_workflow_manual_trigger":{"enabledWorkflows":[]},"_links":{"self":[{"href":"https:\/\/www.oaxaca.gob.mx\/coesida\/wp-json\/wp\/v2\/pages\/436","targetHints":{"allow":["GET"]}}],"collection":[{"href":"https:\/\/www.oaxaca.gob.mx\/coesida\/wp-json\/wp\/v2\/pages"}],"about":[{"href":"https:\/\/www.oaxaca.gob.mx\/coesida\/wp-json\/wp\/v2\/types\/page"}],"author":[{"embeddable":true,"href":"https:\/\/www.oaxaca.gob.mx\/coesida\/wp-json\/wp\/v2\/users\/1"}],"replies":[{"embeddable":true,"href":"https:\/\/www.oaxaca.gob.mx\/coesida\/wp-json\/wp\/v2\/comments?post=436"}],"version-history":[{"count":0,"href":"https:\/\/www.oaxaca.gob.mx\/coesida\/wp-json\/wp\/v2\/pages\/436\/revisions"}],"wp:attachment":[{"href":"https:\/\/www.oaxaca.gob.mx\/coesida\/wp-json\/wp\/v2\/media?parent=436"}],"wp:term":[{"taxonomy":"category","embeddable":true,"href":"https:\/\/www.oaxaca.gob.mx\/coesida\/wp-json\/wp\/v2\/categories?post=436"},{"taxonomy":"post_tag","embeddable":true,"href":"https:\/\/www.oaxaca.gob.mx\/coesida\/wp-json\/wp\/v2\/tags?post=436"}],"curies":[{"name":"wp","href":"https:\/\/api.w.org\/{rel}","templated":true}]}}