{"id":432,"date":"2015-09-18T08:49:17","date_gmt":"2015-09-18T14:49:17","guid":{"rendered":"https:\/\/www.oaxaca.gob.mx\/coesida\/?page_id=432"},"modified":"2015-09-18T08:49:17","modified_gmt":"2015-09-18T14:49:17","slug":"archivo-clinico","status":"publish","type":"page","link":"https:\/\/www.oaxaca.gob.mx\/coesida\/archivo-clinico\/","title":{"rendered":"Objetivo"},"content":{"rendered":"<p>\t\t\t\tEsta \u00c1rea tiene como objetivo resguardar, mantener clasificados, organizados y en buen estado los expedientes cl\u00ednicos de los usuarios del CAPASITS, respetando la confidencialidad de los datos que contienen por medio de sistemas de tratamiento y control para el uso adecuado por el personal autorizado que lo solicita. Entre sus funciones se encuentra llevar el control del archivo cl\u00ednico con absoluta confidencialidad y respeto; resguardar y entregar al personal autorizado los expedientes cl\u00ednicos para el registro de notas cl\u00ednicas; mantener organizados los expedientes cl\u00ednicos en los anaqueles del archivo activo y en almac\u00e9n de archivo hist\u00f3rico; establecer los mecanismos de control estrictos de entradas y salidas del archivo de los expedientes cl\u00ednicos, electr\u00f3nicos e impresos; entre otras.\t\t\t\t<\/p>\n","protected":false},"excerpt":{"rendered":"<p>Esta \u00c1rea tiene como objetivo resguardar, mantener clasificados, organizados y en buen estado los expedientes cl\u00ednicos de los usuarios del CAPASITS, respetando la confidencialidad de los datos que contienen por medio de sistemas de tratamiento y control para el uso adecuado por el personal autorizado que lo solicita. Entre sus funciones se encuentra llevar el [&hellip;]<\/p>\n","protected":false},"author":1,"featured_media":0,"parent":0,"menu_order":0,"comment_status":"closed","ping_status":"closed","template":"","meta":{"episode_type":"","audio_file":"","podmotor_file_id":"","podmotor_episode_id":"","cover_image":"","cover_image_id":"","duration":"","filesize":"","filesize_raw":"","date_recorded":"","explicit":"","block":"","footnotes":""},"categories":[],"tags":[],"class_list":["post-432","page","type-page","status-publish","hentry"],"acf":[],"publishpress_future_action":{"enabled":false,"date":"2026-05-12 15:15:18","action":"change-status","newStatus":"draft","terms":[],"taxonomy":"category","extraData":[]},"publishpress_future_workflow_manual_trigger":{"enabledWorkflows":[]},"_links":{"self":[{"href":"https:\/\/www.oaxaca.gob.mx\/coesida\/wp-json\/wp\/v2\/pages\/432","targetHints":{"allow":["GET"]}}],"collection":[{"href":"https:\/\/www.oaxaca.gob.mx\/coesida\/wp-json\/wp\/v2\/pages"}],"about":[{"href":"https:\/\/www.oaxaca.gob.mx\/coesida\/wp-json\/wp\/v2\/types\/page"}],"author":[{"embeddable":true,"href":"https:\/\/www.oaxaca.gob.mx\/coesida\/wp-json\/wp\/v2\/users\/1"}],"replies":[{"embeddable":true,"href":"https:\/\/www.oaxaca.gob.mx\/coesida\/wp-json\/wp\/v2\/comments?post=432"}],"version-history":[{"count":0,"href":"https:\/\/www.oaxaca.gob.mx\/coesida\/wp-json\/wp\/v2\/pages\/432\/revisions"}],"wp:attachment":[{"href":"https:\/\/www.oaxaca.gob.mx\/coesida\/wp-json\/wp\/v2\/media?parent=432"}],"wp:term":[{"taxonomy":"category","embeddable":true,"href":"https:\/\/www.oaxaca.gob.mx\/coesida\/wp-json\/wp\/v2\/categories?post=432"},{"taxonomy":"post_tag","embeddable":true,"href":"https:\/\/www.oaxaca.gob.mx\/coesida\/wp-json\/wp\/v2\/tags?post=432"}],"curies":[{"name":"wp","href":"https:\/\/api.w.org\/{rel}","templated":true}]}}