{"id":429,"date":"2015-09-18T08:46:59","date_gmt":"2015-09-18T14:46:59","guid":{"rendered":"https:\/\/www.oaxaca.gob.mx\/coesida\/?page_id=429"},"modified":"2015-09-18T08:46:59","modified_gmt":"2015-09-18T14:46:59","slug":"farmacia-2","status":"publish","type":"page","link":"https:\/\/www.oaxaca.gob.mx\/coesida\/farmacia-2\/","title":{"rendered":"Objetivo"},"content":{"rendered":"<p>\t\t\t\tTiene como objetivo participar de manera eficaz con el equipo del CAPASITS en la atenci\u00f3n de las personas que viven con VIH\/Sida e ITS, mediante la organizaci\u00f3n de la farmacia, el cumplimiento de los procedimientos y el control de existencias de medicamentos. Entre sus funciones se encuentra entregar el medicamento indicado por el \u00e1rea m\u00e9dica (incluye antirretrovirales y medicamentos del CAUSES y cuadro b\u00e1sico de los SSO) y solicitar la firma del usuario en el formato espec\u00edfico cuando se hace la entrega; controlar los medicamentos en general con \u00e9nfasis en los antirretrovirales, adem\u00e1s de entregar y controlar material de curaci\u00f3n para los usuarios internos; mantener actualizado el registro de medicamentos, su existencia, entradas, salidas, caducos, medicamentos de nulo movimiento y faltantes, e informar a la coordinaci\u00f3n del CAPASITS; entre otras.\t\t\t\t<\/p>\n","protected":false},"excerpt":{"rendered":"<p>Tiene como objetivo participar de manera eficaz con el equipo del CAPASITS en la atenci\u00f3n de las personas que viven con VIH\/Sida e ITS, mediante la organizaci\u00f3n de la farmacia, el cumplimiento de los procedimientos y el control de existencias de medicamentos. Entre sus funciones se encuentra entregar el medicamento indicado por el \u00e1rea m\u00e9dica [&hellip;]<\/p>\n","protected":false},"author":1,"featured_media":0,"parent":0,"menu_order":0,"comment_status":"closed","ping_status":"closed","template":"","meta":{"episode_type":"","audio_file":"","podmotor_file_id":"","podmotor_episode_id":"","cover_image":"","cover_image_id":"","duration":"","filesize":"","filesize_raw":"","date_recorded":"","explicit":"","block":"","footnotes":""},"categories":[],"tags":[],"class_list":["post-429","page","type-page","status-publish","hentry"],"acf":[],"publishpress_future_action":{"enabled":false,"date":"2026-05-14 02:22:18","action":"change-status","newStatus":"draft","terms":[],"taxonomy":"category","extraData":[]},"publishpress_future_workflow_manual_trigger":{"enabledWorkflows":[]},"_links":{"self":[{"href":"https:\/\/www.oaxaca.gob.mx\/coesida\/wp-json\/wp\/v2\/pages\/429","targetHints":{"allow":["GET"]}}],"collection":[{"href":"https:\/\/www.oaxaca.gob.mx\/coesida\/wp-json\/wp\/v2\/pages"}],"about":[{"href":"https:\/\/www.oaxaca.gob.mx\/coesida\/wp-json\/wp\/v2\/types\/page"}],"author":[{"embeddable":true,"href":"https:\/\/www.oaxaca.gob.mx\/coesida\/wp-json\/wp\/v2\/users\/1"}],"replies":[{"embeddable":true,"href":"https:\/\/www.oaxaca.gob.mx\/coesida\/wp-json\/wp\/v2\/comments?post=429"}],"version-history":[{"count":0,"href":"https:\/\/www.oaxaca.gob.mx\/coesida\/wp-json\/wp\/v2\/pages\/429\/revisions"}],"wp:attachment":[{"href":"https:\/\/www.oaxaca.gob.mx\/coesida\/wp-json\/wp\/v2\/media?parent=429"}],"wp:term":[{"taxonomy":"category","embeddable":true,"href":"https:\/\/www.oaxaca.gob.mx\/coesida\/wp-json\/wp\/v2\/categories?post=429"},{"taxonomy":"post_tag","embeddable":true,"href":"https:\/\/www.oaxaca.gob.mx\/coesida\/wp-json\/wp\/v2\/tags?post=429"}],"curies":[{"name":"wp","href":"https:\/\/api.w.org\/{rel}","templated":true}]}}