{"id":424,"date":"2015-09-18T08:43:47","date_gmt":"2015-09-18T14:43:47","guid":{"rendered":"https:\/\/www.oaxaca.gob.mx\/coesida\/?page_id=424"},"modified":"2015-09-18T08:43:47","modified_gmt":"2015-09-18T14:43:47","slug":"coordinacion-del-capasits","status":"publish","type":"page","link":"https:\/\/www.oaxaca.gob.mx\/coesida\/coordinacion-del-capasits\/","title":{"rendered":"Objetivo"},"content":{"rendered":"<p>\t\t\t\tLa Coordinadora del CAPASITS tiene como objetivo supervisar y vigilar servicios de atenci\u00f3n integral proporcionados a la poblaci\u00f3n afectada con VIH\/Sida o ITS, que incluyan acceso a la informaci\u00f3n, prevenci\u00f3n, consejer\u00eda, detecci\u00f3n oportuna, tratamiento y seguimiento con el fin de contener la diseminaci\u00f3n de la epidemia, favorecer la sobrevida de los pacientes, mejorar su calidad de vida y disminuir las necesidades de hospitalizaci\u00f3n y atenci\u00f3n de urgencias.<\/p>\n<p>Anteriormente denominado Servicio de Atenci\u00f3n Integral (SAI), el Centro Ambulatorio para la Prevenci\u00f3n y Atenci\u00f3n del Sida e Infecciones de Transmisi\u00f3n Sexual (CAPASITS) es la instancia donde las personas que viven con VIH o Sida y sin seguridad social afiliadas al Seguro Popular, encuentran un equipo multidisciplinario, responsable y capacitado, que le brinda una atenci\u00f3n ambulatoria, integral, humanitaria, de calidad y calidez, para prevenir y controlar la infecci\u00f3n por el VIH e ITS.<\/p>\n<p>Proporciona los siguientes servicios:<\/p>\n<p><strong>\u00c1rea de Atenci\u00f3n M\u00e9dica:<\/strong><\/p>\n<ul>\n<li>Medicina General<\/li>\n<li>Medicina Especializada:<\/li>\n<\/ul>\n<p>&#8211; Dermatolog\u00eda<\/p>\n<p>&#8211; Ginecolog\u00eda<\/p>\n<p>&#8211; Infectolog\u00eda<\/p>\n<p>&#8211; Medicina Interna<\/p>\n<p>&#8211; Medicina Integrada<\/p>\n<p>&#8211; Pediatr\u00eda<\/p>\n<ul>\n<li>Epidemiolog\u00eda<\/li>\n<\/ul>\n<p style=\"line-height: 1.5\"><strong>Auxiliares de diagn\u00f3stico:<\/strong><\/p>\n<ul>\n<li style=\"line-height: 1.5\">Laboratorio Cl\u00ednico y de Biolog\u00eda Molecular<\/li>\n<\/ul>\n<p><strong>\u00c1rea Param\u00e9dica:<\/strong><\/p>\n<ul>\n<li>Psicolog\u00eda<\/li>\n<li>Odontolog\u00eda<\/li>\n<li>Nutrici\u00f3n<\/li>\n<li>Enfermer\u00eda<\/li>\n<li>Trabajo Social<\/li>\n<\/ul>\n<p><strong>Servicios generales:<\/strong><\/p>\n<ul>\n<li>Farmacia, Archivo y Estad\u00edstica<\/li>\n<\/ul>\n","protected":false},"excerpt":{"rendered":"<p>La Coordinadora del CAPASITS tiene como objetivo supervisar y vigilar servicios de atenci\u00f3n integral proporcionados a la poblaci\u00f3n afectada con VIH\/Sida o ITS, que incluyan acceso a la informaci\u00f3n, prevenci\u00f3n, consejer\u00eda, detecci\u00f3n oportuna, tratamiento y seguimiento con el fin de contener la diseminaci\u00f3n de la epidemia, favorecer la sobrevida de los pacientes, mejorar su calidad [&hellip;]<\/p>\n","protected":false},"author":1,"featured_media":0,"parent":0,"menu_order":0,"comment_status":"closed","ping_status":"closed","template":"","meta":{"episode_type":"","audio_file":"","podmotor_file_id":"","podmotor_episode_id":"","cover_image":"","cover_image_id":"","duration":"","filesize":"","filesize_raw":"","date_recorded":"","explicit":"","block":"","footnotes":""},"categories":[],"tags":[],"class_list":["post-424","page","type-page","status-publish","hentry"],"acf":[],"publishpress_future_action":{"enabled":false,"date":"2026-05-12 13:38:02","action":"change-status","newStatus":"draft","terms":[],"taxonomy":"category","extraData":[]},"publishpress_future_workflow_manual_trigger":{"enabledWorkflows":[]},"_links":{"self":[{"href":"https:\/\/www.oaxaca.gob.mx\/coesida\/wp-json\/wp\/v2\/pages\/424","targetHints":{"allow":["GET"]}}],"collection":[{"href":"https:\/\/www.oaxaca.gob.mx\/coesida\/wp-json\/wp\/v2\/pages"}],"about":[{"href":"https:\/\/www.oaxaca.gob.mx\/coesida\/wp-json\/wp\/v2\/types\/page"}],"author":[{"embeddable":true,"href":"https:\/\/www.oaxaca.gob.mx\/coesida\/wp-json\/wp\/v2\/users\/1"}],"replies":[{"embeddable":true,"href":"https:\/\/www.oaxaca.gob.mx\/coesida\/wp-json\/wp\/v2\/comments?post=424"}],"version-history":[{"count":0,"href":"https:\/\/www.oaxaca.gob.mx\/coesida\/wp-json\/wp\/v2\/pages\/424\/revisions"}],"wp:attachment":[{"href":"https:\/\/www.oaxaca.gob.mx\/coesida\/wp-json\/wp\/v2\/media?parent=424"}],"wp:term":[{"taxonomy":"category","embeddable":true,"href":"https:\/\/www.oaxaca.gob.mx\/coesida\/wp-json\/wp\/v2\/categories?post=424"},{"taxonomy":"post_tag","embeddable":true,"href":"https:\/\/www.oaxaca.gob.mx\/coesida\/wp-json\/wp\/v2\/tags?post=424"}],"curies":[{"name":"wp","href":"https:\/\/api.w.org\/{rel}","templated":true}]}}