{"id":416,"date":"2015-09-18T08:37:33","date_gmt":"2015-09-18T14:37:33","guid":{"rendered":"https:\/\/www.oaxaca.gob.mx\/coesida\/?page_id=416"},"modified":"2015-09-18T08:37:33","modified_gmt":"2015-09-18T14:37:33","slug":"departamento-de-capacitacion","status":"publish","type":"page","link":"https:\/\/www.oaxaca.gob.mx\/coesida\/departamento-de-capacitacion\/","title":{"rendered":"Objetivo"},"content":{"rendered":"<p>\t\t\t\tEl Departamento de Capacitaci\u00f3n tiene como objetivo el hacer llegar a todos los sectores de la poblaci\u00f3n, el mensaje de prevenci\u00f3n del VIH\/Sida e ITS, ejecutando programas de ense\u00f1anza, sensibilizaci\u00f3n y capacitaci\u00f3n, con la finalidad de lograr una cultura de educaci\u00f3n en la Sexualidad. A fin de cumplir con el citado objetivo se apoya en los siguientes programas de capacitaci\u00f3n: J\u00f3venes, UniverSida, Poblaci\u00f3n m\u00f3vil y migrante, Mujer y Sida, VSV, Poblaci\u00f3n abierta y Actualizaci\u00f3n a trabajadores de la salud.\t\t\t\t<\/p>\n","protected":false},"excerpt":{"rendered":"<p>El Departamento de Capacitaci\u00f3n tiene como objetivo el hacer llegar a todos los sectores de la poblaci\u00f3n, el mensaje de prevenci\u00f3n del VIH\/Sida e ITS, ejecutando programas de ense\u00f1anza, sensibilizaci\u00f3n y capacitaci\u00f3n, con la finalidad de lograr una cultura de educaci\u00f3n en la Sexualidad. A fin de cumplir con el citado objetivo se apoya en [&hellip;]<\/p>\n","protected":false},"author":1,"featured_media":0,"parent":0,"menu_order":0,"comment_status":"closed","ping_status":"closed","template":"","meta":{"episode_type":"","audio_file":"","podmotor_file_id":"","podmotor_episode_id":"","cover_image":"","cover_image_id":"","duration":"","filesize":"","filesize_raw":"","date_recorded":"","explicit":"","block":"","footnotes":""},"categories":[],"tags":[],"class_list":["post-416","page","type-page","status-publish","hentry"],"acf":[],"publishpress_future_action":{"enabled":false,"date":"2026-05-12 15:07:03","action":"change-status","newStatus":"draft","terms":[],"taxonomy":"category","extraData":[]},"publishpress_future_workflow_manual_trigger":{"enabledWorkflows":[]},"_links":{"self":[{"href":"https:\/\/www.oaxaca.gob.mx\/coesida\/wp-json\/wp\/v2\/pages\/416","targetHints":{"allow":["GET"]}}],"collection":[{"href":"https:\/\/www.oaxaca.gob.mx\/coesida\/wp-json\/wp\/v2\/pages"}],"about":[{"href":"https:\/\/www.oaxaca.gob.mx\/coesida\/wp-json\/wp\/v2\/types\/page"}],"author":[{"embeddable":true,"href":"https:\/\/www.oaxaca.gob.mx\/coesida\/wp-json\/wp\/v2\/users\/1"}],"replies":[{"embeddable":true,"href":"https:\/\/www.oaxaca.gob.mx\/coesida\/wp-json\/wp\/v2\/comments?post=416"}],"version-history":[{"count":0,"href":"https:\/\/www.oaxaca.gob.mx\/coesida\/wp-json\/wp\/v2\/pages\/416\/revisions"}],"wp:attachment":[{"href":"https:\/\/www.oaxaca.gob.mx\/coesida\/wp-json\/wp\/v2\/media?parent=416"}],"wp:term":[{"taxonomy":"category","embeddable":true,"href":"https:\/\/www.oaxaca.gob.mx\/coesida\/wp-json\/wp\/v2\/categories?post=416"},{"taxonomy":"post_tag","embeddable":true,"href":"https:\/\/www.oaxaca.gob.mx\/coesida\/wp-json\/wp\/v2\/tags?post=416"}],"curies":[{"name":"wp","href":"https:\/\/api.w.org\/{rel}","templated":true}]}}