{"id":411,"date":"2015-09-18T08:16:24","date_gmt":"2015-09-18T14:16:24","guid":{"rendered":"https:\/\/www.oaxaca.gob.mx\/coesida\/?page_id=411"},"modified":"2015-09-18T08:16:24","modified_gmt":"2015-09-18T14:16:24","slug":"departamento-medico","status":"publish","type":"page","link":"https:\/\/www.oaxaca.gob.mx\/coesida\/departamento-medico\/","title":{"rendered":"Objetivo"},"content":{"rendered":"<p>\t\t\t\tEl Departamento M\u00e9dico tiene como objetivo organizar la prestaci\u00f3n de servicios de atenci\u00f3n m\u00e9dica, proponiendo estrategias de atenci\u00f3n integral con la finalidad de garantizar el servicio con calidad, calidez, equidad y eficiencia, propiciando una relaci\u00f3n confiable entre el prestador del servicio y las personas que viven con VIH\/Sida y no cuentan con seguridad social en el Estado de Oaxaca.\t\t\t\t<\/p>\n","protected":false},"excerpt":{"rendered":"<p>El Departamento M\u00e9dico tiene como objetivo organizar la prestaci\u00f3n de servicios de atenci\u00f3n m\u00e9dica, proponiendo estrategias de atenci\u00f3n integral con la finalidad de garantizar el servicio con calidad, calidez, equidad y eficiencia, propiciando una relaci\u00f3n confiable entre el prestador del servicio y las personas que viven con VIH\/Sida y no cuentan con seguridad social en [&hellip;]<\/p>\n","protected":false},"author":1,"featured_media":0,"parent":0,"menu_order":0,"comment_status":"closed","ping_status":"closed","template":"","meta":{"episode_type":"","audio_file":"","podmotor_file_id":"","podmotor_episode_id":"","cover_image":"","cover_image_id":"","duration":"","filesize":"","filesize_raw":"","date_recorded":"","explicit":"","block":"","footnotes":""},"categories":[],"tags":[],"class_list":["post-411","page","type-page","status-publish","hentry"],"acf":[],"publishpress_future_action":{"enabled":false,"date":"2026-05-12 12:09:01","action":"change-status","newStatus":"draft","terms":[],"taxonomy":"category","extraData":[]},"publishpress_future_workflow_manual_trigger":{"enabledWorkflows":[]},"_links":{"self":[{"href":"https:\/\/www.oaxaca.gob.mx\/coesida\/wp-json\/wp\/v2\/pages\/411","targetHints":{"allow":["GET"]}}],"collection":[{"href":"https:\/\/www.oaxaca.gob.mx\/coesida\/wp-json\/wp\/v2\/pages"}],"about":[{"href":"https:\/\/www.oaxaca.gob.mx\/coesida\/wp-json\/wp\/v2\/types\/page"}],"author":[{"embeddable":true,"href":"https:\/\/www.oaxaca.gob.mx\/coesida\/wp-json\/wp\/v2\/users\/1"}],"replies":[{"embeddable":true,"href":"https:\/\/www.oaxaca.gob.mx\/coesida\/wp-json\/wp\/v2\/comments?post=411"}],"version-history":[{"count":0,"href":"https:\/\/www.oaxaca.gob.mx\/coesida\/wp-json\/wp\/v2\/pages\/411\/revisions"}],"wp:attachment":[{"href":"https:\/\/www.oaxaca.gob.mx\/coesida\/wp-json\/wp\/v2\/media?parent=411"}],"wp:term":[{"taxonomy":"category","embeddable":true,"href":"https:\/\/www.oaxaca.gob.mx\/coesida\/wp-json\/wp\/v2\/categories?post=411"},{"taxonomy":"post_tag","embeddable":true,"href":"https:\/\/www.oaxaca.gob.mx\/coesida\/wp-json\/wp\/v2\/tags?post=411"}],"curies":[{"name":"wp","href":"https:\/\/api.w.org\/{rel}","templated":true}]}}