{"id":403,"date":"2015-09-18T08:08:33","date_gmt":"2015-09-18T14:08:33","guid":{"rendered":"https:\/\/www.oaxaca.gob.mx\/coesida\/?page_id=403"},"modified":"2015-09-18T08:08:33","modified_gmt":"2015-09-18T14:08:33","slug":"departamento-juridico","status":"publish","type":"page","link":"https:\/\/www.oaxaca.gob.mx\/coesida\/departamento-juridico\/","title":{"rendered":"Objetivo"},"content":{"rendered":"<p>\t\t\t\tEl Departamento Jur\u00eddico tiene el objetivo de proporcionar asesor\u00eda legal al personal del COESIDA-CAPASITS, as\u00ed como a las personas que la soliciten, realizando actos apegados a derecho en beneficio y defensa de sus intereses. Entre sus atribuciones se encuentran el brindar pl\u00e1ticas sobre los derechos humanos a las personas con VIH\/SIDA, a estudiantes de Medicina, personal de nuevo ingreso a la propia Instituci\u00f3n y poblaci\u00f3n abierta; realizar Convenios\/Contratos; convocar a reuniones, as\u00ed como aplicar la Ley de Transparencia. As\u00ed mismo, la titularidad de la Unidad de Enlace para el cumplimiento a las disposiciones que establece la Ley de Transparencia recaer\u00e1 en el Jefe del Departamento Jur\u00eddico, quien tendr\u00e1 que informar al Director General sobre los asuntos que tenga a su cargo derivados de la Ley de Transparencia; coordinar con las diversas \u00e1reas administrativas del COESIDA las acciones necesarias para obtener eficientemente la informaci\u00f3n y dar respuesta a las solicitudes ciudadanas conforme a lo que establece la Ley de Transparencia; verificar la personalidad de quienes soliciten acceso, rectificaci\u00f3n o cancelaci\u00f3n de sus datos que obren en el COESIDA; proponer los mecanismos necesarios para la custodia y conservaci\u00f3n de la informaci\u00f3n clasificada como reservada y confidencial, entre otras atribuciones.\t\t\t\t<\/p>\n","protected":false},"excerpt":{"rendered":"<p>El Departamento Jur\u00eddico tiene el objetivo de proporcionar asesor\u00eda legal al personal del COESIDA-CAPASITS, as\u00ed como a las personas que la soliciten, realizando actos apegados a derecho en beneficio y defensa de sus intereses. Entre sus atribuciones se encuentran el brindar pl\u00e1ticas sobre los derechos humanos a las personas con VIH\/SIDA, a estudiantes de Medicina, [&hellip;]<\/p>\n","protected":false},"author":1,"featured_media":0,"parent":0,"menu_order":0,"comment_status":"closed","ping_status":"closed","template":"","meta":{"episode_type":"","audio_file":"","podmotor_file_id":"","podmotor_episode_id":"","cover_image":"","cover_image_id":"","duration":"","filesize":"","filesize_raw":"","date_recorded":"","explicit":"","block":"","footnotes":""},"categories":[],"tags":[],"class_list":["post-403","page","type-page","status-publish","hentry"],"acf":[],"publishpress_future_action":{"enabled":false,"date":"2026-05-12 12:07:12","action":"change-status","newStatus":"draft","terms":[],"taxonomy":"category","extraData":[]},"publishpress_future_workflow_manual_trigger":{"enabledWorkflows":[]},"_links":{"self":[{"href":"https:\/\/www.oaxaca.gob.mx\/coesida\/wp-json\/wp\/v2\/pages\/403","targetHints":{"allow":["GET"]}}],"collection":[{"href":"https:\/\/www.oaxaca.gob.mx\/coesida\/wp-json\/wp\/v2\/pages"}],"about":[{"href":"https:\/\/www.oaxaca.gob.mx\/coesida\/wp-json\/wp\/v2\/types\/page"}],"author":[{"embeddable":true,"href":"https:\/\/www.oaxaca.gob.mx\/coesida\/wp-json\/wp\/v2\/users\/1"}],"replies":[{"embeddable":true,"href":"https:\/\/www.oaxaca.gob.mx\/coesida\/wp-json\/wp\/v2\/comments?post=403"}],"version-history":[{"count":0,"href":"https:\/\/www.oaxaca.gob.mx\/coesida\/wp-json\/wp\/v2\/pages\/403\/revisions"}],"wp:attachment":[{"href":"https:\/\/www.oaxaca.gob.mx\/coesida\/wp-json\/wp\/v2\/media?parent=403"}],"wp:term":[{"taxonomy":"category","embeddable":true,"href":"https:\/\/www.oaxaca.gob.mx\/coesida\/wp-json\/wp\/v2\/categories?post=403"},{"taxonomy":"post_tag","embeddable":true,"href":"https:\/\/www.oaxaca.gob.mx\/coesida\/wp-json\/wp\/v2\/tags?post=403"}],"curies":[{"name":"wp","href":"https:\/\/api.w.org\/{rel}","templated":true}]}}