{"id":391,"date":"2015-09-17T14:15:28","date_gmt":"2015-09-17T20:15:28","guid":{"rendered":"https:\/\/www.oaxaca.gob.mx\/coesida\/?page_id=391"},"modified":"2015-09-17T14:15:28","modified_gmt":"2015-09-17T20:15:28","slug":"consejo-2","status":"publish","type":"page","link":"https:\/\/www.oaxaca.gob.mx\/coesida\/consejo-2\/","title":{"rendered":"Funciones"},"content":{"rendered":"<p>\t\t\t\tEl Consejo es el \u00d3rgano de Gobierno de este Organismo P\u00fablico Descentralizado, es la m\u00e1xima autoridad del COESIDA.<\/p>\n<p>Los miembros del Consejo participar\u00e1n en las sesiones del mismo, con derecho a voz y voto a excepci\u00f3n del Secretario T\u00e9cnico y el Comisario, quienes participar\u00e1n con derecho a voz pero sin voto, en caso de empate el Presidente tendr\u00e1 voto de calidad.<\/p>\n<p>Cada miembro propietario del Consejo tendr\u00e1 un Suplente que ser\u00e1 el Servidor P\u00fablico que \u00e9ste designe, con estricto apego a la Normatividad aplicable.<\/p>\n<p>El Presidente del Consejo podr\u00e1 invitar a las sesiones del mismo, a representantes de Instituciones P\u00fablicas o Privadas, ya sean Federales, Estatales o Municipales, siempre y cuando estas guarden relaci\u00f3n con el objeto del COESIDA: tales invitados \u00fanicamente participar\u00e1n en las sesiones del Consejo con derecho a voz.<\/p>\n<p>El cargo del miembro del Consejo ser\u00e1 honor\u00edfico y por su desempe\u00f1o no se percibir\u00e1 retribuci\u00f3n, emolumento o compensaci\u00f3n alguna.<\/p>\n<p>ART\u00cdCULO 6. El Consejo tendr\u00e1 las siguientes atribuciones indelegables:<\/p>\n<p>I.- Establecer las Normas y Pol\u00edticas generales que permitan el cumplimiento de los objetos del COESIDA, as\u00ed como proponer al Titular del Poder Ejecutivo el reglamento interno del COESIDA.<\/p>\n<p>II.- Aprobar los planes, programas y presupuestos del COESIDA, as\u00ed como sus modificaciones, en los t\u00e9rminos de la Legislaci\u00f3n aplicable.<\/p>\n<p>III.- Determinar las cuotas de recuperaci\u00f3n que deban cobrarse por los servicios que preste el COESIDA.<\/p>\n<p>IV.- Aprobar la concentraci\u00f3n de obligaciones para el funcionamiento del COESIDA, en los t\u00e9rminos que prevengan los lineamientos que dicten las Autoridades competentes.<\/p>\n<p>V.- Analizar y aprobar en su caso los informes peri\u00f3dicos que rinda el Director General con la intervenci\u00f3n que corresponda al Comisario: as\u00ed como los estados financieros del Coesida y autorizar su publicaci\u00f3n conforme a lo previsto en la fracci\u00f3n V del Art\u00edculo 12 de la Ley de Entidades Paraestatales del Estado de Oaxaca.<\/p>\n<p>VI.- Analizar y aprobar de acuerdo a las Leyes aplicables, las pol\u00edticas y bases a que se sujetan los acuerdos, convenios y contratos que celebre el COESIDA.<\/p>\n<p>VII.- Aprobar la Constituci\u00f3n y operaci\u00f3n de unidades de investigaci\u00f3n, capacitaci\u00f3n y de servicio, y de comisiones de Apoyo, as\u00ed como determinar las bases de su funcionamiento.<\/p>\n<p>VIII.- Aprobar la Constituci\u00f3n de reserva y aplicaci\u00f3n de excedentes financieros del COESIDA.<\/p>\n<p>IX.- Conocer y resolver los asuntos que someta a su consideraci\u00f3n el Director General.<\/p>\n<p>X.- Las dem\u00e1s que determinen las Leyes, Reglamentos, Decretos, Acuerdos y Disposiciones Legales aplicables.<\/p>\n<p><em>* Peri\u00f3dico Oficial del Gobierno del Estado de Oaxaca No. 46, de fecha 14 de noviembre de 1998.<\/em><br \/>\n<em> * Peri\u00f3dico Oficial del Gobierno del Estado de Oaxaca N\u00ba 49, de fecha 04 de diciembre del 2010.<\/em>\t\t\t\t<\/p>\n","protected":false},"excerpt":{"rendered":"<p>El Consejo es el \u00d3rgano de Gobierno de este Organismo P\u00fablico Descentralizado, es la m\u00e1xima autoridad del COESIDA. Los miembros del Consejo participar\u00e1n en las sesiones del mismo, con derecho a voz y voto a excepci\u00f3n del Secretario T\u00e9cnico y el Comisario, quienes participar\u00e1n con derecho a voz pero sin voto, en caso de empate [&hellip;]<\/p>\n","protected":false},"author":1,"featured_media":0,"parent":0,"menu_order":0,"comment_status":"closed","ping_status":"closed","template":"","meta":{"episode_type":"","audio_file":"","podmotor_file_id":"","podmotor_episode_id":"","cover_image":"","cover_image_id":"","duration":"","filesize":"","filesize_raw":"","date_recorded":"","explicit":"","block":"","footnotes":""},"categories":[],"tags":[],"class_list":["post-391","page","type-page","status-publish","hentry"],"acf":[],"publishpress_future_action":{"enabled":false,"date":"2026-05-12 15:09:49","action":"change-status","newStatus":"draft","terms":[],"taxonomy":"category","extraData":[]},"publishpress_future_workflow_manual_trigger":{"enabledWorkflows":[]},"_links":{"self":[{"href":"https:\/\/www.oaxaca.gob.mx\/coesida\/wp-json\/wp\/v2\/pages\/391","targetHints":{"allow":["GET"]}}],"collection":[{"href":"https:\/\/www.oaxaca.gob.mx\/coesida\/wp-json\/wp\/v2\/pages"}],"about":[{"href":"https:\/\/www.oaxaca.gob.mx\/coesida\/wp-json\/wp\/v2\/types\/page"}],"author":[{"embeddable":true,"href":"https:\/\/www.oaxaca.gob.mx\/coesida\/wp-json\/wp\/v2\/users\/1"}],"replies":[{"embeddable":true,"href":"https:\/\/www.oaxaca.gob.mx\/coesida\/wp-json\/wp\/v2\/comments?post=391"}],"version-history":[{"count":0,"href":"https:\/\/www.oaxaca.gob.mx\/coesida\/wp-json\/wp\/v2\/pages\/391\/revisions"}],"wp:attachment":[{"href":"https:\/\/www.oaxaca.gob.mx\/coesida\/wp-json\/wp\/v2\/media?parent=391"}],"wp:term":[{"taxonomy":"category","embeddable":true,"href":"https:\/\/www.oaxaca.gob.mx\/coesida\/wp-json\/wp\/v2\/categories?post=391"},{"taxonomy":"post_tag","embeddable":true,"href":"https:\/\/www.oaxaca.gob.mx\/coesida\/wp-json\/wp\/v2\/tags?post=391"}],"curies":[{"name":"wp","href":"https:\/\/api.w.org\/{rel}","templated":true}]}}