{"id":2945,"date":"2022-10-10T14:05:46","date_gmt":"2022-10-10T19:05:46","guid":{"rendered":"https:\/\/www.oaxaca.gob.mx\/coesida\/?page_id=2945"},"modified":"2023-11-28T11:32:55","modified_gmt":"2023-11-28T17:32:55","slug":"convenio-cefereso","status":"publish","type":"page","link":"https:\/\/www.oaxaca.gob.mx\/coesida\/convenio-cefereso\/","title":{"rendered":"Convenio Cefereso"},"content":{"rendered":"<p>Comunicado de Prensa<\/p>\n<p>COESIDA-CAPASITS<\/p>\n<p>Coesida-CAPASITS, programa de Hepatitis C y Cefereso no. 13 signan convenio de colaboraci\u00f3n.<\/p>\n<p>+ Aplicar pruebas r\u00e1pidas de VIH, s\u00edfilis y VHC a personas privadas de su libertad, a sus familiares y al personal del Cefereso 13.<\/p>\n<p>+ Oaxaca, \u00fanico estado en realizar acciones en personas privadas de su libertad.<\/p>\n<p>San Bartolo Coyotepec, Oax. 7 de octubre de 2022.<\/p>\n<p>Con la finalidad de realizar acciones de prevenci\u00f3n y detecci\u00f3n como la aplicaci\u00f3n de pruebas r\u00e1pidas de VIH, s\u00edfilis y hepatitis C (VHC) en personas privadas de su libertad (PPL), a sus familiares y al personal, se realiz\u00f3 la firma de convenio de colaboraci\u00f3n entre el Consejo Estatal para la Prevenci\u00f3n y Control del Sida (Coesida), el Centro Ambulatorio para la Prevenci\u00f3n y Atenci\u00f3n del Sida e Infecciones de Transmisi\u00f3n Sexual (CAPASITS), el Programa Estatal de Hepatitis C y el Centro Federal de Readaptaci\u00f3n Social n\u00famero 13 (Cefereso 13).<\/p>\n<p>Durante el acto, la titular del Coesida-CAPASITS, Gabriela Vel\u00e1squez Rosas, expres\u00f3 que para la instituci\u00f3n es de suma importancia realizar acciones en materia de prevenci\u00f3n y detecci\u00f3n del VIH, ITS y VHC, sin importar la causa por la cual las personas se privaron de su libertad.<\/p>\n<p>\u201cEsta acci\u00f3n nos convierte en el \u00fanico Estado a nivel nacional en tamizar y atender a las personas privadas de su libertad en temas de VIH y hepatitis C\u201d, agreg\u00f3 la tambi\u00e9n responsable Estatal del Programa de VIH\/Sida.<\/p>\n<p>En su intervenci\u00f3n, el director general del Cefereso 13, Marte Camarena Bahena, agradeci\u00f3 el inter\u00e9s de las doctoras Gabriela Vel\u00e1squez Rosas y Norma Rivera Mart\u00ednez, resalt\u00f3 que la suma de esfuerzos interinstitucionales en los diversos niveles de gobierno da como resultado atender el tema de salud en este sector vulnerable.<\/p>\n<p>Por su parte, la responsable Estatal del Programa de Hepatitis C, Norma Er\u00e9ndira Rivera Mart\u00ednez, mencion\u00f3 que esta oportunidad para tamizar a las mil 800 PPL y sus familiares, as\u00ed como al personal que suma mil 300, es primordial para la salud p\u00fablica y para la eliminaci\u00f3n de la hepatitis C en Oaxaca.<\/p>\n<p>El convenio de colaboraci\u00f3n consiste en que el Cefereso 13, permita el acceso al personal del COESIDA-CAPASITS y al programa de Hepatitis C en cinco fases:<\/p>\n<p>Primera, capacitaci\u00f3n al personal del Cefereso 13 en temas VIH, otras ITS, VHC, diversidad sexual, lenguaje sensible, derechos humanos y c\u00f3mo aplicar las pruebas r\u00e1pidas de VIH, s\u00edfilis y VHC.<\/p>\n<p>Segunda, aplicaci\u00f3n de pruebas r\u00e1pidas de VIH, s\u00edfilis y VHC a personal del Cefereso 13.<\/p>\n<p>Tercera, aplicaci\u00f3n de pruebas r\u00e1pidas de VIH, s\u00edfilis y VHC a PPL.<\/p>\n<p>Cuarta, aplicaci\u00f3n de pruebas r\u00e1pidas de VIH, s\u00edfilis y VHC a familiares de las PPL.<\/p>\n<p>Quinta, toma de carga viral a PPL, sus familiares y personal que hayan sido reactivas sus pruebas.<\/p>\n<p>Cabe se\u00f1alar, que todas las pruebas se realizan con apego a la confidencialidad y consentimiento informado, de acuerdo a la normatividad establecida. Todas las personas reactivas en su resultado y, una vez confirmados los mismos, se les inicia el tratamiento seg\u00fan sea el caso.<\/p>\n<p>En la firma, tambi\u00e9n participaron, la coordinadora del CAPASITS de San Bartolo Coyotepec, Graciela Alejandra V\u00e1squez Salinas; el encargado de la Coordinaci\u00f3n M\u00e9dica del Cefereso 13, Daniel Ortiz Garc\u00eda; y el encargado del departamento de Capacitaci\u00f3n y responsable del programa de Diversidad Sexual y Prevenci\u00f3n Combinada, Francisco Contreras M\u00e9ndez.<\/p>\n","protected":false},"excerpt":{"rendered":"<p>Comunicado de Prensa COESIDA-CAPASITS Coesida-CAPASITS, programa de Hepatitis C y Cefereso no. 13 signan convenio de colaboraci\u00f3n. + Aplicar pruebas r\u00e1pidas de VIH, s\u00edfilis y VHC a personas privadas de su libertad, a sus familiares y al personal del Cefereso 13. + Oaxaca, \u00fanico estado en realizar acciones en personas privadas de su libertad. San [&hellip;]<\/p>\n","protected":false},"author":21,"featured_media":2952,"parent":0,"menu_order":0,"comment_status":"closed","ping_status":"closed","template":"","meta":{"episode_type":"","audio_file":"","podmotor_file_id":"","podmotor_episode_id":"","cover_image":"","cover_image_id":"","duration":"","filesize":"","filesize_raw":"","date_recorded":"","explicit":"","block":"","footnotes":""},"categories":[],"tags":[],"class_list":["post-2945","page","type-page","status-publish","has-post-thumbnail","hentry"],"acf":[],"publishpress_future_action":{"enabled":false,"date":"2026-05-12 15:06:52","action":"change-status","newStatus":"draft","terms":[],"taxonomy":"category","extraData":[]},"publishpress_future_workflow_manual_trigger":{"enabledWorkflows":[]},"_links":{"self":[{"href":"https:\/\/www.oaxaca.gob.mx\/coesida\/wp-json\/wp\/v2\/pages\/2945","targetHints":{"allow":["GET"]}}],"collection":[{"href":"https:\/\/www.oaxaca.gob.mx\/coesida\/wp-json\/wp\/v2\/pages"}],"about":[{"href":"https:\/\/www.oaxaca.gob.mx\/coesida\/wp-json\/wp\/v2\/types\/page"}],"author":[{"embeddable":true,"href":"https:\/\/www.oaxaca.gob.mx\/coesida\/wp-json\/wp\/v2\/users\/21"}],"replies":[{"embeddable":true,"href":"https:\/\/www.oaxaca.gob.mx\/coesida\/wp-json\/wp\/v2\/comments?post=2945"}],"version-history":[{"count":1,"href":"https:\/\/www.oaxaca.gob.mx\/coesida\/wp-json\/wp\/v2\/pages\/2945\/revisions"}],"predecessor-version":[{"id":2946,"href":"https:\/\/www.oaxaca.gob.mx\/coesida\/wp-json\/wp\/v2\/pages\/2945\/revisions\/2946"}],"wp:featuredmedia":[{"embeddable":true,"href":"https:\/\/www.oaxaca.gob.mx\/coesida\/wp-json\/wp\/v2\/media\/2952"}],"wp:attachment":[{"href":"https:\/\/www.oaxaca.gob.mx\/coesida\/wp-json\/wp\/v2\/media?parent=2945"}],"wp:term":[{"taxonomy":"category","embeddable":true,"href":"https:\/\/www.oaxaca.gob.mx\/coesida\/wp-json\/wp\/v2\/categories?post=2945"},{"taxonomy":"post_tag","embeddable":true,"href":"https:\/\/www.oaxaca.gob.mx\/coesida\/wp-json\/wp\/v2\/tags?post=2945"}],"curies":[{"name":"wp","href":"https:\/\/api.w.org\/{rel}","templated":true}]}}