{"id":2903,"date":"2022-02-21T14:12:53","date_gmt":"2022-02-21T20:12:53","guid":{"rendered":"https:\/\/www.oaxaca.gob.mx\/coesida\/?page_id=2903"},"modified":"2022-06-27T09:33:44","modified_gmt":"2022-06-27T14:33:44","slug":"protocolo-has","status":"publish","type":"page","link":"https:\/\/www.oaxaca.gob.mx\/coesida\/protocolo-has\/","title":{"rendered":"Protocolo HAS"},"content":{"rendered":"<ul>\n<li style=\"list-style-type: none\">\n<ul>\n<li><a href=\"http:\/\/www.coesida.oaxaca.gob.mx\/presentaciones\/PROTOCOLO_HOSTIGAMIENTO.pdf\">PROTOCOLO HOSTIGAMIENTO SEXUAL<\/a><\/li>\n<li><a href=\"http:\/\/www.coesida.oaxaca.gob.mx\/presentaciones\/PRONUN_TOLERA.pdf\">PRONUNCIAMIENTO CERO TOLERANCIA COESIDA<\/a><\/li>\n<li><a href=\"https:\/\/forms.gle\/H2GXkx3HjDaWAeFy6\"> CONVOCATORIA PARA SELECCI\u00d3N DE PERSONAS CONSEJERAS<\/a><\/li>\n<li><a href=\"http:\/\/www.coesida.oaxaca.gob.mx\/presentaciones\/PERSONAS CONSEJERAS.PDF\">PERSONAS CONSEJERAS EN APLICACI\u00d3N DEL PROTOCOLO PARA LA PREVENCI\u00d3N, ATENCI\u00d3N Y SANCI\u00d3N DEL HOSTIGAMIENTO SEXUAL Y\/O ACOSO SEXUAL<\/a><\/li>\n<\/ul>\n<\/li>\n<\/ul>\n","protected":false},"excerpt":{"rendered":"<p>PROTOCOLO HOSTIGAMIENTO SEXUAL PRONUNCIAMIENTO CERO TOLERANCIA COESIDA CONVOCATORIA PARA SELECCI\u00d3N DE PERSONAS CONSEJERAS PERSONAS CONSEJERAS EN APLICACI\u00d3N DEL PROTOCOLO PARA LA PREVENCI\u00d3N, ATENCI\u00d3N Y SANCI\u00d3N DEL HOSTIGAMIENTO SEXUAL Y\/O ACOSO SEXUAL<\/p>\n","protected":false},"author":21,"featured_media":0,"parent":0,"menu_order":0,"comment_status":"closed","ping_status":"closed","template":"","meta":{"episode_type":"","audio_file":"","podmotor_file_id":"","podmotor_episode_id":"","cover_image":"","cover_image_id":"","duration":"","filesize":"","filesize_raw":"","date_recorded":"","explicit":"","block":"","footnotes":""},"categories":[],"tags":[],"class_list":["post-2903","page","type-page","status-publish","hentry"],"acf":[],"publishpress_future_action":{"enabled":false,"date":"2026-04-21 02:20:10","action":"change-status","newStatus":"draft","terms":[],"taxonomy":"category","extraData":[]},"publishpress_future_workflow_manual_trigger":{"enabledWorkflows":[]},"_links":{"self":[{"href":"https:\/\/www.oaxaca.gob.mx\/coesida\/wp-json\/wp\/v2\/pages\/2903","targetHints":{"allow":["GET"]}}],"collection":[{"href":"https:\/\/www.oaxaca.gob.mx\/coesida\/wp-json\/wp\/v2\/pages"}],"about":[{"href":"https:\/\/www.oaxaca.gob.mx\/coesida\/wp-json\/wp\/v2\/types\/page"}],"author":[{"embeddable":true,"href":"https:\/\/www.oaxaca.gob.mx\/coesida\/wp-json\/wp\/v2\/users\/21"}],"replies":[{"embeddable":true,"href":"https:\/\/www.oaxaca.gob.mx\/coesida\/wp-json\/wp\/v2\/comments?post=2903"}],"version-history":[{"count":6,"href":"https:\/\/www.oaxaca.gob.mx\/coesida\/wp-json\/wp\/v2\/pages\/2903\/revisions"}],"predecessor-version":[{"id":2919,"href":"https:\/\/www.oaxaca.gob.mx\/coesida\/wp-json\/wp\/v2\/pages\/2903\/revisions\/2919"}],"wp:attachment":[{"href":"https:\/\/www.oaxaca.gob.mx\/coesida\/wp-json\/wp\/v2\/media?parent=2903"}],"wp:term":[{"taxonomy":"category","embeddable":true,"href":"https:\/\/www.oaxaca.gob.mx\/coesida\/wp-json\/wp\/v2\/categories?post=2903"},{"taxonomy":"post_tag","embeddable":true,"href":"https:\/\/www.oaxaca.gob.mx\/coesida\/wp-json\/wp\/v2\/tags?post=2903"}],"curies":[{"name":"wp","href":"https:\/\/api.w.org\/{rel}","templated":true}]}}