{"id":254,"date":"2015-09-15T08:44:30","date_gmt":"2015-09-15T14:44:30","guid":{"rendered":"https:\/\/www.oaxaca.gob.mx\/coesida\/?page_id=254"},"modified":"2020-01-30T13:55:48","modified_gmt":"2020-01-30T19:55:48","slug":"la-prueba-de-deteccion-del-vih","status":"publish","type":"page","link":"https:\/\/www.oaxaca.gob.mx\/coesida\/la-prueba-de-deteccion-del-vih\/","title":{"rendered":"La Prueba de detecci\u00f3n del VIH"},"content":{"rendered":"<p>Para saber si se tiene el VIH, es necesaria una prueba espec\u00edfica de laboratorio que detecta anticuerpos contra el virus. Existe gran variedad de pruebas, la m\u00e1s conocida es Elisa que consiste en una peque\u00f1a muestra de sangre. Para tomar la decisi\u00f3n sobre hacerse o no la prueba es necesario que se valore el riesgo al que se ha estado expuesto. Para ello considere las siguientes situaciones:<\/p>\n<p><strong>Factores de riesgo<\/strong><br \/>\n&#8211; Tengo o he tenido relaciones sexuales (vaginales, anales u orales), sin protecci\u00f3n con una o m\u00e1s personas de igual o diferente sexo.<br \/>\n&#8211; Tengo relaciones sexuales ocasionales con una o m\u00e1s personas de igual o diferente sexo.<br \/>\n&#8211; Tengo relaciones sexuales con una persona que vive con VIH o Sida.<br \/>\n&#8211; Estoy embarazada o quiero embarazarme.<br \/>\n&#8211; Uso drogas intravenosas.<br \/>\n&#8211; Tengo o he tenido alguna Infecci\u00f3n de Transmisi\u00f3n Sexual (ITS).<br \/>\n&#8211; Trabajo en el Sector Salud y he tenido alg\u00fan accidente de trabajo.<br \/>\n&#8211; He hecho pactos de sangre.<\/p>\n<p><strong>NOTA:<\/strong> Si ha contestado S\u00cd almenos a una de las opciones anteriores, es conveniente realizarse una prueba de detecci\u00f3n del VIH.<\/p>\n<p><strong>Cu\u00e1ndo realiz\u00e1rmela<\/strong><\/p>\n<p>Es importante realizarse la prueba 3 meses despu\u00e9s de la \u00faltima pr\u00e1ctica de riesgo, de lo contrario, el resultado puede ser un \u00abfalso negativo\u00bb, y ser\u00eda necesario esperar 3 meses m\u00e1s para realizarse otra prueba que presente un resultado confiable.<\/p>\n<p><strong>\u00bfEs obligatoria?<\/strong><\/p>\n<p>No, es importante mencionar que la prueba es voluntaria, nadie est\u00e1 obligado a someterse a ella, ni a declarar que vive con VIH o con Sida. Su realizaci\u00f3n no debe ser requisito para recibir atenci\u00f3n m\u00e9dica, obtener empleo, contraer matrimonio, formar parte de instituciones educativas o tener acceso a cualquier servicio.<\/p>\n<p><strong>Proceso<\/strong><\/p>\n<p>Inicia con una consejer\u00eda previa a la toma de muestra, en la cual el usuario tiene derecho a recibir informaci\u00f3n suficiente por personal capacitado. Posteriormente, la prueba de laboratorio inicia con un peque\u00f1o piquete mediante una lanzeta en uno de los dedos de la mano, as\u00ed como la toma de una muestra sangu\u00ednea\u00a0usando una\u00a0jeringa; siempre empleando equipo nuevo que se muestra antes de su uso. Finalmente, despu\u00e9s de aproximadamente 1 hora, es entregado el resultado de forma an\u00f3nima y confidencial por el mismo personal que llev\u00f3 a cabo la consejer\u00eda previa.<\/p>\n<p><strong>Resultado<\/strong><\/p>\n<p>La prueba de laboratorio puede arrojar dos tipos de resultado:<\/p>\n<p><strong>Reactivo (Positivo):<\/strong> Significa que se encontraron anticuerpos contra el VIH en la muestra de sangre, lo que indica que la persona puede estar infectada. Es necesario comprobar cualquier resultado positivo con una prueba confirmatoria llamada Western Blot. Tener el VIH positivo, no significa tener Sida, ni que se est\u00e1 en riesgo de muerte cercana, si se sigue el tratamiento adecuado. Si el resultado de la prueba fue positivo, durante el servicio de consejer\u00eda se recibe apoyo emocional profesional para favorecer la adaptaci\u00f3n a la nueva situaci\u00f3n.<\/p>\n<p><strong>No Reactivo (Negativo):<\/strong> Significa que no se encontr\u00f3 la presencia de anticuerpos contra el VIH en la muestra, lo que indica que la persona no est\u00e1 infectada. A pesar de que el resultado sea negativo o \u00abfalso negativo\u00bb es importante adoptar las medidas de prevenci\u00f3n para no contraer el virus.<\/p>\n<p><strong>\u00bfEs necesaria?<\/strong><\/p>\n<p>Es muy recomendable realiz\u00e1rtela porque ganas:<\/p>\n<p><strong>Tranquilidad:<\/strong> Es posible eliminar la angustia de saber si se tiene o no el Virus.<\/p>\n<p><strong>Evitar la transmisi\u00f3n:<\/strong> El saber si se tiene o no el virus impide infectar o reinfectar inconscientemente a otras personas.<\/p>\n<p><strong>Correcta atenci\u00f3n m\u00e9dica:<\/strong> En caso de tener el virus es conveniente comunic\u00e1rselo al m\u00e9dico para que no recete medicamentos que da\u00f1en el organismo.<\/p>\n<p><strong>Conservar la salud:<\/strong> Recibir un tratamiento oportuno y tomar las medidas preventivas a tiempo, detienen la multiplicaci\u00f3n del virus y prolongan la vida.<\/p>\n<p><strong>Horarios<\/strong><\/p>\n<p><strong>Consejer\u00eda y pruebas de detecci\u00f3n del VIH:<\/strong> de 08:00 a 11:00 hrs., de lunes a viernes. La prueba de detecci\u00f3n del VIH se la debe realizar pasados 3 meses de la situaci\u00f3n de riesgo. Para hacerle la prueba del VIH debe acudir en ayuno de 8 horas, m\u00ednimo de 4, no haber ingerido bebidas alcoh\u00f3licas ni drogas, solicitar ficha en recepci\u00f3n (NO REQUIERE HACER PREVIA CITA) y firmar una carta de consentimiento informado. Se basa en una peque\u00f1a toma de muestra de sangre y el tiempo de entrega de su resultado es de aproximadamente 1 hora. El resultado y los datos que nos brinde son totalmente confidenciales y an\u00f3nimos. LA PRUEBA Y TODOS NUESTROS SERVICIOS SON GRATUITOS. Si tiene Seguro Popular favor de traer su hoja de afiliaci\u00f3n o credencial (no es requisito indispensable). NOTA: si tiene gripe no se le sugiere hacerse la prueba hasta que sane, ya que puede darnos un resultado incorrecto debido a la baja de defensas.<\/p>\n<p><strong>Atenci\u00f3n Integral:<\/strong> de 08:00 a 15:00 hrs., de lunes a viernes. Para acceder a la Atenci\u00f3n Integral debe tener su resultado de prueba del VIH reactivo, constancia de no derechohabiencia, credencial u hoja de afiliaci\u00f3n del Seguro Popular, acta de nacimiento, identificaci\u00f3n oficial con fotograf\u00eda y comprobante de domicilio.<\/p>\n<p><strong>La Atenci\u00f3n Integral, consejer\u00eda, pruebas de detecci\u00f3n, medicamentos y pruebas de monitoreo son TOTALMENTE GRATUITOS.<\/strong><\/p>\n","protected":false},"excerpt":{"rendered":"<p>Para saber si se tiene el VIH, es necesaria una prueba espec\u00edfica de laboratorio que detecta anticuerpos contra el virus. Existe gran variedad de pruebas, la m\u00e1s conocida es Elisa que consiste en una peque\u00f1a muestra de sangre. Para tomar la decisi\u00f3n sobre hacerse o no la prueba es necesario que se valore el riesgo [&hellip;]<\/p>\n","protected":false},"author":1,"featured_media":0,"parent":0,"menu_order":0,"comment_status":"closed","ping_status":"closed","template":"","meta":{"episode_type":"","audio_file":"","podmotor_file_id":"","podmotor_episode_id":"","cover_image":"","cover_image_id":"","duration":"","filesize":"","filesize_raw":"","date_recorded":"","explicit":"","block":"","footnotes":""},"categories":[],"tags":[],"class_list":["post-254","page","type-page","status-publish","hentry"],"acf":[],"publishpress_future_action":{"enabled":false,"date":"2026-04-29 09:14:53","action":"change-status","newStatus":"draft","terms":[],"taxonomy":"category","extraData":[]},"publishpress_future_workflow_manual_trigger":{"enabledWorkflows":[]},"_links":{"self":[{"href":"https:\/\/www.oaxaca.gob.mx\/coesida\/wp-json\/wp\/v2\/pages\/254","targetHints":{"allow":["GET"]}}],"collection":[{"href":"https:\/\/www.oaxaca.gob.mx\/coesida\/wp-json\/wp\/v2\/pages"}],"about":[{"href":"https:\/\/www.oaxaca.gob.mx\/coesida\/wp-json\/wp\/v2\/types\/page"}],"author":[{"embeddable":true,"href":"https:\/\/www.oaxaca.gob.mx\/coesida\/wp-json\/wp\/v2\/users\/1"}],"replies":[{"embeddable":true,"href":"https:\/\/www.oaxaca.gob.mx\/coesida\/wp-json\/wp\/v2\/comments?post=254"}],"version-history":[{"count":9,"href":"https:\/\/www.oaxaca.gob.mx\/coesida\/wp-json\/wp\/v2\/pages\/254\/revisions"}],"predecessor-version":[{"id":2353,"href":"https:\/\/www.oaxaca.gob.mx\/coesida\/wp-json\/wp\/v2\/pages\/254\/revisions\/2353"}],"wp:attachment":[{"href":"https:\/\/www.oaxaca.gob.mx\/coesida\/wp-json\/wp\/v2\/media?parent=254"}],"wp:term":[{"taxonomy":"category","embeddable":true,"href":"https:\/\/www.oaxaca.gob.mx\/coesida\/wp-json\/wp\/v2\/categories?post=254"},{"taxonomy":"post_tag","embeddable":true,"href":"https:\/\/www.oaxaca.gob.mx\/coesida\/wp-json\/wp\/v2\/tags?post=254"}],"curies":[{"name":"wp","href":"https:\/\/api.w.org\/{rel}","templated":true}]}}