{"id":249,"date":"2015-09-14T14:42:40","date_gmt":"2015-09-14T20:42:40","guid":{"rendered":"https:\/\/www.oaxaca.gob.mx\/coesida\/?page_id=249"},"modified":"2015-09-14T14:42:40","modified_gmt":"2015-09-14T20:42:40","slug":"proyecto-fomix-193298","status":"publish","type":"page","link":"https:\/\/www.oaxaca.gob.mx\/coesida\/proyecto-fomix-193298\/","title":{"rendered":"Proyecto FOMIX 193298"},"content":{"rendered":"<p>\t\t\t\tEn 2012, el Consejo Estatal para la Prevenci\u00f3n y Control del Sida (COESIDA), en colaboraci\u00f3n con el Centro Regional de Control de Enfermedades Infecciosas de la Universidad Aut\u00f3noma de Nuevo Le\u00f3n y los Servicios de Salud de Oaxaca, aplic\u00f3 a la convocatoria de Fondo Mixto del Consejo Nacional de Ciencia y Tecnolog\u00eda (Conacyt) con el proyecto: \u201cDesarrollo de tecnolog\u00edas para el diagn\u00f3stico r\u00e1pido de la tuberculosis pulmonar y extrapulmonar y estudio de la diversidad gen\u00e9tica de aislados cl\u00ednicos drogorresistentes de Mycobacterium tuberculosis en pacientes coinfectados con VIH en el Estado de Oaxaca\u201d siendo aprobado a trav\u00e9s del convenio FOMIX 193298, por un monto total de tres millones de pesos ejercidos en dos etapas.<\/p>\n<p>Cabe se\u00f1alar que el presupuesto aprobado incluy\u00f3 vi\u00e1ticos para muestreos, capacitaci\u00f3n y asistencia a congresos, becas para estudiantes, as\u00ed como para infraestructura, adquisici\u00f3n de equipos y reactivos necesarios para la ejecuci\u00f3n del mismo.<\/p>\n<p>A decir de la doctora Yuko Nakamura L\u00f3pez, responsable del proyecto, el objetivo general del trabajo es: Identificar molecular y fenot\u00edpicamente aislados cl\u00ednicos de M. tuberculosis de pacientes con tuberculosis pulmonar y extrapulmonar coinfectados y no coinfectados con el virus de la inmunodeficiencia humana (VIH) del Estado de Oaxaca, as\u00ed como determinar el perfil de sensibilidad a los f\u00e1rmacos antituberculosos de primera l\u00ednea (isoniazida y rifampicina).<\/p>\n<p>Durante la ejecuci\u00f3n de la primera etapa del proyecto \u2014la cual concluy\u00f3 en 2014\u2014, se contempl\u00f3 el muestreo en personas con sospecha de tuberculosis de todo el Estado de Oaxaca muestre\u00e1ndose un total de 463 personas de las cuales el 19 por ciento result\u00f3 positiva a micobacterias.<\/p>\n<p>La segunda etapa del proyecto concluy\u00f3 el 7 de enero de 2016 y contempl\u00f3 el an\u00e1lisis de los datos, la identificaci\u00f3n a nivel genotipo de las muestras, as\u00ed como la entrega de informes y presentaci\u00f3n de resultados en congresos nacionales e internacionales, ya que derivado de este proyecto se realizaron 3 tesis de licenciatura y 3 de posgrado.<\/p>\n<p>Asimismo, se trabaja en la escritura de un manual para la detecci\u00f3n de tuberculosis en la que se incluyen las t\u00e9cnicas convencionales y las t\u00e9cnicas moleculares; adem\u00e1s, de la preparaci\u00f3n de manuscritos para publicaci\u00f3n en revistas cient\u00edficas indexadas.<\/p>\n<p>Entre los datos m\u00e1s relevantes fue la alta detecci\u00f3n de micobacterias diferentes a tuberculosis, debido a la introducci\u00f3n de t\u00e9cnicas moleculares para este prop\u00f3sito.<\/p>\n<p>Por otro lado, el COESIDA cuenta con un equipo GeneXpert, aprobado por la Organizaci\u00f3n Mundial de la Salud (OMS) para su uso en muestras de expectoraci\u00f3n para la detecci\u00f3n de M. tuberculosis a trav\u00e9s de la prueba Xpert MTB\/RIF. Evaluamos la utilidad de la prueba en muestras diferentes a expectoraci\u00f3n con resultados muy favorables, pero para ello se requiere de manipulaci\u00f3n de la muestra en gabinetes de seguridad biol\u00f3gica con los cuales contamos.<\/p>\n<p>Respecto a farmacorresistencia, se detect\u00f3 en un aproximado de 13 por ciento de los casos, dato muy relevante ya que en la literatura se menciona un valor menor, lo cual indica que estaba subestimada.<\/p>\n<p>Asimismo, se estableci\u00f3 un algoritmo para la detecci\u00f3n e identificaci\u00f3n de micobacterias directo de muestra cl\u00ednica por PCR punto final, con resultados muy favorables ya que nos permite detectar adem\u00e1s del complejo M. tuberculosis a otras micobacterias que pudieran estar causando infecci\u00f3n, y cuyo tratamiento es muy distinto al de la tuberculosis, adem\u00e1s que tiene una mayor sensibilidad y especificidad que el m\u00e9todo convencional de tinci\u00f3n (baciloscop\u00eda) y los resultados se obtienen en menor tiempo que los de cultivo.<\/p>\n<p>Es importante se\u00f1alar que estos resultados fueron aceptados para el inicio del tratamiento anti-tuberculosis por los m\u00e9dicos y el Departamento de Enfermedades Transmisibles de los Servicios de Salud de Oaxaca (SSO).\t\t\t\t<\/p>\n","protected":false},"excerpt":{"rendered":"<p>En 2012, el Consejo Estatal para la Prevenci\u00f3n y Control del Sida (COESIDA), en colaboraci\u00f3n con el Centro Regional de Control de Enfermedades Infecciosas de la Universidad Aut\u00f3noma de Nuevo Le\u00f3n y los Servicios de Salud de Oaxaca, aplic\u00f3 a la convocatoria de Fondo Mixto del Consejo Nacional de Ciencia y Tecnolog\u00eda (Conacyt) con el [&hellip;]<\/p>\n","protected":false},"author":1,"featured_media":0,"parent":0,"menu_order":0,"comment_status":"closed","ping_status":"closed","template":"","meta":{"episode_type":"","audio_file":"","podmotor_file_id":"","podmotor_episode_id":"","cover_image":"","cover_image_id":"","duration":"","filesize":"","filesize_raw":"","date_recorded":"","explicit":"","block":"","footnotes":""},"categories":[],"tags":[],"class_list":["post-249","page","type-page","status-publish","hentry"],"acf":[],"publishpress_future_action":{"enabled":false,"date":"2026-05-12 13:38:17","action":"change-status","newStatus":"draft","terms":[],"taxonomy":"category","extraData":[]},"publishpress_future_workflow_manual_trigger":{"enabledWorkflows":[]},"_links":{"self":[{"href":"https:\/\/www.oaxaca.gob.mx\/coesida\/wp-json\/wp\/v2\/pages\/249","targetHints":{"allow":["GET"]}}],"collection":[{"href":"https:\/\/www.oaxaca.gob.mx\/coesida\/wp-json\/wp\/v2\/pages"}],"about":[{"href":"https:\/\/www.oaxaca.gob.mx\/coesida\/wp-json\/wp\/v2\/types\/page"}],"author":[{"embeddable":true,"href":"https:\/\/www.oaxaca.gob.mx\/coesida\/wp-json\/wp\/v2\/users\/1"}],"replies":[{"embeddable":true,"href":"https:\/\/www.oaxaca.gob.mx\/coesida\/wp-json\/wp\/v2\/comments?post=249"}],"version-history":[{"count":0,"href":"https:\/\/www.oaxaca.gob.mx\/coesida\/wp-json\/wp\/v2\/pages\/249\/revisions"}],"wp:attachment":[{"href":"https:\/\/www.oaxaca.gob.mx\/coesida\/wp-json\/wp\/v2\/media?parent=249"}],"wp:term":[{"taxonomy":"category","embeddable":true,"href":"https:\/\/www.oaxaca.gob.mx\/coesida\/wp-json\/wp\/v2\/categories?post=249"},{"taxonomy":"post_tag","embeddable":true,"href":"https:\/\/www.oaxaca.gob.mx\/coesida\/wp-json\/wp\/v2\/tags?post=249"}],"curies":[{"name":"wp","href":"https:\/\/api.w.org\/{rel}","templated":true}]}}