{"id":226,"date":"2015-09-14T12:06:13","date_gmt":"2015-09-14T18:06:13","guid":{"rendered":"https:\/\/www.oaxaca.gob.mx\/coesida\/?page_id=226"},"modified":"2015-09-14T12:06:13","modified_gmt":"2015-09-14T18:06:13","slug":"estigma","status":"publish","type":"page","link":"https:\/\/www.oaxaca.gob.mx\/coesida\/estigma\/","title":{"rendered":"Estigma"},"content":{"rendered":"<p>\t\t\t\tLa estigmatizaci\u00f3n (del lat\u00edn <em>stigma<\/em>, \u00abmarcar con hierro candente en se\u00f1al de infamia\u00bb) sobre las personas que viven con VIH y sida, conduce a una progresiva afectaci\u00f3n psicol\u00f3gica, sin permitirle defenderse o expresarse, recurriendo incluso a la burla o ridiculizaci\u00f3n personal.<\/p>\n<p><strong>Afectaciones<\/strong><\/p>\n<p>El proceso mental de estigmatizar el contexto del VIH y sida reside en la mayor\u00eda de los casos en una falta de informaci\u00f3n sobre el tema, lo cual desemboca en la generaci\u00f3n de prejuicios y conceptos equ\u00edvocos. Podemos se\u00f1alar que el acto de estigmatizar recae en un aspecto psicol\u00f3gico, donde la persona incuba ideas irracionales sin un fundamento, lo cual conlleva a la generaci\u00f3n de etiquetas y estereotipos; cuando estas ideas se exteriorizan, comparten y ponen en pr\u00e1ctica, dan como resultado la discriminaci\u00f3n de las personas que viven con VIH y sida, generando diversas afectaciones a la salud mental, tales como baja autoestima, depresi\u00f3n, aislamiento, sentimientos de culpa y en general una baja calidad de vida, cayendo incluso en ideas y actos de suicidio.<\/p>\n<p>Asimismo, el estigma contribuye a la generaci\u00f3n de angustia y ansiedad de comunicar la condici\u00f3n de portador de VIH y sida (diagn\u00f3stico) a la pareja sexual, lo cual provoca mayor ignorancia y riesgo, aumentando as\u00ed, la incidencia de casos de VIH.\t\t\t\t<\/p>\n","protected":false},"excerpt":{"rendered":"<p>La estigmatizaci\u00f3n (del lat\u00edn stigma, \u00abmarcar con hierro candente en se\u00f1al de infamia\u00bb) sobre las personas que viven con VIH y sida, conduce a una progresiva afectaci\u00f3n psicol\u00f3gica, sin permitirle defenderse o expresarse, recurriendo incluso a la burla o ridiculizaci\u00f3n personal. Afectaciones El proceso mental de estigmatizar el contexto del VIH y sida reside en [&hellip;]<\/p>\n","protected":false},"author":1,"featured_media":0,"parent":0,"menu_order":0,"comment_status":"closed","ping_status":"closed","template":"","meta":{"episode_type":"","audio_file":"","podmotor_file_id":"","podmotor_episode_id":"","cover_image":"","cover_image_id":"","duration":"","filesize":"","filesize_raw":"","date_recorded":"","explicit":"","block":"","footnotes":""},"categories":[],"tags":[],"class_list":["post-226","page","type-page","status-publish","hentry"],"acf":[],"publishpress_future_action":{"enabled":false,"date":"2026-05-12 15:11:39","action":"change-status","newStatus":"draft","terms":[],"taxonomy":"category","extraData":[]},"publishpress_future_workflow_manual_trigger":{"enabledWorkflows":[]},"_links":{"self":[{"href":"https:\/\/www.oaxaca.gob.mx\/coesida\/wp-json\/wp\/v2\/pages\/226","targetHints":{"allow":["GET"]}}],"collection":[{"href":"https:\/\/www.oaxaca.gob.mx\/coesida\/wp-json\/wp\/v2\/pages"}],"about":[{"href":"https:\/\/www.oaxaca.gob.mx\/coesida\/wp-json\/wp\/v2\/types\/page"}],"author":[{"embeddable":true,"href":"https:\/\/www.oaxaca.gob.mx\/coesida\/wp-json\/wp\/v2\/users\/1"}],"replies":[{"embeddable":true,"href":"https:\/\/www.oaxaca.gob.mx\/coesida\/wp-json\/wp\/v2\/comments?post=226"}],"version-history":[{"count":0,"href":"https:\/\/www.oaxaca.gob.mx\/coesida\/wp-json\/wp\/v2\/pages\/226\/revisions"}],"wp:attachment":[{"href":"https:\/\/www.oaxaca.gob.mx\/coesida\/wp-json\/wp\/v2\/media?parent=226"}],"wp:term":[{"taxonomy":"category","embeddable":true,"href":"https:\/\/www.oaxaca.gob.mx\/coesida\/wp-json\/wp\/v2\/categories?post=226"},{"taxonomy":"post_tag","embeddable":true,"href":"https:\/\/www.oaxaca.gob.mx\/coesida\/wp-json\/wp\/v2\/tags?post=226"}],"curies":[{"name":"wp","href":"https:\/\/api.w.org\/{rel}","templated":true}]}}