{"id":223,"date":"2015-09-14T11:34:58","date_gmt":"2015-09-14T17:34:58","guid":{"rendered":"https:\/\/www.oaxaca.gob.mx\/coesida\/?page_id=223"},"modified":"2015-09-14T11:34:58","modified_gmt":"2015-09-14T17:34:58","slug":"sida","status":"publish","type":"page","link":"https:\/\/www.oaxaca.gob.mx\/coesida\/sida\/","title":{"rendered":"sida"},"content":{"rendered":"<p>\t\t\t\tEl sida es la etapa causada por el Virus de la Inmunodeficiencia Humana (VIH) que destruye en forma paulatina al sistema de defensa del individuo, dej\u00e1ndolo desprotegido contra enfermedades infecciosas y algunos c\u00e1nceres.<\/p>\n<p><strong>sida<\/strong><\/p>\n<p><strong>S<\/strong>\u00cdNDROME. Es el conjunto de s\u00edntomas (las molestias que siente una persona) y signos (lo que el m\u00e9dico encuentra en la exploraci\u00f3n) que definen cl\u00ednicamente una enfermedad.<\/p>\n<p><strong>I<\/strong>NMUNO. Se refiere al sistema inmunol\u00f3gico (de defensa) de las personas.<\/p>\n<p><strong>D<\/strong>EFICIENCIA. Es la alteraci\u00f3n y disminuci\u00f3n de las c\u00e9lulas de defensa que tiene el organismo contra virus, bacterias, hongos, par\u00e1sitos, bacilos, c\u00e1nceres, etc.<\/p>\n<p><strong>A<\/strong>DQUIRIDA. Se refiere a que el Virus de la Inmunodeficiencia Humana que causa el sida se contrae durante la vida por sus diferentes formas de transmisi\u00f3n (v\u00eda sexual, sangu\u00ednea y perinatal).<\/p>\n<p>Antes de que la persona infectada con VIH desarrolle el sida, la infecci\u00f3n pasa por tres etapas:<\/p>\n<p><strong>Per\u00edodo de Ventana.<\/strong> Abarca los primeros 3 meses, en esta fase no se han creado a\u00fan los anticuerpos que permiten la detecci\u00f3n del VIH.<\/p>\n<p><strong>Per\u00edodo Asintom\u00e1tico.<\/strong> El Seropositivo no tiene manifestaci\u00f3n de la infecci\u00f3n, puede vivir una vida normal sin incluso saber que es un portador de la misma, a menos que se realice una prueba de detecci\u00f3n. Esta etapa puede durar de 1 a 10 a\u00f1os o m\u00e1s, dependiendo del estilo de vida de la persona, es decir, si es fumador o no, si lleva una dieta balanceada, etc.<\/p>\n<p><strong>Fase de sida.<\/strong> Existen manifestaciones como p\u00e9rdida de peso, diarrea, fiebre, crecimiento de los ganglios, sudoraci\u00f3n nocturna, etc, y es precisamente la etapa en la cual, las enfermedades tienen mayor oportunidad de atacar el sistema inmunol\u00f3gico debilitado por la infecci\u00f3n; entre \u00e9stas podemos citar a la neumon\u00eda y la tuberculosis. Es por ello, que cabe resaltar el error al decir que la persona fallece de sida, su deceso es debido a las enfermedades oportunistas que ante un sistema inmune disminuido se tornan a\u00fan m\u00e1s complejas y dif\u00edciles de tratar.<\/p>\n<p><strong>Mitos<\/strong><\/p>\n<p>Como parte de la falta de informaci\u00f3n encontramos diversos mitos, ante lo cual es importante puntualizar que tanto el VIH como el sida no se transmiten por besos, abrazos o caricias, nadar en la misma alberca, piquetes de mosquito, comer del mismo plato\/cubiertos o del mismo alimento, por compartir cuartos de ba\u00f1o o sanitarios, etc.<\/p>\n<p><strong>En M\u00e9xico<\/strong><\/p>\n<p>La cifra de personas con sida aumenta 8 mil casos al a\u00f1o y se estima que actualmente existen aproximadamente 220 mil personas con el VIH en una proporci\u00f3n de 4 hombres infectados por una mujer; pero lo m\u00e1s desafortunado es que casi el 60% ignoran que tienen la infecci\u00f3n y \u00fanicamente se proporcionan, en n\u00fameros redondos, 60 mil tratamientos antirretrovirales. M\u00e9xico es uno de los pa\u00edses afortunados en el que se les otorga tratamiento a los pacientes por las instituciones de salud y seguridad social. Esta situaci\u00f3n se observa en Oaxaca mediante el Consejo Estatal para la Prevenci\u00f3n y Control del sida (COESIDA) y el Centro Ambulatorio para la Prevenci\u00f3n y Atenci\u00f3n del sida e Infecciones de Transmisi\u00f3n Sexual (CAPASITS), cuyo modelo de atenci\u00f3n ocupa un primer\u00edsimo lugar en nuestro pa\u00eds.\t\t\t\t<\/p>\n","protected":false},"excerpt":{"rendered":"<p>El sida es la etapa causada por el Virus de la Inmunodeficiencia Humana (VIH) que destruye en forma paulatina al sistema de defensa del individuo, dej\u00e1ndolo desprotegido contra enfermedades infecciosas y algunos c\u00e1nceres. sida S\u00cdNDROME. Es el conjunto de s\u00edntomas (las molestias que siente una persona) y signos (lo que el m\u00e9dico encuentra en la [&hellip;]<\/p>\n","protected":false},"author":1,"featured_media":0,"parent":0,"menu_order":0,"comment_status":"closed","ping_status":"closed","template":"","meta":{"episode_type":"","audio_file":"","podmotor_file_id":"","podmotor_episode_id":"","cover_image":"","cover_image_id":"","duration":"","filesize":"","filesize_raw":"","date_recorded":"","explicit":"","block":"","footnotes":""},"categories":[],"tags":[],"class_list":["post-223","page","type-page","status-publish","hentry"],"acf":[],"publishpress_future_action":{"enabled":false,"date":"2026-04-21 16:55:25","action":"change-status","newStatus":"draft","terms":[],"taxonomy":"category","extraData":[]},"publishpress_future_workflow_manual_trigger":{"enabledWorkflows":[]},"_links":{"self":[{"href":"https:\/\/www.oaxaca.gob.mx\/coesida\/wp-json\/wp\/v2\/pages\/223","targetHints":{"allow":["GET"]}}],"collection":[{"href":"https:\/\/www.oaxaca.gob.mx\/coesida\/wp-json\/wp\/v2\/pages"}],"about":[{"href":"https:\/\/www.oaxaca.gob.mx\/coesida\/wp-json\/wp\/v2\/types\/page"}],"author":[{"embeddable":true,"href":"https:\/\/www.oaxaca.gob.mx\/coesida\/wp-json\/wp\/v2\/users\/1"}],"replies":[{"embeddable":true,"href":"https:\/\/www.oaxaca.gob.mx\/coesida\/wp-json\/wp\/v2\/comments?post=223"}],"version-history":[{"count":0,"href":"https:\/\/www.oaxaca.gob.mx\/coesida\/wp-json\/wp\/v2\/pages\/223\/revisions"}],"wp:attachment":[{"href":"https:\/\/www.oaxaca.gob.mx\/coesida\/wp-json\/wp\/v2\/media?parent=223"}],"wp:term":[{"taxonomy":"category","embeddable":true,"href":"https:\/\/www.oaxaca.gob.mx\/coesida\/wp-json\/wp\/v2\/categories?post=223"},{"taxonomy":"post_tag","embeddable":true,"href":"https:\/\/www.oaxaca.gob.mx\/coesida\/wp-json\/wp\/v2\/tags?post=223"}],"curies":[{"name":"wp","href":"https:\/\/api.w.org\/{rel}","templated":true}]}}