{"id":221,"date":"2015-09-14T13:10:38","date_gmt":"2015-09-14T19:10:38","guid":{"rendered":"https:\/\/www.oaxaca.gob.mx\/coesida\/?page_id=221"},"modified":"2015-09-14T13:10:38","modified_gmt":"2015-09-14T19:10:38","slug":"informacion-basica","status":"publish","type":"page","link":"https:\/\/www.oaxaca.gob.mx\/coesida\/informacion-basica\/","title":{"rendered":"Informaci\u00f3n b\u00e1sica"},"content":{"rendered":"<p>\t\t\t\tA continuaci\u00f3n podr\u00e1 encontrar informaci\u00f3n b\u00e1sica sobre el VIH y el sida, si tiene m\u00e1s dudas no dude en comunicarse con nosotros v\u00eda chat, a trav\u00e9s de la l\u00ednea Telsida o directamente acudiendo a nuestras oficinas.<\/p>\n<ul class=\"listas-geo\">\n<li><a href=\"\/coesida\/vih\/\">VIH<\/a><\/li>\n<li><a href=\"\/coesida\/sida\/\">sida<\/a><\/li>\n<li><a href=\"\/coesida\/estigma\/\">Estigma<\/a><\/li>\n<li><a href=\"\/coesida\/discriminacion\/\">Discriminaci\u00f3n<\/a><\/li>\n<li><a href=\"\/coesida\/la-prueba\/\">La prueba<\/a><\/li>\n<\/ul>\n","protected":false},"excerpt":{"rendered":"<p>A continuaci\u00f3n podr\u00e1 encontrar informaci\u00f3n b\u00e1sica sobre el VIH y el sida, si tiene m\u00e1s dudas no dude en comunicarse con nosotros v\u00eda chat, a trav\u00e9s de la l\u00ednea Telsida o directamente acudiendo a nuestras oficinas. VIH sida Estigma Discriminaci\u00f3n La prueba<\/p>\n","protected":false},"author":1,"featured_media":0,"parent":0,"menu_order":0,"comment_status":"closed","ping_status":"closed","template":"","meta":{"episode_type":"","audio_file":"","podmotor_file_id":"","podmotor_episode_id":"","cover_image":"","cover_image_id":"","duration":"","filesize":"","filesize_raw":"","date_recorded":"","explicit":"","block":"","footnotes":""},"categories":[],"tags":[],"class_list":["post-221","page","type-page","status-publish","hentry"],"acf":[],"publishpress_future_action":{"enabled":false,"date":"2026-05-12 13:44:17","action":"change-status","newStatus":"draft","terms":[],"taxonomy":"category","extraData":[]},"publishpress_future_workflow_manual_trigger":{"enabledWorkflows":[]},"_links":{"self":[{"href":"https:\/\/www.oaxaca.gob.mx\/coesida\/wp-json\/wp\/v2\/pages\/221","targetHints":{"allow":["GET"]}}],"collection":[{"href":"https:\/\/www.oaxaca.gob.mx\/coesida\/wp-json\/wp\/v2\/pages"}],"about":[{"href":"https:\/\/www.oaxaca.gob.mx\/coesida\/wp-json\/wp\/v2\/types\/page"}],"author":[{"embeddable":true,"href":"https:\/\/www.oaxaca.gob.mx\/coesida\/wp-json\/wp\/v2\/users\/1"}],"replies":[{"embeddable":true,"href":"https:\/\/www.oaxaca.gob.mx\/coesida\/wp-json\/wp\/v2\/comments?post=221"}],"version-history":[{"count":0,"href":"https:\/\/www.oaxaca.gob.mx\/coesida\/wp-json\/wp\/v2\/pages\/221\/revisions"}],"wp:attachment":[{"href":"https:\/\/www.oaxaca.gob.mx\/coesida\/wp-json\/wp\/v2\/media?parent=221"}],"wp:term":[{"taxonomy":"category","embeddable":true,"href":"https:\/\/www.oaxaca.gob.mx\/coesida\/wp-json\/wp\/v2\/categories?post=221"},{"taxonomy":"post_tag","embeddable":true,"href":"https:\/\/www.oaxaca.gob.mx\/coesida\/wp-json\/wp\/v2\/tags?post=221"}],"curies":[{"name":"wp","href":"https:\/\/api.w.org\/{rel}","templated":true}]}}