{"id":220,"date":"2015-09-14T11:22:59","date_gmt":"2015-09-14T17:22:59","guid":{"rendered":"https:\/\/www.oaxaca.gob.mx\/coesida\/?page_id=220"},"modified":"2015-09-14T11:22:59","modified_gmt":"2015-09-14T17:22:59","slug":"vih","status":"publish","type":"page","link":"https:\/\/www.oaxaca.gob.mx\/coesida\/vih\/","title":{"rendered":"VIH"},"content":{"rendered":"<p>\t\t\t\tLa infecci\u00f3n por el Virus de la Inmunodeficiencia Humana (VIH) puede ser adquirida por todas las personas, independientemente del estatus social, econ\u00f3mico, raza, preferencia sexual, pol\u00edtica, religiosa o ideol\u00f3gica. Existen s\u00f3lo tres v\u00edas para que una persona contraiga el Virus que causa el sida:<\/p>\n<p><strong>Transmisi\u00f3n<\/strong><\/p>\n<p>1. V\u00eda sexual: Por tener relaciones sexuales ya sea v\u00eda vaginal, anal u oral no protegidas (sin cond\u00f3n o us\u00e1ndolo incorrectamente).<\/p>\n<p>2. V\u00eda sangu\u00ednea: Por transfusiones de sangre infectada con el VIH, compartir agujas, realizarse tatuajes, perforaciones y acupuntura, con materiales que han sido utilizados con anterioridad y no son esterilizados previamente, as\u00ed como por trasplantes de \u00f3rganos.<\/p>\n<p>3. V\u00eda perinatal: cuando una mujer que tiene el VIH o lo adquiere en cualquier momento del embarazo transmite el virus a su hijo (a) a trav\u00e9s de la placenta, durante el parto o lactancia (con la leche materna).<\/p>\n<p>Una vez que el Virus se encuentra dentro de las c\u00e9lulas de defensa, las utiliza para poder vivir en ellas y multiplicarse sin causar s\u00edntomas por mucho tiempo (1 a 10 a\u00f1os \u00f3 m\u00e1s) y es cuando se dice que una persona es Seropositiva al VIH, es decir, que est\u00e1 infectada por el Virus pero no tiene molestias y no ha desarrollado sida, pero puede infectar a otras personas a trav\u00e9s de las tres v\u00edas de transmisi\u00f3n.<\/p>\n<p><strong>Prevenci\u00f3n<\/strong><\/p>\n<p><strong>1. V\u00eda sexual:<\/strong><\/p>\n<p>Abstinencia sexual. Es no teniendo relaciones sexuales.<\/p>\n<p>Practicar el Sexo Seguro. Sin penetraci\u00f3n y s\u00f3lo a trav\u00e9s de caricias, besos, abrazos, masturbaci\u00f3n y eyaculaci\u00f3n en piel sana.<\/p>\n<p>Practicar el Sexo Protegido. Usando el cond\u00f3n masculino o femenino de forma correcta para evitar el contacto directo con los fluidos corporales infectantes (l\u00edquido preeyaculatorio, semen y fluidos vaginales).<\/p>\n<p>Fomentando la fidelidad, es decir, teniendo relaciones sexuales s\u00f3lo con una persona y que \u00e9sta tambi\u00e9n sea fiel.<\/p>\n<p><strong>2. V\u00eda sangu\u00ednea:<\/strong><\/p>\n<p>Apartir de 1996 no se han presentado casos de infecci\u00f3n por transfusi\u00f3n.<\/p>\n<p>Recibir o donar s\u00f3lo \u00f3rganos (ri\u00f1\u00f3n, c\u00f3rnea, coraz\u00f3n, m\u00e9dula \u00f3sea, h\u00edgado, etc.) que hayan sido previamente analizados y que se encuentren libres del VIH.<\/p>\n<p>Utilizar siempre jeringas y agujas desechables esterilizados y no compartirlas por ning\u00fan motivo.<\/p>\n<p>Si te realizas tatuajes y perforaciones aseg\u00farate que sea en sitios autorizados y que el material utilizado sea desechable o est\u00e9ril.<\/p>\n<p><strong>3. V\u00eda perinatal:<\/strong><\/p>\n<p>Toda mujer embarazada se debe realizar la prueba del VIH, y en caso de ser positiva recibir un tratamiento adecuado, para evitar que el beb\u00e9 se infecte.\t\t\t\t<\/p>\n","protected":false},"excerpt":{"rendered":"<p>La infecci\u00f3n por el Virus de la Inmunodeficiencia Humana (VIH) puede ser adquirida por todas las personas, independientemente del estatus social, econ\u00f3mico, raza, preferencia sexual, pol\u00edtica, religiosa o ideol\u00f3gica. Existen s\u00f3lo tres v\u00edas para que una persona contraiga el Virus que causa el sida: Transmisi\u00f3n 1. V\u00eda sexual: Por tener relaciones sexuales ya sea v\u00eda [&hellip;]<\/p>\n","protected":false},"author":1,"featured_media":0,"parent":0,"menu_order":0,"comment_status":"closed","ping_status":"closed","template":"","meta":{"episode_type":"","audio_file":"","podmotor_file_id":"","podmotor_episode_id":"","cover_image":"","cover_image_id":"","duration":"","filesize":"","filesize_raw":"","date_recorded":"","explicit":"","block":"","footnotes":""},"categories":[],"tags":[],"class_list":["post-220","page","type-page","status-publish","hentry"],"acf":[],"publishpress_future_action":{"enabled":false,"date":"2026-04-26 07:23:33","action":"change-status","newStatus":"draft","terms":[],"taxonomy":"category","extraData":[]},"publishpress_future_workflow_manual_trigger":{"enabledWorkflows":[]},"_links":{"self":[{"href":"https:\/\/www.oaxaca.gob.mx\/coesida\/wp-json\/wp\/v2\/pages\/220","targetHints":{"allow":["GET"]}}],"collection":[{"href":"https:\/\/www.oaxaca.gob.mx\/coesida\/wp-json\/wp\/v2\/pages"}],"about":[{"href":"https:\/\/www.oaxaca.gob.mx\/coesida\/wp-json\/wp\/v2\/types\/page"}],"author":[{"embeddable":true,"href":"https:\/\/www.oaxaca.gob.mx\/coesida\/wp-json\/wp\/v2\/users\/1"}],"replies":[{"embeddable":true,"href":"https:\/\/www.oaxaca.gob.mx\/coesida\/wp-json\/wp\/v2\/comments?post=220"}],"version-history":[{"count":0,"href":"https:\/\/www.oaxaca.gob.mx\/coesida\/wp-json\/wp\/v2\/pages\/220\/revisions"}],"wp:attachment":[{"href":"https:\/\/www.oaxaca.gob.mx\/coesida\/wp-json\/wp\/v2\/media?parent=220"}],"wp:term":[{"taxonomy":"category","embeddable":true,"href":"https:\/\/www.oaxaca.gob.mx\/coesida\/wp-json\/wp\/v2\/categories?post=220"},{"taxonomy":"post_tag","embeddable":true,"href":"https:\/\/www.oaxaca.gob.mx\/coesida\/wp-json\/wp\/v2\/tags?post=220"}],"curies":[{"name":"wp","href":"https:\/\/api.w.org\/{rel}","templated":true}]}}