{"id":200,"date":"2015-09-14T10:32:21","date_gmt":"2015-09-14T16:32:21","guid":{"rendered":"https:\/\/www.oaxaca.gob.mx\/coesida\/?page_id=200"},"modified":"2015-09-14T10:32:21","modified_gmt":"2015-09-14T16:32:21","slug":"actualizacion-a-trabajadores-de-la-salud","status":"publish","type":"page","link":"https:\/\/www.oaxaca.gob.mx\/coesida\/actualizacion-a-trabajadores-de-la-salud\/","title":{"rendered":"Actualizaci\u00f3n a Trabajadores de la Salud"},"content":{"rendered":"<p>\t\t\t\tSe conocen tres mecanismos de transmisi\u00f3n: el sexual, mecanismo por el cual m\u00e1s del 95% de las personas que viven con el VIH lo han contra\u00eddo; el segundo lugar lo ocupa el sangu\u00edneo, principalmente en usuarios de drogas inyectables y como mecanismo accidental en los trabajadores de la salud y por \u00faltimo, el mecanismo vertical, es decir, de una madre infectada al producto de su embarazo; este \u00faltimo adquiere relevancia debido a que es pr\u00e1cticamente previsible cuando a una embarazada se le detecta de forma oportuna la infecci\u00f3n y recibe tratamiento antirretroviral altamente activo, independientemente al estadio de la infecci\u00f3n.<\/p>\n<p>Es por esto que es imprescindible la capacitaci\u00f3n continua y sistem\u00e1tica al personal de salud, con temas que le permitan la autoprotecci\u00f3n, la detecci\u00f3n de personas infectadas, embarazadas y ni\u00f1os, a fin de que obtengan los conocimientos primordiales y en forma paralela, se sensibilicen debido a que a\u00fan por ignorancia, contin\u00faa habiendo estigma y discriminaci\u00f3n hacia las personas que viven con el VIH.<\/p>\n<p>Este programa recurre a:<\/p>\n<p>La capacitaci\u00f3n en todos los temas que integran la gran miscel\u00e1nea de conocimientos en materia de prevenci\u00f3n de la infecci\u00f3n por el Virus de la Inmunodeficiencia Humana y otras Infecciones de Transmisi\u00f3n Sexual y sensibilizaci\u00f3n del personal m\u00e9dico y param\u00e9dico seleccionado de las oficinas centrales de las seis Jurisdicciones Sanitarias, hospitales generales y equivalentes y de los centros de salud de mayor complejidad de los Servicios de Salud de Oaxaca. As\u00ed mismo, de los hospitales generales de las instituciones de salud y seguridad social en el Estado (IMSS, ISSSTE, CFE, SEDENA, PEMEX y SECMAR), as\u00ed como de los establecimientos del sector m\u00e9dico privado con hospitalizaci\u00f3n (Sanatorios, Cl\u00ednicas, Maternidades, Centros Quir\u00fargicos, etc.). Tambi\u00e9n se capacita al personal de nuevo ingreso del COESIDA-CAPASITS. Su enfoque va dirigido a los trabajadores del \u00e1rea blanca de la salud de las instituciones p\u00fablicas, sociales y privadas (m\u00e9dicos, enfermeras, trabajadoras sociales, odont\u00f3logos, psic\u00f3logos, qu\u00edmicos).\t\t\t\t<\/p>\n","protected":false},"excerpt":{"rendered":"<p>Se conocen tres mecanismos de transmisi\u00f3n: el sexual, mecanismo por el cual m\u00e1s del 95% de las personas que viven con el VIH lo han contra\u00eddo; el segundo lugar lo ocupa el sangu\u00edneo, principalmente en usuarios de drogas inyectables y como mecanismo accidental en los trabajadores de la salud y por \u00faltimo, el mecanismo vertical, [&hellip;]<\/p>\n","protected":false},"author":1,"featured_media":0,"parent":0,"menu_order":0,"comment_status":"closed","ping_status":"closed","template":"","meta":{"episode_type":"","audio_file":"","podmotor_file_id":"","podmotor_episode_id":"","cover_image":"","cover_image_id":"","duration":"","filesize":"","filesize_raw":"","date_recorded":"","explicit":"","block":"","footnotes":""},"categories":[],"tags":[],"class_list":["post-200","page","type-page","status-publish","hentry"],"acf":[],"publishpress_future_action":{"enabled":false,"date":"2026-05-12 13:39:19","action":"change-status","newStatus":"draft","terms":[],"taxonomy":"category","extraData":[]},"publishpress_future_workflow_manual_trigger":{"enabledWorkflows":[]},"_links":{"self":[{"href":"https:\/\/www.oaxaca.gob.mx\/coesida\/wp-json\/wp\/v2\/pages\/200","targetHints":{"allow":["GET"]}}],"collection":[{"href":"https:\/\/www.oaxaca.gob.mx\/coesida\/wp-json\/wp\/v2\/pages"}],"about":[{"href":"https:\/\/www.oaxaca.gob.mx\/coesida\/wp-json\/wp\/v2\/types\/page"}],"author":[{"embeddable":true,"href":"https:\/\/www.oaxaca.gob.mx\/coesida\/wp-json\/wp\/v2\/users\/1"}],"replies":[{"embeddable":true,"href":"https:\/\/www.oaxaca.gob.mx\/coesida\/wp-json\/wp\/v2\/comments?post=200"}],"version-history":[{"count":0,"href":"https:\/\/www.oaxaca.gob.mx\/coesida\/wp-json\/wp\/v2\/pages\/200\/revisions"}],"wp:attachment":[{"href":"https:\/\/www.oaxaca.gob.mx\/coesida\/wp-json\/wp\/v2\/media?parent=200"}],"wp:term":[{"taxonomy":"category","embeddable":true,"href":"https:\/\/www.oaxaca.gob.mx\/coesida\/wp-json\/wp\/v2\/categories?post=200"},{"taxonomy":"post_tag","embeddable":true,"href":"https:\/\/www.oaxaca.gob.mx\/coesida\/wp-json\/wp\/v2\/tags?post=200"}],"curies":[{"name":"wp","href":"https:\/\/api.w.org\/{rel}","templated":true}]}}