{"id":198,"date":"2015-09-14T10:30:22","date_gmt":"2015-09-14T16:30:22","guid":{"rendered":"https:\/\/www.oaxaca.gob.mx\/coesida\/?page_id=198"},"modified":"2015-09-14T10:30:22","modified_gmt":"2015-09-14T16:30:22","slug":"varones-que-tienen-sexo-con-otros-varones","status":"publish","type":"page","link":"https:\/\/www.oaxaca.gob.mx\/coesida\/varones-que-tienen-sexo-con-otros-varones\/","title":{"rendered":"Varones que tienen Sexo con otros Varones"},"content":{"rendered":"<p>\t\t\t\tAunque los reportes epidemiol\u00f3gicos marcan un mayor porcentaje de casos de Sida y de seropositividad en los heterosexuales, desde que se han reportado los primeros casos de VIH\/Sida se ha observado una epidemia concentrada en los Varones que tienen Sexo con otros Varones (VSV), esto debido a que la relaci\u00f3n sexual sin protecci\u00f3n entre varones sigue siendo un factor que representa el 57% de las infecciones, aunado a la migraci\u00f3n, inmigraci\u00f3n, el turismo sexual, el comercio sexual, la falta de cultura en salud, carente educaci\u00f3n en la sexualidad, la inequidad, conductas estereotipadas, el dominio masculino, la discriminaci\u00f3n y la homofobia en todas sus expresiones.<\/p>\n<p>El universo de trabajo del Programa VSV abarca los varones que se definen como homosexuales o bisexuales, quienes tienen relaciones sexuales ocasionales con otros varones, varones trabajadores sexuales y varones quienes hayan tenido relaciones con \u00e9stos, travestis, transg\u00e9nero y transexuales, varones privados de su libertad en los CERESOS (Centros de Readaptaci\u00f3n Social), varones pertenecientes a las fuerzas armadas o de la milicia.<\/p>\n<p>Este programa tiene como objetivo:<\/p>\n<p>Aplicar las estrategias de prevenci\u00f3n y protecci\u00f3n para los hombres que tienen relaciones homosexuales, los trabajadores sexuales y los transexuales, de la infecci\u00f3n por VIH, as\u00ed como la cultura de respeto a sus derechos humanos, vivan o no con tales infecciones, eliminando las leyes punitivas, las pol\u00edticas, las pr\u00e1cticas, los estigmas y los actos de discriminaci\u00f3n que impiden dar una respuesta eficaz al VIH\/Sida. Esto mediante:<\/p>\n<ul>\n<li>El trabajo conjunto con los municipios y su registro de trabajadores sexuales.<\/li>\n<li>Aplicaci\u00f3n de las acciones de capacitaci\u00f3n, talleres y cursos en los espacios f\u00edsicos y centros de reuni\u00f3n de la poblaci\u00f3n VSV. Promoviendo la prueba de detecci\u00f3n del VIH, el sexo seguro y el sexo protegido a trav\u00e9s del uso correcto del cond\u00f3n.<\/li>\n<li>Intervenci\u00f3n en los actos de conmemoraci\u00f3n del D\u00eda Estatal contra la Homofobia.<\/li>\n<\/ul>\n","protected":false},"excerpt":{"rendered":"<p>Aunque los reportes epidemiol\u00f3gicos marcan un mayor porcentaje de casos de Sida y de seropositividad en los heterosexuales, desde que se han reportado los primeros casos de VIH\/Sida se ha observado una epidemia concentrada en los Varones que tienen Sexo con otros Varones (VSV), esto debido a que la relaci\u00f3n sexual sin protecci\u00f3n entre varones [&hellip;]<\/p>\n","protected":false},"author":1,"featured_media":0,"parent":0,"menu_order":0,"comment_status":"closed","ping_status":"closed","template":"","meta":{"episode_type":"","audio_file":"","podmotor_file_id":"","podmotor_episode_id":"","cover_image":"","cover_image_id":"","duration":"","filesize":"","filesize_raw":"","date_recorded":"","explicit":"","block":"","footnotes":""},"categories":[],"tags":[],"class_list":["post-198","page","type-page","status-publish","hentry"],"acf":[],"publishpress_future_action":{"enabled":false,"date":"2026-04-29 11:14:01","action":"change-status","newStatus":"draft","terms":[],"taxonomy":"category","extraData":[]},"publishpress_future_workflow_manual_trigger":{"enabledWorkflows":[]},"_links":{"self":[{"href":"https:\/\/www.oaxaca.gob.mx\/coesida\/wp-json\/wp\/v2\/pages\/198","targetHints":{"allow":["GET"]}}],"collection":[{"href":"https:\/\/www.oaxaca.gob.mx\/coesida\/wp-json\/wp\/v2\/pages"}],"about":[{"href":"https:\/\/www.oaxaca.gob.mx\/coesida\/wp-json\/wp\/v2\/types\/page"}],"author":[{"embeddable":true,"href":"https:\/\/www.oaxaca.gob.mx\/coesida\/wp-json\/wp\/v2\/users\/1"}],"replies":[{"embeddable":true,"href":"https:\/\/www.oaxaca.gob.mx\/coesida\/wp-json\/wp\/v2\/comments?post=198"}],"version-history":[{"count":0,"href":"https:\/\/www.oaxaca.gob.mx\/coesida\/wp-json\/wp\/v2\/pages\/198\/revisions"}],"wp:attachment":[{"href":"https:\/\/www.oaxaca.gob.mx\/coesida\/wp-json\/wp\/v2\/media?parent=198"}],"wp:term":[{"taxonomy":"category","embeddable":true,"href":"https:\/\/www.oaxaca.gob.mx\/coesida\/wp-json\/wp\/v2\/categories?post=198"},{"taxonomy":"post_tag","embeddable":true,"href":"https:\/\/www.oaxaca.gob.mx\/coesida\/wp-json\/wp\/v2\/tags?post=198"}],"curies":[{"name":"wp","href":"https:\/\/api.w.org\/{rel}","templated":true}]}}