{"id":196,"date":"2015-09-14T10:28:34","date_gmt":"2015-09-14T16:28:34","guid":{"rendered":"https:\/\/www.oaxaca.gob.mx\/coesida\/?page_id=196"},"modified":"2015-09-14T10:28:34","modified_gmt":"2015-09-14T16:28:34","slug":"mujer-y-sida","status":"publish","type":"page","link":"https:\/\/www.oaxaca.gob.mx\/coesida\/mujer-y-sida\/","title":{"rendered":"Mujer y sida"},"content":{"rendered":"<p>\t\t\t\tEstudios recientes demuestran que los casos de VIH\/Sida han ido en aumento en las mujeres, la mayor vulnerabilidad que enfrentan a la infecci\u00f3n es la biol\u00f3gica, debido a que la zona de exposici\u00f3n al virus es mayor que en el hombre, asume la posici\u00f3n receptiva en la relaci\u00f3n y socialmente, la mujer es m\u00e1s vulnerable porque su posibilidad de negociaci\u00f3n en el uso del cond\u00f3n frente al hombre es m\u00e1s limitada.<\/p>\n<p>El programa Mujer y Sida se dirige a trabajadoras del sexo comercial; mujeres profesionistas que laboran en las diversas dependencias gubernamentales, f\u00e1bricas y centros comerciales; amas de casa que acuden a cursos a las academias de belleza, corte y confecci\u00f3n; poblaci\u00f3n femenina que acude a los diferentes mercados de la Ciudad de Oaxaca; mujeres de la tercera edad de los Centros de Seguridad Social del IMSS y del ISSSTE; amas de casa que acuden a los Centros de Salud del programa nacional de Oportunidades; poblaci\u00f3n femenina que acude a los servicios m\u00e9dicos y cuidados maternos de los diversos hospitales y cl\u00ednicas de gobierno; mujeres que asisten a los gimnasios, as\u00ed como a los diferentes municipios en el Estado.<\/p>\n<p>Este programa recurre a:<\/p>\n<ul>\n<li>Organizaci\u00f3n y desarrollo de sesiones, talleres e instalaci\u00f3n de m\u00f3dulos de informaci\u00f3n, orientaci\u00f3n y sensibilizaci\u00f3n en centros de reuni\u00f3n o de trabajo donde se encuentren las mujeres.<\/li>\n<li>Incorporaci\u00f3n de los c\u00f3nyuges, compa\u00f1eros o parejas de las mujeres objeto del presente programa, para que tambi\u00e9n reciban el mensaje de la prevenci\u00f3n y se sensibilicen para evitar la infecci\u00f3n por el VIH y otras ITS.<\/li>\n<li>Vinculaci\u00f3n con autoridades de dependencias de los tres niveles de gobierno, de organizaciones sociales y empresas de la iniciativa privada, etc.<\/li>\n<li>Cumplimiento de acuerdos y compromisos establecidos por el COESIDA con instituciones u organizaciones p\u00fablicas, sociales y privadas, tales como el Instituto de la Mujer Oaxaque\u00f1a y con la Casa de la Mujer Rosario Castellanos.<\/li>\n<\/ul>\n<p>&nbsp;\t\t\t\t<\/p>\n","protected":false},"excerpt":{"rendered":"<p>Estudios recientes demuestran que los casos de VIH\/Sida han ido en aumento en las mujeres, la mayor vulnerabilidad que enfrentan a la infecci\u00f3n es la biol\u00f3gica, debido a que la zona de exposici\u00f3n al virus es mayor que en el hombre, asume la posici\u00f3n receptiva en la relaci\u00f3n y socialmente, la mujer es m\u00e1s vulnerable [&hellip;]<\/p>\n","protected":false},"author":1,"featured_media":0,"parent":0,"menu_order":0,"comment_status":"closed","ping_status":"closed","template":"","meta":{"episode_type":"","audio_file":"","podmotor_file_id":"","podmotor_episode_id":"","cover_image":"","cover_image_id":"","duration":"","filesize":"","filesize_raw":"","date_recorded":"","explicit":"","block":"","footnotes":""},"categories":[],"tags":[],"class_list":["post-196","page","type-page","status-publish","hentry"],"acf":[],"publishpress_future_action":{"enabled":false,"date":"2026-05-12 12:07:47","action":"change-status","newStatus":"draft","terms":[],"taxonomy":"category","extraData":[]},"publishpress_future_workflow_manual_trigger":{"enabledWorkflows":[]},"_links":{"self":[{"href":"https:\/\/www.oaxaca.gob.mx\/coesida\/wp-json\/wp\/v2\/pages\/196","targetHints":{"allow":["GET"]}}],"collection":[{"href":"https:\/\/www.oaxaca.gob.mx\/coesida\/wp-json\/wp\/v2\/pages"}],"about":[{"href":"https:\/\/www.oaxaca.gob.mx\/coesida\/wp-json\/wp\/v2\/types\/page"}],"author":[{"embeddable":true,"href":"https:\/\/www.oaxaca.gob.mx\/coesida\/wp-json\/wp\/v2\/users\/1"}],"replies":[{"embeddable":true,"href":"https:\/\/www.oaxaca.gob.mx\/coesida\/wp-json\/wp\/v2\/comments?post=196"}],"version-history":[{"count":0,"href":"https:\/\/www.oaxaca.gob.mx\/coesida\/wp-json\/wp\/v2\/pages\/196\/revisions"}],"wp:attachment":[{"href":"https:\/\/www.oaxaca.gob.mx\/coesida\/wp-json\/wp\/v2\/media?parent=196"}],"wp:term":[{"taxonomy":"category","embeddable":true,"href":"https:\/\/www.oaxaca.gob.mx\/coesida\/wp-json\/wp\/v2\/categories?post=196"},{"taxonomy":"post_tag","embeddable":true,"href":"https:\/\/www.oaxaca.gob.mx\/coesida\/wp-json\/wp\/v2\/tags?post=196"}],"curies":[{"name":"wp","href":"https:\/\/api.w.org\/{rel}","templated":true}]}}