{"id":190,"date":"2015-09-14T10:21:59","date_gmt":"2015-09-14T16:21:59","guid":{"rendered":"https:\/\/www.oaxaca.gob.mx\/coesida\/?page_id=190"},"modified":"2015-09-14T10:21:59","modified_gmt":"2015-09-14T16:21:59","slug":"universida","status":"publish","type":"page","link":"https:\/\/www.oaxaca.gob.mx\/coesida\/universida\/","title":{"rendered":"Universida"},"content":{"rendered":"<p>\t\t\t\tLos j\u00f3venes estudiantes del grado universitario tanto a nivel privado como p\u00fablico, manejan un posible riesgo de infecci\u00f3n que depende de sus caracter\u00edsticas cronol\u00f3gicas y socioculturales, sumadas a su contexto e individualidad. La atenci\u00f3n a este sector (individuos de ambos sexos del grupo de edad superior a los 18 a\u00f1os) es particularmente importante, ya que los casos de infecci\u00f3n por el VIH\/Sida est\u00e1n concentrados en el grupo de edad de 20 a 29 a\u00f1os.<\/p>\n<p>Durante la vida universitaria muchos inician una vida sexual activa, si es que no la iniciaron previamente mientras que algunos otros comienzan, ya sea por necesidad de aceptaci\u00f3n o incitaci\u00f3n, adicciones que implican una conducta de riesgo para la infecci\u00f3n por el VIH por v\u00eda sexual o sangu\u00ednea.<\/p>\n<p>El contexto universitario no solo representa riesgos, sino tambi\u00e9n oportunidades para ejercer cambios de comportamiento y actitudes sobre la infecci\u00f3n por el VIH o las manifestaciones cl\u00ednicas del Sida, en pro de una prevenci\u00f3n.<\/p>\n<p>Bajo este programa se busca:<\/p>\n<ul>\n<li>Promover la prueba de detecci\u00f3n del VIH.<\/li>\n<li>Promover y orientar acerca del uso correcto del cond\u00f3n.<\/li>\n<li>Fomentar una cultura de respeto a los derechos humanos, a las personas que viven con VIH\/Sida o que tienen una diferente orientaci\u00f3n sexual.<\/li>\n<li>Promover la prevenci\u00f3n perinatal.<\/li>\n<\/ul>\n<p>Todos estos objetivos se fomentan por medio de modalidades demostrativas, actividades interactivas, din\u00e1micas de asertividad, demostraciones del uso correcto del cond\u00f3n masculino y femenino, informaci\u00f3n impresa y trabajando con el tema de autoestima.\t\t\t\t<\/p>\n","protected":false},"excerpt":{"rendered":"<p>Los j\u00f3venes estudiantes del grado universitario tanto a nivel privado como p\u00fablico, manejan un posible riesgo de infecci\u00f3n que depende de sus caracter\u00edsticas cronol\u00f3gicas y socioculturales, sumadas a su contexto e individualidad. La atenci\u00f3n a este sector (individuos de ambos sexos del grupo de edad superior a los 18 a\u00f1os) es particularmente importante, ya que [&hellip;]<\/p>\n","protected":false},"author":1,"featured_media":0,"parent":0,"menu_order":0,"comment_status":"closed","ping_status":"closed","template":"","meta":{"episode_type":"","audio_file":"","podmotor_file_id":"","podmotor_episode_id":"","cover_image":"","cover_image_id":"","duration":"","filesize":"","filesize_raw":"","date_recorded":"","explicit":"","block":"","footnotes":""},"categories":[],"tags":[],"class_list":["post-190","page","type-page","status-publish","hentry"],"acf":[],"publishpress_future_action":{"enabled":false,"date":"2026-05-12 12:09:15","action":"change-status","newStatus":"draft","terms":[],"taxonomy":"category","extraData":[]},"publishpress_future_workflow_manual_trigger":{"enabledWorkflows":[]},"_links":{"self":[{"href":"https:\/\/www.oaxaca.gob.mx\/coesida\/wp-json\/wp\/v2\/pages\/190","targetHints":{"allow":["GET"]}}],"collection":[{"href":"https:\/\/www.oaxaca.gob.mx\/coesida\/wp-json\/wp\/v2\/pages"}],"about":[{"href":"https:\/\/www.oaxaca.gob.mx\/coesida\/wp-json\/wp\/v2\/types\/page"}],"author":[{"embeddable":true,"href":"https:\/\/www.oaxaca.gob.mx\/coesida\/wp-json\/wp\/v2\/users\/1"}],"replies":[{"embeddable":true,"href":"https:\/\/www.oaxaca.gob.mx\/coesida\/wp-json\/wp\/v2\/comments?post=190"}],"version-history":[{"count":0,"href":"https:\/\/www.oaxaca.gob.mx\/coesida\/wp-json\/wp\/v2\/pages\/190\/revisions"}],"wp:attachment":[{"href":"https:\/\/www.oaxaca.gob.mx\/coesida\/wp-json\/wp\/v2\/media?parent=190"}],"wp:term":[{"taxonomy":"category","embeddable":true,"href":"https:\/\/www.oaxaca.gob.mx\/coesida\/wp-json\/wp\/v2\/categories?post=190"},{"taxonomy":"post_tag","embeddable":true,"href":"https:\/\/www.oaxaca.gob.mx\/coesida\/wp-json\/wp\/v2\/tags?post=190"}],"curies":[{"name":"wp","href":"https:\/\/api.w.org\/{rel}","templated":true}]}}