{"id":188,"date":"2015-09-14T10:19:37","date_gmt":"2015-09-14T16:19:37","guid":{"rendered":"https:\/\/www.oaxaca.gob.mx\/coesida\/?page_id=188"},"modified":"2015-09-14T10:19:37","modified_gmt":"2015-09-14T16:19:37","slug":"poblacion-abierta","status":"publish","type":"page","link":"https:\/\/www.oaxaca.gob.mx\/coesida\/poblacion-abierta\/","title":{"rendered":"Poblaci\u00f3n abierta"},"content":{"rendered":"<p>\t\t\t\tEste Programa de Capacitaci\u00f3n est\u00e1 dirigido a individuos de ambos sexos, generalmente adultos y adultos mayores. Tambi\u00e9n pueden incluirse j\u00f3venes no estudiantes; atiende en materia de prevenci\u00f3n ante el VIH y otras Infecciones de Transmisi\u00f3n Sexual.<\/p>\n<p>Es importante fortalecer la educaci\u00f3n sexual y minimizar el impacto negativo que diferentes factores pueden generar en las personas, esto mediante informaci\u00f3n certera y f\u00e1cil de comprender.<\/p>\n<p>Este programa tiene como objetivo contribuir a la disminuci\u00f3n de incidencia de la infecci\u00f3n por el VIH e ITS en la poblaci\u00f3n del Estado mediante:<\/p>\n<p><strong>Sesiones Educativas<\/strong><\/p>\n<p>En relaci\u00f3n a la infecci\u00f3n por el VIH y otras ITS, as\u00ed como las medidas b\u00e1sicas de prevenci\u00f3n de las mismas.<\/p>\n<p><strong>Talleres<\/strong><\/p>\n<p>Sobre educaci\u00f3n sexual y\/o sensibilizaci\u00f3n sobre la infecci\u00f3n del VIH y otras ITS, as\u00ed como de los estigmas que las acompa\u00f1an, la homofobia y la discriminaci\u00f3n.<\/p>\n<p><strong>M\u00f3dulos<\/strong><\/p>\n<p>De informaci\u00f3n, orientaci\u00f3n y sensibilizaci\u00f3n sobre el VIH, ITS, uso correcto del cond\u00f3n, negociaci\u00f3n del mismo y promoci\u00f3n de la prueba r\u00e1pida.\t\t\t\t<\/p>\n","protected":false},"excerpt":{"rendered":"<p>Este Programa de Capacitaci\u00f3n est\u00e1 dirigido a individuos de ambos sexos, generalmente adultos y adultos mayores. Tambi\u00e9n pueden incluirse j\u00f3venes no estudiantes; atiende en materia de prevenci\u00f3n ante el VIH y otras Infecciones de Transmisi\u00f3n Sexual. Es importante fortalecer la educaci\u00f3n sexual y minimizar el impacto negativo que diferentes factores pueden generar en las personas, [&hellip;]<\/p>\n","protected":false},"author":1,"featured_media":0,"parent":0,"menu_order":0,"comment_status":"closed","ping_status":"closed","template":"","meta":{"episode_type":"","audio_file":"","podmotor_file_id":"","podmotor_episode_id":"","cover_image":"","cover_image_id":"","duration":"","filesize":"","filesize_raw":"","date_recorded":"","explicit":"","block":"","footnotes":""},"categories":[],"tags":[],"class_list":["post-188","page","type-page","status-publish","hentry"],"acf":[],"publishpress_future_action":{"enabled":false,"date":"2026-05-12 15:07:56","action":"change-status","newStatus":"draft","terms":[],"taxonomy":"category","extraData":[]},"publishpress_future_workflow_manual_trigger":{"enabledWorkflows":[]},"_links":{"self":[{"href":"https:\/\/www.oaxaca.gob.mx\/coesida\/wp-json\/wp\/v2\/pages\/188","targetHints":{"allow":["GET"]}}],"collection":[{"href":"https:\/\/www.oaxaca.gob.mx\/coesida\/wp-json\/wp\/v2\/pages"}],"about":[{"href":"https:\/\/www.oaxaca.gob.mx\/coesida\/wp-json\/wp\/v2\/types\/page"}],"author":[{"embeddable":true,"href":"https:\/\/www.oaxaca.gob.mx\/coesida\/wp-json\/wp\/v2\/users\/1"}],"replies":[{"embeddable":true,"href":"https:\/\/www.oaxaca.gob.mx\/coesida\/wp-json\/wp\/v2\/comments?post=188"}],"version-history":[{"count":0,"href":"https:\/\/www.oaxaca.gob.mx\/coesida\/wp-json\/wp\/v2\/pages\/188\/revisions"}],"wp:attachment":[{"href":"https:\/\/www.oaxaca.gob.mx\/coesida\/wp-json\/wp\/v2\/media?parent=188"}],"wp:term":[{"taxonomy":"category","embeddable":true,"href":"https:\/\/www.oaxaca.gob.mx\/coesida\/wp-json\/wp\/v2\/categories?post=188"},{"taxonomy":"post_tag","embeddable":true,"href":"https:\/\/www.oaxaca.gob.mx\/coesida\/wp-json\/wp\/v2\/tags?post=188"}],"curies":[{"name":"wp","href":"https:\/\/api.w.org\/{rel}","templated":true}]}}