{"id":139,"date":"2015-09-10T09:46:51","date_gmt":"2015-09-10T15:46:51","guid":{"rendered":"https:\/\/www.oaxaca.gob.mx\/coesida\/?page_id=139"},"modified":"2019-08-26T14:54:23","modified_gmt":"2019-08-26T19:54:23","slug":"directorio","status":"publish","type":"page","link":"https:\/\/www.oaxaca.gob.mx\/coesida\/directorio\/","title":{"rendered":"Directorio"},"content":{"rendered":"<h4>\u00d3rgano de Gobierno del COESIDA Oaxaca<\/h4>\n\n<table id=\"tablepress-consejo\" class=\"tablepress tablepress-id-consejo\">\n<thead>\n<tr class=\"row-1\">\n\t<th class=\"column-1\">Nombre<\/th><th class=\"column-2\">Dependencia<\/th><th class=\"column-3\">Cargo<\/th>\n<\/tr>\n<\/thead>\n<tbody class=\"row-striping row-hover\">\n<tr class=\"row-2\">\n\t<td class=\"column-1\">M.C. EFR\u00c9N EMMANUEL JARQU\u00cdN GONZ\u00c1LEZ <\/td><td class=\"column-2\">Encargado de Despacho de la Secretar\u00eda de Salud y de la Direcci\u00f3n General del SSO<\/td><td class=\"column-3\">Presidente<\/td>\n<\/tr>\n<tr class=\"row-3\">\n\t<td class=\"column-1\">M.S.P.  ITAYETZIN MEDINA HERN\u00c1NDEZ<\/td><td class=\"column-2\">Directora General del COESIDA y Responsable Estatal del Programa de VIH\/Sida<\/td><td class=\"column-3\">Secretaria T\u00e9cnica<\/td>\n<\/tr>\n<tr class=\"row-4\">\n\t<td class=\"column-1\">L.C.P. LETICIA ELSA REYES L\u00d3PEZ<\/td><td class=\"column-2\">Secretaria de Honestidad, Transparencia y Funci\u00f3n P\u00fablica<\/td><td class=\"column-3\">Comisaria<\/td>\n<\/tr>\n<tr class=\"row-5\">\n\t<td class=\"column-1\">MTRO. FARID ACEVEDO L\u00d3PEZ<\/td><td class=\"column-2\">Secretario  de Finanzas<\/td><td class=\"column-3\">Vocal \"A\"<\/td>\n<\/tr>\n<tr class=\"row-6\">\n\t<td class=\"column-1\">C.P. NOEL HERN\u00c1NDEZ RITO<\/td><td class=\"column-2\">Secretario de Administraci\u00f3n<\/td><td class=\"column-3\">Vocal \"B\"<\/td>\n<\/tr>\n<tr class=\"row-7\">\n\t<td class=\"column-1\">CAPIT\u00c1N DE NAV\u00cdO IV\u00c1N GARC\u00cdA \u00c1LVAREZ<\/td><td class=\"column-2\">Secretario de Seguridad y Protecci\u00f3n Ciudadana<\/td><td class=\"column-3\">Vocal \"C\"<\/td>\n<\/tr>\n<tr class=\"row-8\">\n\t<td class=\"column-1\">LIC. JOS\u00c9 DE JES\u00daS ROMERO L\u00d3PEZ<\/td><td class=\"column-2\">Secretario de Gobierno<\/td><td class=\"column-3\">Vocal \"D\"<\/td>\n<\/tr>\n<\/tbody>\n<\/table>\n<!-- #tablepress-consejo from cache -->\n<\/p>\n<h4>Directorio Institucional<\/h4>\n\n<table id=\"tablepress-directorio_general\" class=\"tablepress tablepress-id-directorio_general\">\n<thead>\n<tr class=\"row-1\">\n\t<th class=\"column-1\">Nombre<\/th><th class=\"column-2\">Cargo<\/th><th class=\"column-3\">Correo<\/th><th class=\"column-4\">Tel\u00e9fono<\/th>\n<\/tr>\n<\/thead>\n<tbody class=\"row-striping row-hover\">\n<tr class=\"row-2\">\n\t<td class=\"column-1\">M.S.P. Itayetzin Medina Hern\u00e1ndez<\/td><td class=\"column-2\">Directora General del COESIDA y Responsable Estatal del Programa de VIH\/Sida<\/td><td class=\"column-3\">direccion.coesida@oaxaca.gob.mx<\/td><td class=\"column-4\">502 22 00 Ext. 103<\/td>\n<\/tr>\n<tr class=\"row-3\">\n\t<td class=\"column-1\">C.P. Eidy Irasema Pachecho Pablo<\/td><td class=\"column-2\">Jefa del Deparatmento Administrativo<\/td><td class=\"column-3\">administrativo.coesida@oaxaca.gob.mx<\/td><td class=\"column-4\">502 22 00 Ext. 101<\/td>\n<\/tr>\n<tr class=\"row-4\">\n\t<td class=\"column-1\">Lic. Iv\u00e1n Garc\u00eda<\/td><td class=\"column-2\">Jefa del Departamento Jur\u00eddico<\/td><td class=\"column-3\">juridico.coesida@oaxaca.gob.mx<\/td><td class=\"column-4\">502 22 00 Ext. 106<\/td>\n<\/tr>\n<tr class=\"row-5\">\n\t<td class=\"column-1\">Psic. David Mercado Ferra<\/td><td class=\"column-2\">Departamento de Capacitaci\u00f3n<\/td><td class=\"column-3\">capacitacion.coesida@oaxaca.gob.mx<\/td><td class=\"column-4\">502 22 00 Ext. 108<\/td>\n<\/tr>\n<tr class=\"row-6\">\n\t<td class=\"column-1\">Lic. Irais Medina Aguilar <\/td><td class=\"column-2\">Jefe del Departamento de Difusi\u00f3n<\/td><td class=\"column-3\">difusion.coesida@oaxaca.gob.mx<\/td><td class=\"column-4\">502 22 00 Ext. 111<\/td>\n<\/tr>\n<tr class=\"row-7\">\n\t<td class=\"column-1\">Dra. Isis F\u00e1tima Casta\u00f1\u00f3n\u00a0Ahedo<\/td><td class=\"column-2\">Jefe del Departamento M\u00e9dico<\/td><td class=\"column-3\">medico.coesida@oaxaca.gob.mx<\/td><td class=\"column-4\">502 22 00 Ext. 112<\/td>\n<\/tr>\n<tr class=\"row-8\">\n\t<td class=\"column-1\"><\/td><td class=\"column-2\"><\/td><td class=\"column-3\"><\/td><td class=\"column-4\"><\/td>\n<\/tr>\n<\/tbody>\n<\/table>\n<!-- #tablepress-directorio_general from cache -->\n","protected":false},"excerpt":{"rendered":"<p>\u00d3rgano de Gobierno del COESIDA Oaxaca Directorio Institucional<\/p>\n","protected":false},"author":1,"featured_media":0,"parent":0,"menu_order":0,"comment_status":"closed","ping_status":"closed","template":"","meta":{"episode_type":"","audio_file":"","podmotor_file_id":"","podmotor_episode_id":"","cover_image":"","cover_image_id":"","duration":"","filesize":"","filesize_raw":"","date_recorded":"","explicit":"","block":"","footnotes":""},"categories":[],"tags":[],"class_list":["post-139","page","type-page","status-publish","hentry"],"acf":[],"publishpress_future_action":{"enabled":false,"date":"2026-05-18 11:52:36","action":"change-status","newStatus":"draft","terms":[],"taxonomy":"category","extraData":[]},"publishpress_future_workflow_manual_trigger":{"enabledWorkflows":[]},"_links":{"self":[{"href":"https:\/\/www.oaxaca.gob.mx\/coesida\/wp-json\/wp\/v2\/pages\/139","targetHints":{"allow":["GET"]}}],"collection":[{"href":"https:\/\/www.oaxaca.gob.mx\/coesida\/wp-json\/wp\/v2\/pages"}],"about":[{"href":"https:\/\/www.oaxaca.gob.mx\/coesida\/wp-json\/wp\/v2\/types\/page"}],"author":[{"embeddable":true,"href":"https:\/\/www.oaxaca.gob.mx\/coesida\/wp-json\/wp\/v2\/users\/1"}],"replies":[{"embeddable":true,"href":"https:\/\/www.oaxaca.gob.mx\/coesida\/wp-json\/wp\/v2\/comments?post=139"}],"version-history":[{"count":3,"href":"https:\/\/www.oaxaca.gob.mx\/coesida\/wp-json\/wp\/v2\/pages\/139\/revisions"}],"predecessor-version":[{"id":2195,"href":"https:\/\/www.oaxaca.gob.mx\/coesida\/wp-json\/wp\/v2\/pages\/139\/revisions\/2195"}],"wp:attachment":[{"href":"https:\/\/www.oaxaca.gob.mx\/coesida\/wp-json\/wp\/v2\/media?parent=139"}],"wp:term":[{"taxonomy":"category","embeddable":true,"href":"https:\/\/www.oaxaca.gob.mx\/coesida\/wp-json\/wp\/v2\/categories?post=139"},{"taxonomy":"post_tag","embeddable":true,"href":"https:\/\/www.oaxaca.gob.mx\/coesida\/wp-json\/wp\/v2\/tags?post=139"}],"curies":[{"name":"wp","href":"https:\/\/api.w.org\/{rel}","templated":true}]}}