{"id":61,"date":"2016-03-01T20:22:26","date_gmt":"2016-03-01T20:22:26","guid":{"rendered":"http:\/\/www.comisionestatalforestal.oaxaca.gob.mx\/?page_id=61"},"modified":"2016-03-01T20:22:26","modified_gmt":"2016-03-01T20:22:26","slug":"facultades-y-atribuciones-funciones","status":"publish","type":"page","link":"https:\/\/www.oaxaca.gob.mx\/coesfo\/facultades-y-atribuciones-funciones\/","title":{"rendered":"Funciones"},"content":{"rendered":"<p style=\"text-align: justify\">I. Aplicar y dar seguimiento a la pol\u00edtica forestal estatal de conformidad con esta Ley, garantizando la participaci\u00f3n de la sociedad civil, el sector privado y otros organismos con inter\u00e9s en el desarrollo y fomento del sector forestal;<\/p>\n<p style=\"text-align: justify\">II. Inducir la vinculaci\u00f3n interinstitucional en el marco del Servicio Nacional Forestal;<\/p>\n<p style=\"text-align: justify\">III. Requerir la acreditaci\u00f3n de la legal procedencia de las materia primas forestales a aquellas personas que se dediquen a la producci\u00f3n, transporte, almacenamiento, transformaci\u00f3n y comercializaci\u00f3n de dichas materia primas;<\/p>\n<p style=\"text-align: justify\">IV. Constituir y operar el Registro Estatal Forestal;<\/p>\n<p style=\"text-align: justify\">V. Establecer y operar un programa de prevenci\u00f3n, detecci\u00f3n y combate de incendios, plagas y enfermedades forestales en el Estado, en coordinaci\u00f3n con la Federaci\u00f3n;<\/p>\n<p style=\"text-align: justify\">VI. Coordinar y operar el programa de inspecci\u00f3n y vigilancia forestal;<\/p>\n<p style=\"text-align: justify\">VII. Emitir dict\u00e1menes de plagas y enfermedades forestales y apoyar, en coordinaci\u00f3n con la Federaci\u00f3n, en su control y combate;<\/p>\n<p style=\"text-align: justify\">VIII. Recibir, registrar, analizar y validar los programas de manejo forestal para los aprovechamientos de recursos forestales maderables, no maderables, de forestaci\u00f3n y los de plantaciones forestales comerciales;<\/p>\n<p style=\"text-align: justify\">IX. Revisar, evaluar y asistir los servicios t\u00e9cnicos forestales;<\/p>\n<p style=\"text-align: justify\">X. Promover e impulsar programas de mejoramiento gen\u00e9tico forestal;<\/p>\n<p style=\"text-align: justify\">XI. Celebrar acuerdos y convenios de colaboraci\u00f3n con la Federaci\u00f3n, estados, n\u00facleos agrarios, municipios, organismos p\u00fablicos o privados y personas f\u00edsicas o morales, que fomenten el desarrollo de las actividades establecidas en la presente Ley;<\/p>\n<p style=\"text-align: justify\">XII. Organizar el sistema estatal de informaci\u00f3n forestal, como instrumento de planeaci\u00f3n y evaluaci\u00f3n del desarrollo forestal sustentable;<\/p>\n<p style=\"text-align: justify\">XIII. Instrumentar y mantener actualizado el inventario estatal forestal y de suelos por lo menos, cada cinco a\u00f1os;<\/p>\n<p style=\"text-align: justify\">XIV. Promover la asesor\u00eda y asistencia t\u00e9cnica a ejidatarios, comuneros, peque\u00f1os productores, comunidades, pueblos ind\u00edgenas y otros productores forestales en el desarrollo y organizaci\u00f3n de actividades productivas, propiciando la integraci\u00f3n de cadenas productivas y el desarrollo forestal sustentable de los recursos forestales maderables y no maderables;<\/p>\n<p style=\"text-align: justify\">XV. Promover y fortalecer la participaci\u00f3n del sector forestal en el crecimiento econ\u00f3mico de la entidad;<\/p>\n<p style=\"text-align: justify\">XVI. Promover el uso alternativo de los recursos forestales y favorecer el desarrollo de la cultura ecol\u00f3gica, de bienes y servicios ambientales y el ecoturismo;<\/p>\n<p style=\"text-align: justify\">XVII. Promover la certificaci\u00f3n forestal orientada al mejoramiento del manejo forestal sustentable;<\/p>\n<p style=\"text-align: justify\">XVIII. Establecer la metodolog\u00eda, criterios y procedimientos para la integraci\u00f3n y actualizaci\u00f3n de la zonificaci\u00f3n forestal;<\/p>\n<p style=\"text-align: justify\">XIX. Promover el esquema de fondos concurrentes entre la Comisi\u00f3n Nacional Forestal y los usuarios de los servicios ambientales para poder ofrecer un pago o compensaci\u00f3n a aquellos due\u00f1os y poseedores de terrenos forestales que realizan actividades de manejo sustentable, para mantener y mejorar la provisi\u00f3n de servicios ambientales en el Estado;<\/p>\n<p style=\"text-align: justify\">XX. Prevenir y reducir la incidencia de plagas y enfermedades forestales que tienen efectos econ\u00f3micos, ecol\u00f3gicos y sociales en el Estado;<\/p>\n<p style=\"text-align: justify\">XXI. Implementar programa integral para la conservaci\u00f3n de los recursos naturales y restauraci\u00f3n de \u00e1reas degradadas para mitigar los efectos del cambio clim\u00e1tico, en coordinaci\u00f3n con la Federaci\u00f3n;<\/p>\n<p style=\"text-align: justify\">XXII. Convenir con la Federaci\u00f3n la expedici\u00f3n de autorizaciones para el aprovechamiento de los recursos forestales y de las plantaciones forestales comerciales, de los m\u00e9todos de marqueo, as\u00ed como recibir los avisos de plantaciones forestales comerciales y de aprovechamiento de recursos forestales no maderables;<\/p>\n<p style=\"text-align: justify\">XXIII. Convenir con la Federaci\u00f3n la expedici\u00f3n de certificados y dem\u00e1s documentaci\u00f3n fitosanitaria para la exportaci\u00f3n e importaci\u00f3n de recursos forestales;<\/p>\n<p style=\"text-align: justify\">XXIV. Ejercer todos los actos de autoridad relativos a la aplicaci\u00f3n de la pol\u00edtica de aprovechamiento sustentable, conservaci\u00f3n, protecci\u00f3n restauraci\u00f3n de los recursos forestales y de los suelos, que esta Ley prevea;<\/p>\n<p style=\"text-align: justify\">XXV. Convenir con la Federaci\u00f3n la regulaci\u00f3n, expedici\u00f3n y validaci\u00f3n de la documentaci\u00f3n con la que se acredite la legal procedencia de las materias primas forestales, as\u00ed como de productos y subproductos forestales;<\/p>\n<p style=\"text-align: justify\">XXVI. Las dem\u00e1s que le confieran la presente Ley, el Reglamento y otras disposiciones legales;<\/p>\n<p style=\"text-align: justify\">XXVII. Elaborar y aplicar programas de reforestaci\u00f3n y forestaci\u00f3n en zonas degradadas que no sean competencia de la Federaci\u00f3n, as\u00ed como llevar a cabo acciones de protecci\u00f3n y mantenimiento de las zonas reforestadas o forestadas;<\/p>\n<p style=\"text-align: justify\">XXVIII. Proponer a la Federaci\u00f3n el establecimiento de restricciones de ciertas especies destinadas a la forestaci\u00f3n y reforestaci\u00f3n en el territorio estatal;<\/p>\n<p style=\"text-align: justify\">XXIX. Coadyuvar en la conservaci\u00f3n de la biodiversidad y sus valores asociados;<\/p>\n<p style=\"text-align: justify\">XXX. Impulsar la elaboraci\u00f3n, actualizaci\u00f3n e instrumentaci\u00f3n de los estudios regionales y espec\u00edficos evaluando sus resultados;<\/p>\n<p style=\"text-align: justify\">XXXI. Coadyuvar con las instancias correspondientes en la elaboraci\u00f3n y actualizaci\u00f3n del ordenamiento ecol\u00f3gico estatal; y<\/p>\n<p style=\"text-align: justify\">XXXII. Promover el correcto funcionamiento del Consejo y los Consejos Regionales.<\/p>\n","protected":false},"excerpt":{"rendered":"<p>I. Aplicar y dar seguimiento a la pol\u00edtica forestal estatal de conformidad con esta Ley, garantizando la participaci\u00f3n de la sociedad civil, el sector privado y otros organismos con inter\u00e9s en el desarrollo y fomento del sector forestal; II. Inducir la vinculaci\u00f3n interinstitucional en el marco del Servicio Nacional Forestal; III. Requerir la acreditaci\u00f3n de [&hellip;]<\/p>\n","protected":false},"author":1,"featured_media":0,"parent":0,"menu_order":0,"comment_status":"closed","ping_status":"closed","template":"","meta":{"episode_type":"","audio_file":"","podmotor_file_id":"","podmotor_episode_id":"","cover_image":"","cover_image_id":"","duration":"","filesize":"","filesize_raw":"","date_recorded":"","explicit":"","block":"","itunes_episode_number":"","itunes_title":"","itunes_season_number":"","itunes_episode_type":"","footnotes":""},"categories":[],"tags":[],"class_list":["post-61","page","type-page","status-publish","hentry"],"acf":[],"publishpress_future_action":{"enabled":false,"date":"2026-05-10 18:56:03","action":"change-status","newStatus":"draft","terms":[],"taxonomy":"category","extraData":[]},"publishpress_future_workflow_manual_trigger":{"enabledWorkflows":[]},"_links":{"self":[{"href":"https:\/\/www.oaxaca.gob.mx\/coesfo\/wp-json\/wp\/v2\/pages\/61","targetHints":{"allow":["GET"]}}],"collection":[{"href":"https:\/\/www.oaxaca.gob.mx\/coesfo\/wp-json\/wp\/v2\/pages"}],"about":[{"href":"https:\/\/www.oaxaca.gob.mx\/coesfo\/wp-json\/wp\/v2\/types\/page"}],"author":[{"embeddable":true,"href":"https:\/\/www.oaxaca.gob.mx\/coesfo\/wp-json\/wp\/v2\/users\/1"}],"replies":[{"embeddable":true,"href":"https:\/\/www.oaxaca.gob.mx\/coesfo\/wp-json\/wp\/v2\/comments?post=61"}],"version-history":[{"count":0,"href":"https:\/\/www.oaxaca.gob.mx\/coesfo\/wp-json\/wp\/v2\/pages\/61\/revisions"}],"wp:attachment":[{"href":"https:\/\/www.oaxaca.gob.mx\/coesfo\/wp-json\/wp\/v2\/media?parent=61"}],"wp:term":[{"taxonomy":"category","embeddable":true,"href":"https:\/\/www.oaxaca.gob.mx\/coesfo\/wp-json\/wp\/v2\/categories?post=61"},{"taxonomy":"post_tag","embeddable":true,"href":"https:\/\/www.oaxaca.gob.mx\/coesfo\/wp-json\/wp\/v2\/tags?post=61"}],"curies":[{"name":"wp","href":"https:\/\/api.w.org\/{rel}","templated":true}]}}