{"id":564,"date":"2016-09-20T19:51:43","date_gmt":"2016-09-20T19:51:43","guid":{"rendered":"http:\/\/www.comisionestatalforestal.oaxaca.gob.mx\/?page_id=564"},"modified":"2016-09-20T19:51:43","modified_gmt":"2016-09-20T19:51:43","slug":"minutas-de-acuerdos","status":"publish","type":"page","link":"https:\/\/www.oaxaca.gob.mx\/coesfo\/minutas-de-acuerdos\/","title":{"rendered":"Minutas de acuerdos"},"content":{"rendered":"<table>\n<tbody>\n<tr>\n<td><i class=\"fas fa-folder\">&nbsp;<\/i><\/td>\n<td>Minutas de acuerdos del Consejo Estatal Forestal 2011.<\/td>\n<\/tr>\n<tr>\n<td><\/td>\n<td>\n<ul>\n<li><a href=\"\/coesfo\/wp-content\/uploads\/sites\/44\/2016\/09\/ROMarzo.pdf\" target=\"_blank\" rel=\"noopener noreferrer\">Reuni\u00f3n Ordinaria (Marzo).<\/a><\/li>\n<li><a href=\"\/coesfo\/wp-content\/uploads\/sites\/44\/2016\/09\/ROAbril.pdf\" target=\"_blank\" rel=\"noopener noreferrer\">Reuni\u00f3n Ordinaria (Abril).<\/a><\/li>\n<li><a href=\"\/coesfo\/wp-content\/uploads\/sites\/44\/2016\/09\/ROJunio.pdf\" target=\"_blank\" rel=\"noopener noreferrer\">Reuni\u00f3n Ordinaria (Junio).<\/a><\/li>\n<li><a href=\"\/coesfo\/wp-content\/uploads\/sites\/44\/2016\/09\/RESeptiembre.pdf\" target=\"_blank\" rel=\"noopener noreferrer\">Reuni\u00f3n Extraordinaria (Septiembre).<\/a><\/li>\n<li><a href=\"\/coesfo\/wp-content\/uploads\/sites\/44\/2016\/09\/REOctubre.pdf\" target=\"_blank\" rel=\"noopener noreferrer\">Reuni\u00f3n Extraordinaria (Octubre).<\/a><\/li>\n<li><a href=\"\/coesfo\/wp-content\/uploads\/sites\/44\/2016\/09\/ROOctubre.pdf\" target=\"_blank\" rel=\"noopener noreferrer\">Reuni\u00f3n Ordinaria (Octubre).<\/a><\/li>\n<li><a href=\"\/coesfo\/wp-content\/uploads\/sites\/44\/2016\/09\/RODiciembre.pdf\" target=\"_blank\" rel=\"noopener noreferrer\">Reuni\u00f3n Ordinaria (Diciembre).<\/a><\/li>\n<\/ul>\n<\/td>\n<\/tr>\n<tr>\n<td colspan=\"2\">\n<hr \/>\n<\/td>\n<\/tr>\n<tr>\n<td><i class=\"fas fa-folder\">&nbsp;<\/i><\/td>\n<td>Minutas de acuerdos del Consejo Estatal Forestal 2012.<\/td>\n<\/tr>\n<tr>\n<td><\/td>\n<td>\n<ul>\n<li><a href=\"\/coesfo\/wp-content\/uploads\/sites\/44\/2016\/09\/ROFebrero12.pdf\" target=\"_blank\" rel=\"noopener noreferrer\">Reuni\u00f3n Ordinaria (Febrero).<\/a><\/li>\n<li><a href=\"\/coesfo\/wp-content\/uploads\/sites\/44\/2016\/09\/ROMarzo12.pdf\">Reuni\u00f3n Ordinaria(Marzo).<\/a><\/li>\n<li><a href=\"\/coesfo\/wp-content\/uploads\/sites\/44\/2016\/09\/ROJunio12.pdf\" target=\"_blank\" rel=\"noopener noreferrer\">Reuni\u00f3n Ordinaria (Junio).<\/a><\/li>\n<li><a href=\"\/coesfo\/wp-content\/uploads\/sites\/44\/2016\/09\/ROJulio12.pdf\">Reuni\u00f3n Ordinaria (Julio).<\/a><\/li>\n<li><a href=\"\/coesfo\/wp-content\/uploads\/sites\/44\/2016\/09\/ROSeptiembre12.pdf\" target=\"_blank\" rel=\"noopener noreferrer\">Reuni\u00f3n Ordinaria (Septiembre).<\/a><\/li>\n<\/ul>\n<\/td>\n<\/tr>\n<tr>\n<td colspan=\"2\">\n<hr \/>\n<\/td>\n<\/tr>\n<tr>\n<td><i class=\"fas fa-folder\">&nbsp;<\/i><\/td>\n<td>Minutas de acuerdos del Consejo Estatal Forestal 2013<\/td>\n<\/tr>\n<tr>\n<td><\/td>\n<td>\n<ul>\n<li><a href=\"\/coesfo\/wp-content\/uploads\/sites\/44\/2016\/09\/ROmayo13.pdf\" target=\"_blank\" rel=\"noopener noreferrer\">Reuni\u00f3n Ordinaria (Mayo).<\/a><\/li>\n<li><a href=\"\/coesfo\/wp-content\/uploads\/sites\/44\/2016\/09\/ROJunio13.pdf\" target=\"_blank\" rel=\"noopener noreferrer\">Reuni\u00f3n Ordinaria (Junio).<\/a><\/li>\n<li><a href=\"\/coesfo\/wp-content\/uploads\/sites\/44\/2016\/09\/ROAgosto13.pdf\" target=\"_blank\" rel=\"noopener noreferrer\">Reuni\u00f3n Ordinaria(Agosto).<\/a><\/li>\n<li><a href=\"\/coesfo\/wp-content\/uploads\/sites\/44\/2016\/09\/ROOctubre13.pdf\" target=\"_blank\" rel=\"noopener noreferrer\">Reuni\u00f3n Ordinaria (Octubre).<\/a><\/li>\n<li><a href=\"\/coesfo\/wp-content\/uploads\/sites\/44\/2016\/09\/RODiciembre13.pdf\" target=\"_blank\" rel=\"noopener noreferrer\">Reuni\u00f3n Ordinaria (Diciembre).<\/a><\/li>\n<\/ul>\n<\/td>\n<\/tr>\n<tr>\n<td colspan=\"2\">\n<hr \/>\n<\/td>\n<\/tr>\n<tr>\n<td><i class=\"fas fa-folder\">&nbsp;<\/i><\/td>\n<td>Minutas de acuerdos del Consejo Estatal Forestal 2014<\/td>\n<\/tr>\n<tr>\n<td><\/td>\n<td>\n<ul>\n<li><a href=\"\/coesfo\/wp-content\/uploads\/sites\/44\/2016\/09\/ROMarzo14.pdf\" target=\"_blank\" rel=\"noopener noreferrer\">Reuni\u00f3n Ordinaria (Marzo).<\/a><\/li>\n<li><a href=\"\/coesfo\/wp-content\/uploads\/sites\/44\/2016\/09\/ROJunio14.pdf\" target=\"_blank\" rel=\"noopener noreferrer\">Reuni\u00f3n Ordinaria (Junio).<\/a><\/li>\n<li><a href=\"\/coesfo\/wp-content\/uploads\/sites\/44\/2016\/09\/ROJulio14.pdf\" target=\"_blank\" rel=\"noopener noreferrer\">Reuni\u00f3n Ordinaria (Julio).<\/a><\/li>\n<li><a href=\"\/coesfo\/wp-content\/uploads\/sites\/44\/2016\/09\/ROOctubre14.pdf\" target=\"_blank\" rel=\"noopener noreferrer\">Reuni\u00f3n Ordinaria (Octubre).<\/a><\/li>\n<li><a href=\"\/coesfo\/wp-content\/uploads\/sites\/44\/2016\/09\/RODiciembre14.pdf\" target=\"_blank\" rel=\"noopener noreferrer\">Reuni\u00f3n Ordinaria (Diciembre).<\/a><\/li>\n<\/ul>\n<\/td>\n<\/tr>\n<tr>\n<td colspan=\"2\">\n<hr \/>\n<\/td>\n<\/tr>\n<tr>\n<td><i class=\"fas fa-folder\">&nbsp;<\/i><\/td>\n<td>Minutas de acuerdos del Consejo Estatal Forestal 2015<\/td>\n<\/tr>\n<tr>\n<td><\/td>\n<td>\n<ul>\n<li><a href=\"\/coesfo\/wp-content\/uploads\/sites\/44\/2016\/09\/ROEnero15.pdf\" target=\"_blank\" rel=\"noopener noreferrer\">Reuni\u00f3n Ordinaria (Enero).<\/a><\/li>\n<li><a href=\"\/coesfo\/wp-content\/uploads\/sites\/44\/2016\/09\/ROAbril15.pdf\" target=\"_blank\" rel=\"noopener noreferrer\">Reuni\u00f3n Ordinaria (Abril).<\/a><\/li>\n<li><a href=\"\/coesfo\/wp-content\/uploads\/sites\/44\/2016\/09\/ROJunio15.pdf\">Reuni\u00f3n Ordinaria (Junio).<\/a><\/li>\n<li><a href=\"\/coesfo\/wp-content\/uploads\/sites\/44\/2016\/09\/REAgosto15.pdf\" target=\"_blank\" rel=\"noopener noreferrer\">Reuni\u00f3n Extraordinaria (Agosto).<\/a><\/li>\n<li><a href=\"\/coesfo\/wp-content\/uploads\/sites\/44\/2016\/09\/ROSeptiembre15.pdf\" target=\"_blank\" rel=\"noopener noreferrer\">Reuni\u00f3n Ordinaria (Septiembre).<\/a><\/li>\n<li><a href=\"\/coesfo\/wp-content\/uploads\/sites\/44\/2016\/09\/ROOctubre15.pdf\" target=\"_blank\" rel=\"noopener noreferrer\">Reuni\u00f3n Ordinaria (Octubre).<\/a><\/li>\n<li><a href=\"\/coesfo\/wp-content\/uploads\/sites\/44\/2016\/09\/RENoviembre15.pdf\" target=\"_blank\" rel=\"noopener noreferrer\">Reuni\u00f3n Extraordinaria (Noviembre).<\/a><\/li>\n<li><a href=\"\/coesfo\/wp-content\/uploads\/sites\/44\/2016\/09\/RODiciembre15.pdf\" target=\"_blank\" rel=\"noopener noreferrer\">Reuni\u00f3n Ordinaria (Diciembre).<\/a><\/li>\n<\/ul>\n<\/td>\n<\/tr>\n<tr>\n<td colspan=\"2\">\n<hr \/>\n<\/td>\n<\/tr>\n<tr>\n<td><i class=\"fas fa-folder\">&nbsp;<\/i><\/td>\n<td>Minutas de acuerdos del Consejo Estatal Forestal 2016<\/td>\n<\/tr>\n<tr>\n<td><\/td>\n<td>\n<ul>\n<li><a href=\"\/coesfo\/wp-content\/uploads\/sites\/44\/2016\/09\/ROMarzo16.pdf\" target=\"_blank\" rel=\"noopener noreferrer\">Reuni\u00f3n Ordinaria (Marzo).<\/a><\/li>\n<li><a href=\"\/coesfo\/wp-content\/uploads\/sites\/44\/2016\/09\/ROMayo16.pdf\" target=\"_blank\" rel=\"noopener noreferrer\">Reuni\u00f3n Ordinaria (Mayo).<\/a><\/li>\n<li><a href=\"\/coesfo\/wp-content\/uploads\/sites\/44\/2017\/01\/ROagosto16.pdf\" target=\"_blank\" rel=\"noopener noreferrer\">Reuni\u00f3n Ordinaria (Agosto).<\/a><\/li>\n<li><a href=\"\/coesfo\/wp-content\/uploads\/sites\/44\/2017\/01\/ROoctubre16.pdf\" target=\"_blank\" rel=\"noopener noreferrer\">Reuni\u00f3n Ordinaria (Octubre).<\/a><\/li>\n<li><a href=\"\/coesfo\/wp-content\/uploads\/sites\/44\/2017\/01\/ROnoviembre16.pdf\" target=\"_blank\" rel=\"noopener noreferrer\">Reuni\u00f3n Ordinaria (Noviembre).<\/a><\/li>\n<li><a href=\"\/coesfo\/wp-content\/uploads\/sites\/44\/2017\/01\/ROdiciembre16.pdf\" target=\"_blank\" rel=\"noopener noreferrer\">Reuni\u00f3n Ordinaria (Diciembre).<\/a><\/li>\n<\/ul>\n<\/td>\n<\/tr>\n<tr>\n<td colspan=\"2\">\n<hr \/>\n<\/td>\n<\/tr>\n<tr>\n<td><i class=\"fas fa-folder\">&nbsp;<\/i><\/td>\n<td style=\"padding-left: 30px\">Minutas de acuerdos del Consejo Estatal Forestal 2017<\/td>\n<\/tr>\n<tr>\n<td><\/td>\n<td>\n<ul>\n<li><a href=\"\/coesfo\/wp-content\/uploads\/sites\/44\/2017\/12\/ExtraOrdinariaFeb17.pdf\" target=\"_blank\" rel=\"noopener noreferrer\">Reuni\u00f3n Extraordinaria (Febrero).<\/a><\/li>\n<li><a href=\"\/coesfo\/wp-content\/uploads\/sites\/44\/2017\/12\/OrdinariaJul17.pdf\" target=\"_blank\" rel=\"noopener noreferrer\">Reuni\u00f3n Ordinaria (Julio).<\/a><\/li>\n<li><a href=\"\/coesfo\/wp-content\/uploads\/sites\/44\/2017\/12\/OrdinariaOct17.pdf\" target=\"_blank\" rel=\"noopener noreferrer\">Reuni\u00f3n Ordinaria (Octubre).<\/a><\/li>\n<\/ul>\n<\/td>\n<\/tr>\n<tr>\n<td colspan=\"2\">\n<hr \/>\n<\/td>\n<\/tr>\n<tr>\n<td><i class=\"fas fa-folder\">&nbsp;<\/i><\/td>\n<td> \u00a0Minutas de acuerdos del Consejo Estatal Forestal 2018<\/td>\n<\/tr>\n<tr>\n<td><\/td>\n<td>\n<ul>\n<li><a href=\"\/coesfo\/wp-content\/uploads\/sites\/44\/2018\/10\/ROFebrero18.pdf\" target=\"_blank\" rel=\"noopener noreferrer\">Reuni\u00f3n Ordinaria (Febrero).<\/a><\/li>\n<li><a href=\"\/coesfo\/wp-content\/uploads\/sites\/44\/2018\/10\/ROMarzo18.pdf\" target=\"_blank\" rel=\"noopener noreferrer\">Reuni\u00f3n Ordinaria (Marzo).<\/a><\/li>\n<li><a href=\"\/coesfo\/wp-content\/uploads\/sites\/44\/2018\/10\/REAbril18.pdf\" target=\"_blank\" rel=\"noopener noreferrer\">Reuni\u00f3n Extraordinaria (Abril).<\/a><\/li>\n<li><a href=\"\/coesfo\/wp-content\/uploads\/sites\/44\/2018\/10\/ROMayo18.pdf\" target=\"_blank\" rel=\"noopener noreferrer\">Reuni\u00f3n Ordinaria (Mayo).<\/a><\/li>\n<li><a href=\"\/coesfo\/wp-content\/uploads\/sites\/44\/2018\/10\/REJunio18.pdf\" target=\"_blank\" rel=\"noopener noreferrer\">Reuni\u00f3n Extraordinaria (Junio).<\/a><\/li>\n<li><a href=\"\/coesfo\/wp-content\/uploads\/sites\/44\/2018\/10\/ROJulio18.pdf\" target=\"_blank\" rel=\"noopener noreferrer\">Reuni\u00f3n Ordinaria (Julio).<\/a><\/li>\n<\/ul>\n<\/td>\n<\/tr>\n<\/tbody>\n<\/table>\n","protected":false},"excerpt":{"rendered":"<p>&nbsp; Minutas de acuerdos del Consejo Estatal Forestal 2011. Reuni\u00f3n Ordinaria (Marzo). Reuni\u00f3n Ordinaria (Abril). Reuni\u00f3n Ordinaria (Junio). Reuni\u00f3n Extraordinaria (Septiembre). Reuni\u00f3n Extraordinaria (Octubre). Reuni\u00f3n Ordinaria (Octubre). Reuni\u00f3n Ordinaria (Diciembre). &nbsp; Minutas de acuerdos del Consejo Estatal Forestal 2012. Reuni\u00f3n Ordinaria (Febrero). Reuni\u00f3n Ordinaria(Marzo). Reuni\u00f3n Ordinaria (Junio). Reuni\u00f3n Ordinaria (Julio). Reuni\u00f3n Ordinaria (Septiembre). &nbsp; Minutas [&hellip;]<\/p>\n","protected":false},"author":1,"featured_media":0,"parent":0,"menu_order":0,"comment_status":"closed","ping_status":"closed","template":"","meta":{"episode_type":"","audio_file":"","podmotor_file_id":"","podmotor_episode_id":"","cover_image":"","cover_image_id":"","duration":"","filesize":"","filesize_raw":"","date_recorded":"","explicit":"","block":"","itunes_episode_number":"","itunes_title":"","itunes_season_number":"","itunes_episode_type":"","footnotes":""},"categories":[],"tags":[],"class_list":["post-564","page","type-page","status-publish","hentry"],"acf":[],"publishpress_future_action":{"enabled":false,"date":"2026-05-16 03:07:19","action":"change-status","newStatus":"draft","terms":[],"taxonomy":"category","extraData":[]},"publishpress_future_workflow_manual_trigger":{"enabledWorkflows":[]},"_links":{"self":[{"href":"https:\/\/www.oaxaca.gob.mx\/coesfo\/wp-json\/wp\/v2\/pages\/564","targetHints":{"allow":["GET"]}}],"collection":[{"href":"https:\/\/www.oaxaca.gob.mx\/coesfo\/wp-json\/wp\/v2\/pages"}],"about":[{"href":"https:\/\/www.oaxaca.gob.mx\/coesfo\/wp-json\/wp\/v2\/types\/page"}],"author":[{"embeddable":true,"href":"https:\/\/www.oaxaca.gob.mx\/coesfo\/wp-json\/wp\/v2\/users\/1"}],"replies":[{"embeddable":true,"href":"https:\/\/www.oaxaca.gob.mx\/coesfo\/wp-json\/wp\/v2\/comments?post=564"}],"version-history":[{"count":0,"href":"https:\/\/www.oaxaca.gob.mx\/coesfo\/wp-json\/wp\/v2\/pages\/564\/revisions"}],"wp:attachment":[{"href":"https:\/\/www.oaxaca.gob.mx\/coesfo\/wp-json\/wp\/v2\/media?parent=564"}],"wp:term":[{"taxonomy":"category","embeddable":true,"href":"https:\/\/www.oaxaca.gob.mx\/coesfo\/wp-json\/wp\/v2\/categories?post=564"},{"taxonomy":"post_tag","embeddable":true,"href":"https:\/\/www.oaxaca.gob.mx\/coesfo\/wp-json\/wp\/v2\/tags?post=564"}],"curies":[{"name":"wp","href":"https:\/\/api.w.org\/{rel}","templated":true}]}}