{"id":2243,"date":"2019-07-17T23:12:13","date_gmt":"2019-07-17T21:12:13","guid":{"rendered":"https:\/\/www.oaxaca.gob.mx\/coesfo\/?page_id=2243"},"modified":"2025-07-03T13:07:23","modified_gmt":"2025-07-03T19:07:23","slug":"marco-juridico","status":"publish","type":"page","link":"https:\/\/www.oaxaca.gob.mx\/coesfo\/marco-juridico\/","title":{"rendered":"Marco Jur\u00eddico"},"content":{"rendered":"<div class=\"tarjeta-horizontal\">\n<h3>Leyes Federales<\/h3>\n<p>  <a class=\"ley-link\" href=\"https:\/\/www.oaxaca.gob.mx\/coesfo\/wp-content\/uploads\/sites\/44\/2025\/07\/Constitucion-Politica-de-los-Estados-Unidos-Mexicanos.pdf\" target=\"_blank\" rel=\"noopener\">Constituci\u00f3n Pol\u00edtica de los Estados Unidos Mexicanos<\/a><br \/>\n  <a class=\"ley-link\" href=\"https:\/\/www.oaxaca.gob.mx\/coesfo\/wp-content\/uploads\/sites\/44\/2025\/07\/LGDFS.pdf\" target=\"_blank\" rel=\"noopener\">Ley General de Desarrollo Forestal Sustentable<\/a><br \/>\n  <a class=\"ley-link\" href=\"https:\/\/www.oaxaca.gob.mx\/coesfo\/wp-content\/uploads\/sites\/44\/2025\/07\/LGTAIP.pdf\" target=\"_blank\" rel=\"noopener\">Ley General de Transparencia y Acceso a la Informaci\u00f3n P\u00fablica<\/a><br \/>\n  <a class=\"ley-link\" href=\"https:\/\/www.oaxaca.gob.mx\/coesfo\/wp-content\/uploads\/sites\/44\/2025\/07\/LGPDPPSO.pdf\" target=\"_blank\" rel=\"noopener\">Ley de Protecci\u00f3n de Datos Personales en Posesi\u00f3n de Sujetos Obligados<\/a><br \/>\n  <a class=\"ley-link\" href=\"https:\/\/www.oaxaca.gob.mx\/coesfo\/wp-content\/uploads\/sites\/44\/2025\/07\/LGRA.pdf\" target=\"_blank\" rel=\"noopener\">Ley de Responsabilidades Administrativas<\/a>\n<\/div>\n<div class=\"tarjeta-horizontal\">\n<h3>Leyes Estatales<\/h3>\n<p>  <a class=\"ley-link\" href=\"https:\/\/www.oaxaca.gob.mx\/coesfo\/wp-content\/uploads\/sites\/44\/2025\/07\/Constitucion_Politica_del_Estado_Libre_y_Soberano_de_Oaxaca.pdf\" target=\"_blank\" rel=\"noopener\">Constituci\u00f3n Pol\u00edtica del Estado de Oaxaca<\/a><br \/>\n  <a class=\"ley-link\" href=\"https:\/\/www.oaxaca.gob.mx\/coesfo\/wp-content\/uploads\/sites\/44\/2025\/07\/Ley_de_Desarrollo_Forestal_Sustentable_del_Estado_de_Oaxaca.pdf\" target=\"_blank\" rel=\"noopener\">Ley de Desarrollo Forestal Sustentable del Estado de Oaxaca<\/a><br \/>\n  <a class=\"ley-link\" href=\"https:\/\/www.oaxaca.gob.mx\/coesfo\/wp-content\/uploads\/sites\/44\/2025\/07\/Ley_de_Transparencia_Acceso_a_la_informacion_publica_y_Buen_Gobierno_del_Est_de_Oax.pdf\" target=\"_blank\" rel=\"noopener\">Ley de Transparencia, Acceso a la Informaci\u00f3n P\u00fablica y Buen Gobierno del Estado de Oaxaca<\/a><br \/>\n  <a class=\"ley-link\" href=\"https:\/\/www.oaxaca.gob.mx\/coesfo\/wp-content\/uploads\/sites\/44\/2025\/07\/Ley_de_Proteccion_de_Datos_Personales_en_posesion_de_sujetos_obligados_del_Estado_de_Oaxaca.pdf\" target=\"_blank\" rel=\"noopener\">Ley de Protecci\u00f3n de Datos Personales en Posesi\u00f3n de Sujetos Obligados del Estado de Oaxaca<\/a><br \/>\n  <a class=\"ley-link\" href=\"https:\/\/www.oaxaca.gob.mx\/coesfo\/wp-content\/uploads\/sites\/44\/2025\/07\/Ley_Organica_del_Poder_Ejecutivo-1.pdf\" target=\"_blank\" rel=\"noopener\">Ley Org\u00e1nica del Poder Ejecutivo del Estado de Oaxaca<\/a>\n<\/div>\n<div class=\"tarjeta-horizontal\">\n<h3>Normatividad Interna<\/h3>\n<p>  <a class=\"ley-link\" href=\"https:\/\/www.oaxaca.gob.mx\/coesfo\/wp-content\/uploads\/sites\/44\/2025\/07\/Reglamento-Int-COESFO.pdf\" target=\"_blank\" rel=\"noopener\">Reglamento Interno de la Comisi\u00f3n Estatal Forestal<\/a><br \/>\n  <a class=\"ley-link\" href=\"https:\/\/www.oaxaca.gob.mx\/coesfo\/wp-content\/uploads\/sites\/44\/2025\/07\/Manual-de-Procedimientos.pdf\" target=\"_blank\" rel=\"noopener\">Manual de Procedimientos de la Comisi\u00f3n Estatal Forestal<\/a><br \/>\n  <a class=\"ley-link\" href=\"https:\/\/www.oaxaca.gob.mx\/coesfo\/wp-content\/uploads\/sites\/44\/2025\/07\/manual-de-organizacion.pdf\" target=\"_blank\" rel=\"noopener\">Manual de Organizaci\u00f3n de la Comisi\u00f3n Estatal Forestal<\/a>\n<\/div>\n","protected":false},"excerpt":{"rendered":"<p>Leyes Federales Constituci\u00f3n Pol\u00edtica de los Estados Unidos Mexicanos Ley General de Desarrollo Forestal Sustentable Ley General de Transparencia y Acceso a la Informaci\u00f3n P\u00fablica Ley de Protecci\u00f3n de Datos Personales en Posesi\u00f3n de Sujetos Obligados Ley de Responsabilidades Administrativas Leyes Estatales Constituci\u00f3n Pol\u00edtica del Estado de Oaxaca Ley de Desarrollo Forestal Sustentable del Estado [&hellip;]<\/p>\n","protected":false},"author":1,"featured_media":0,"parent":0,"menu_order":0,"comment_status":"closed","ping_status":"closed","template":"","meta":{"episode_type":"","audio_file":"","podmotor_file_id":"","podmotor_episode_id":"","cover_image":"","cover_image_id":"","duration":"","filesize":"","filesize_raw":"","date_recorded":"","explicit":"","block":"","itunes_episode_number":"","itunes_title":"","itunes_season_number":"","itunes_episode_type":"","footnotes":""},"categories":[],"tags":[],"class_list":["post-2243","page","type-page","status-publish","hentry"],"acf":[],"publishpress_future_action":{"enabled":false,"date":"2026-05-10 18:56:25","action":"change-status","newStatus":"draft","terms":[],"taxonomy":"category","extraData":[]},"publishpress_future_workflow_manual_trigger":{"enabledWorkflows":[]},"_links":{"self":[{"href":"https:\/\/www.oaxaca.gob.mx\/coesfo\/wp-json\/wp\/v2\/pages\/2243","targetHints":{"allow":["GET"]}}],"collection":[{"href":"https:\/\/www.oaxaca.gob.mx\/coesfo\/wp-json\/wp\/v2\/pages"}],"about":[{"href":"https:\/\/www.oaxaca.gob.mx\/coesfo\/wp-json\/wp\/v2\/types\/page"}],"author":[{"embeddable":true,"href":"https:\/\/www.oaxaca.gob.mx\/coesfo\/wp-json\/wp\/v2\/users\/1"}],"replies":[{"embeddable":true,"href":"https:\/\/www.oaxaca.gob.mx\/coesfo\/wp-json\/wp\/v2\/comments?post=2243"}],"version-history":[{"count":2,"href":"https:\/\/www.oaxaca.gob.mx\/coesfo\/wp-json\/wp\/v2\/pages\/2243\/revisions"}],"predecessor-version":[{"id":5100,"href":"https:\/\/www.oaxaca.gob.mx\/coesfo\/wp-json\/wp\/v2\/pages\/2243\/revisions\/5100"}],"wp:attachment":[{"href":"https:\/\/www.oaxaca.gob.mx\/coesfo\/wp-json\/wp\/v2\/media?parent=2243"}],"wp:term":[{"taxonomy":"category","embeddable":true,"href":"https:\/\/www.oaxaca.gob.mx\/coesfo\/wp-json\/wp\/v2\/categories?post=2243"},{"taxonomy":"post_tag","embeddable":true,"href":"https:\/\/www.oaxaca.gob.mx\/coesfo\/wp-json\/wp\/v2\/tags?post=2243"}],"curies":[{"name":"wp","href":"https:\/\/api.w.org\/{rel}","templated":true}]}}