{"id":2639,"date":"2019-07-15T20:00:19","date_gmt":"2019-07-15T18:00:19","guid":{"rendered":"https:\/\/www.oaxaca.gob.mx\/cocitei\/?page_id=2639"},"modified":"2023-06-13T11:43:41","modified_gmt":"2023-06-13T17:43:41","slug":"tramites-y-servicios","status":"publish","type":"page","link":"https:\/\/www.oaxaca.gob.mx\/cocitei\/tramites-y-servicios\/","title":{"rendered":"Tr\u00e1mites y servicios"},"content":{"rendered":"\n<table id=\"tablepress-Tramitesyservicios\" class=\"tablepress tablepress-id-Tramitesyservicios\">\n<thead>\n<tr class=\"row-1\">\n\t<th class=\"column-1\">Servicios<\/th><th class=\"column-2\">Poblaci\u00f3n objetivo<\/th><th class=\"column-3\">Modalidad<\/th><th class=\"column-4\">Requisitos para acceder al programa<\/th><th class=\"column-5\">Si tienes dudas, cont\u00e1ctanos<\/th>\n<\/tr>\n<\/thead>\n<tbody class=\"row-striping row-hover\">\n<tr class=\"row-2\">\n\t<td class=\"column-1\">La ciencia en los pueblos<\/td><td class=\"column-2\">Estudiantes de educaci\u00f3n b\u00e1sica, media superior y p\u00fablico en general<\/td><td class=\"column-3\">Presencial<\/td><td class=\"column-4\">Solicitud del servicio<\/td><td class=\"column-5\">Tel\u00e9fono:<br \/>\n951 446 54 71 <br \/>\n<br \/>\nCorreo:<br \/>\noficialiadepartes.cocitei@oaxaca.gob.mx<\/td>\n<\/tr>\n<tr class=\"row-3\">\n\t<td class=\"column-1\">La ciencia es divertida<\/td><td class=\"column-2\">Estudiantes de educaci\u00f3n b\u00e1sica, media superior y p\u00fablico en general<\/td><td class=\"column-3\">Presencial<\/td><td class=\"column-4\">Solicitud del servicio<\/td><td class=\"column-5\">Tel\u00e9fono:<br \/>\n951 446 54 71 <br \/>\n<br \/>\nCorreo:<br \/>\noficialiadepartes.cocitei@oaxaca.gob.mx<\/td>\n<\/tr>\n<tr class=\"row-4\">\n\t<td class=\"column-1\">Aventuras con la Qu\u00edmica<\/td><td class=\"column-2\">Estudiantes de educaci\u00f3n b\u00e1sica, media superior y p\u00fablico en general<\/td><td class=\"column-3\">Presencial<\/td><td class=\"column-4\">Solicitud del servicio<\/td><td class=\"column-5\">Tel\u00e9fono:<br \/>\n951 446 54 71 <br \/>\n<br \/>\nCorreo:<br \/>\noficialiadepartes.cocitei@oaxaca.gob.mx<\/td>\n<\/tr>\n<tr class=\"row-5\">\n\t<td class=\"column-1\">Viajes microsc\u00f3picos<\/td><td class=\"column-2\">Personal dedicado a la divulgaci\u00f3n en las instituciones educativas de nivel b\u00e1sico, medio superior y superior; y estudiantes de educaci\u00f3n b\u00e1sica, media superior y superior de instituciones p\u00fablico-privadas, p\u00fablico en general<\/td><td class=\"column-3\">Presencial<\/td><td class=\"column-4\">Solicitud del servicio<\/td><td class=\"column-5\">Tel\u00e9fono:<br \/>\n951 446 54 71 <br \/>\n<br \/>\nCorreo:<br \/>\noficialiadepartes.cocitei@oaxaca.gob.mx<\/td>\n<\/tr>\n<tr class=\"row-6\">\n\t<td class=\"column-1\">Escuadrones cient\u00edficos<\/td><td class=\"column-2\">Personal dedicado a la divulgaci\u00f3n en las instituciones educativas de nivel b\u00e1sico, medio superior y superior; y estudiantes de educaci\u00f3n b\u00e1sica, media superior y superior de instituciones p\u00fablico-privadas, p\u00fablico en general<\/td><td class=\"column-3\">Presencial<\/td><td class=\"column-4\">Solicitud del servicio<\/td><td class=\"column-5\">Tel\u00e9fono:<br \/>\n951 446 54 71 <br \/>\n<br \/>\nCorreo:<br \/>\noficialiadepartes.cocitei@oaxaca.gob.mx<\/td>\n<\/tr>\n<tr class=\"row-7\">\n\t<td class=\"column-1\">Concurso de ensayos, cuento y reportajes sobre ciencia, tecnolog\u00eda e innovaci\u00f3n<\/td><td class=\"column-2\">Personal dedicado a la divulgaci\u00f3n en las instituciones educativas de nivel b\u00e1sico, medio superior y superior; y estudiantes de educaci\u00f3n b\u00e1sica, media superior y superior de instituciones p\u00fablico-privadas, p\u00fablico en general<\/td><td class=\"column-3\">Presencial\/virtual<\/td><td class=\"column-4\">Convocatoria<\/td><td class=\"column-5\">Tel\u00e9fono:<br \/>\n951 446 54 71 <br \/>\n<br \/>\nCorreo:<br \/>\noficialiadepartes.cocitei@oaxaca.gob.mx<\/td>\n<\/tr>\n<tr class=\"row-8\">\n\t<td class=\"column-1\">Convocatoria <br \/>\nExpociencias Oaxaca 2025<\/td><td class=\"column-2\">Estudiantes de educaci\u00f3n b\u00e1sica, media superior y superior.<\/td><td class=\"column-3\">Presencial<\/td><td class=\"column-4\">Convocatoria<\/td><td class=\"column-5\">Tel\u00e9fono:<br \/>\n951 446 54 71 <br \/>\n<br \/>\nCorreo:<br \/>\nexpocienciasoax@gmail.com<\/td>\n<\/tr>\n<tr class=\"row-9\">\n\t<td class=\"column-1\">Semana Mundial del Espacio<\/td><td class=\"column-2\">Docentes y estudiantes de educaci\u00f3n b\u00e1sica y media superior; p\u00fablico en general<\/td><td class=\"column-3\">Presencial<\/td><td class=\"column-4\">Solicitud del servicio<\/td><td class=\"column-5\">Tel\u00e9fono:<br \/>\n951 446 54 71 <br \/>\n<br \/>\nCorreo:<br \/>\noficialiadepartes.cocitei@oaxaca.gob.mx<\/td>\n<\/tr>\n<tr class=\"row-10\">\n\t<td class=\"column-1\">Taller de redacci\u00f3n y gesti\u00f3n para solicitar patentes y modelos de utilidad<\/td><td class=\"column-2\">Las y los inventores, investigadores e investigadoras independientes;<br \/>\ndocentes y estudiantes de educaci\u00f3n media superior, universidades y tecnol\u00f3gicos; micro, peque\u00f1as y medianas empresas<\/td><td class=\"column-3\">Presencial<\/td><td class=\"column-4\">Convocatoria<\/td><td class=\"column-5\">Tel\u00e9fono:<br \/>\n951 446 54 71 <br \/>\n<br \/>\nCorreo:<br \/>\noficialiadepartes.cocitei@oaxaca.gob.mx<\/td>\n<\/tr>\n<tr class=\"row-11\">\n\t<td class=\"column-1\">Gesti\u00f3n de becas para la formaci\u00f3n cient\u00edfica y tecnol\u00f3gica<\/td><td class=\"column-2\">Las y los tecn\u00f3logos, investigadores e investigadoras y estudiantes con nivel licenciatura<\/td><td class=\"column-3\">Presencial\/virtual<\/td><td class=\"column-4\">Convocatorias<\/td><td class=\"column-5\">Tel\u00e9fono:<br \/>\n951 446 54 71 <br \/>\n<br \/>\nCorreo:<br \/>\noficialiadepartes.cocitei@oaxaca.gob.mx<\/td>\n<\/tr>\n<\/tbody>\n<\/table>\n<!-- #tablepress-Tramitesyservicios from cache -->\n","protected":false},"excerpt":{"rendered":"","protected":false},"author":1,"featured_media":0,"parent":0,"menu_order":0,"comment_status":"closed","ping_status":"closed","template":"","meta":{"episode_type":"","audio_file":"","podmotor_file_id":"","podmotor_episode_id":"","cover_image":"","cover_image_id":"","duration":"","filesize":"","filesize_raw":"","date_recorded":"","explicit":"","block":"","itunes_episode_number":"","itunes_title":"","itunes_season_number":"","itunes_episode_type":"","footnotes":""},"categories":[],"tags":[],"class_list":["post-2639","page","type-page","status-publish","hentry"],"acf":[],"publishpress_future_action":{"enabled":false,"date":"2026-05-12 09:08:26","action":"change-status","newStatus":"draft","terms":[],"taxonomy":"category","extraData":[]},"publishpress_future_workflow_manual_trigger":{"enabledWorkflows":[]},"_links":{"self":[{"href":"https:\/\/www.oaxaca.gob.mx\/cocitei\/wp-json\/wp\/v2\/pages\/2639","targetHints":{"allow":["GET"]}}],"collection":[{"href":"https:\/\/www.oaxaca.gob.mx\/cocitei\/wp-json\/wp\/v2\/pages"}],"about":[{"href":"https:\/\/www.oaxaca.gob.mx\/cocitei\/wp-json\/wp\/v2\/types\/page"}],"author":[{"embeddable":true,"href":"https:\/\/www.oaxaca.gob.mx\/cocitei\/wp-json\/wp\/v2\/users\/1"}],"replies":[{"embeddable":true,"href":"https:\/\/www.oaxaca.gob.mx\/cocitei\/wp-json\/wp\/v2\/comments?post=2639"}],"version-history":[{"count":1,"href":"https:\/\/www.oaxaca.gob.mx\/cocitei\/wp-json\/wp\/v2\/pages\/2639\/revisions"}],"predecessor-version":[{"id":4764,"href":"https:\/\/www.oaxaca.gob.mx\/cocitei\/wp-json\/wp\/v2\/pages\/2639\/revisions\/4764"}],"wp:attachment":[{"href":"https:\/\/www.oaxaca.gob.mx\/cocitei\/wp-json\/wp\/v2\/media?parent=2639"}],"wp:term":[{"taxonomy":"category","embeddable":true,"href":"https:\/\/www.oaxaca.gob.mx\/cocitei\/wp-json\/wp\/v2\/categories?post=2639"},{"taxonomy":"post_tag","embeddable":true,"href":"https:\/\/www.oaxaca.gob.mx\/cocitei\/wp-json\/wp\/v2\/tags?post=2639"}],"curies":[{"name":"wp","href":"https:\/\/api.w.org\/{rel}","templated":true}]}}