{"id":679,"date":"2017-05-04T10:50:36","date_gmt":"2017-05-04T16:50:36","guid":{"rendered":"https:\/\/www.oaxaca.gob.mx\/cleo\/?page_id=679"},"modified":"2017-05-04T10:50:36","modified_gmt":"2017-05-04T16:50:36","slug":"679-2","status":"publish","type":"page","link":"https:\/\/www.oaxaca.gob.mx\/cleo\/679-2\/","title":{"rendered":"Cumplimiento a la Ley de Transparencia a Acceso a la Informaci\u00f3n P\u00fablica para el Estado de Oaxaca"},"content":{"rendered":"<table style=\"height: 42px\" width=\"968\">\n<tbody>\n<tr>\n<td style=\"text-align: center\" colspan=\"2\" width=\"292\">\n<pre><span style=\"color: #3366ff\"><a style=\"color: #3366ff\" href=\"\/cleo\/cumplimiento-a-ltao\/\">Art\u00edculo 21<\/a><\/span><\/pre>\n<\/td>\n<td style=\"text-align: center\" colspan=\"2\" width=\"292\">\n<pre><span style=\"color: #3366ff\"><a style=\"color: #3366ff\" href=\"\/cleo\/679-2\/\">Art\u00edculo 36<\/a><\/span><\/pre>\n<\/td>\n<\/tr>\n<\/tbody>\n<\/table>\n<table style=\"height: 86px\" width=\"970\">\n<tbody>\n<tr>\n<td width=\"226\">\n<hr \/>\n<hr \/>\n<\/td>\n<\/tr>\n<\/tbody>\n<\/table>\n<table style=\"border-collapse: collapse;width: 970px;height: 87px\" border=\"0\" width=\"80\" cellspacing=\"0\" cellpadding=\"0\">\n<colgroup>\n<col style=\"width: 60pt\" width=\"80\" \/><\/colgroup>\n<tbody>\n<tr style=\"height: 15.0pt\">\n<td style=\"height: 15.0pt;width: 60pt\" width=\"80\" height=\"20\"><span style=\"color: #ff0000\"><strong>Art\u00edculo 36.<\/strong><\/span><\/p>\n<p><span style=\"color: #000000\">Los sujetos obligados que realicen obra p\u00fablica, deber\u00e1n difundir f\u00edsicamente en el lugar de la obra, una placa o inscripci\u00f3n que se\u00f1ale que fue realizada con recursos p\u00fablicos y el costo de la misma.<\/span><\/td>\n<\/tr>\n<\/tbody>\n<\/table>\n<table style=\"height: 15px\" width=\"973\">\n<tbody>\n<tr>\n<td style=\"text-align: center\" width=\"98\">\n<hr \/>\n<\/td>\n<\/tr>\n<\/tbody>\n<\/table>\n<table style=\"height: 87px\" width=\"970\">\n<tbody>\n<tr>\n<td style=\"text-align: center\" width=\"82\"><span style=\"color: #000000\">\u00a0<strong>Informaci\u00f3n sobre obra p\u00fablica<\/strong><\/span><\/td>\n<td style=\"text-align: center\" width=\"98\"><a href=\"\/cleo\/wp-content\/uploads\/sites\/22\/2019\/02\/LTAO36-unico-parrafo.xlsx\">LTAO36-unico-parrafo<\/a><\/td>\n<\/tr>\n<\/tbody>\n<\/table>\n<table style=\"border-collapse: collapse;width: 970px;height: 39px\" border=\"0\" width=\"80\" cellspacing=\"0\" cellpadding=\"0\">\n<colgroup>\n<col style=\"width: 60pt\" width=\"80\" \/><\/colgroup>\n<tbody>\n<tr style=\"height: 15.0pt\">\n<td style=\"height: 15.0pt;width: 60pt\" width=\"80\" height=\"20\">\n<hr \/>\n<\/td>\n<\/tr>\n<\/tbody>\n<\/table>\n<p>&nbsp;\t\t<\/p>\n","protected":false},"excerpt":{"rendered":"<p>Art\u00edculo 21 Art\u00edculo 36 Art\u00edculo 36. Los sujetos obligados que realicen obra p\u00fablica, deber\u00e1n difundir f\u00edsicamente en el lugar de la obra, una placa o inscripci\u00f3n que se\u00f1ale que fue realizada con recursos p\u00fablicos y el costo de la misma. \u00a0Informaci\u00f3n sobre obra p\u00fablica LTAO36-unico-parrafo &nbsp;<\/p>\n","protected":false},"author":1,"featured_media":0,"parent":0,"menu_order":0,"comment_status":"closed","ping_status":"closed","template":"","meta":{"episode_type":"","audio_file":"","podmotor_file_id":"","podmotor_episode_id":"","cover_image":"","cover_image_id":"","duration":"","filesize":"","filesize_raw":"","date_recorded":"","explicit":"","block":"","itunes_episode_number":"","itunes_title":"","itunes_season_number":"","itunes_episode_type":"","footnotes":""},"categories":[],"tags":[],"class_list":["post-679","page","type-page","status-publish","hentry"],"acf":[],"publishpress_future_action":{"enabled":false,"date":"2026-05-18 14:05:25","action":"change-status","newStatus":"draft","terms":[],"taxonomy":"category","extraData":[]},"publishpress_future_workflow_manual_trigger":{"enabledWorkflows":[]},"_links":{"self":[{"href":"https:\/\/www.oaxaca.gob.mx\/cleo\/wp-json\/wp\/v2\/pages\/679","targetHints":{"allow":["GET"]}}],"collection":[{"href":"https:\/\/www.oaxaca.gob.mx\/cleo\/wp-json\/wp\/v2\/pages"}],"about":[{"href":"https:\/\/www.oaxaca.gob.mx\/cleo\/wp-json\/wp\/v2\/types\/page"}],"author":[{"embeddable":true,"href":"https:\/\/www.oaxaca.gob.mx\/cleo\/wp-json\/wp\/v2\/users\/1"}],"replies":[{"embeddable":true,"href":"https:\/\/www.oaxaca.gob.mx\/cleo\/wp-json\/wp\/v2\/comments?post=679"}],"version-history":[{"count":0,"href":"https:\/\/www.oaxaca.gob.mx\/cleo\/wp-json\/wp\/v2\/pages\/679\/revisions"}],"wp:attachment":[{"href":"https:\/\/www.oaxaca.gob.mx\/cleo\/wp-json\/wp\/v2\/media?parent=679"}],"wp:term":[{"taxonomy":"category","embeddable":true,"href":"https:\/\/www.oaxaca.gob.mx\/cleo\/wp-json\/wp\/v2\/categories?post=679"},{"taxonomy":"post_tag","embeddable":true,"href":"https:\/\/www.oaxaca.gob.mx\/cleo\/wp-json\/wp\/v2\/tags?post=679"}],"curies":[{"name":"wp","href":"https:\/\/api.w.org\/{rel}","templated":true}]}}