{"id":668,"date":"2017-05-04T10:29:24","date_gmt":"2017-05-04T16:29:24","guid":{"rendered":"https:\/\/www.oaxaca.gob.mx\/cleo\/?page_id=668"},"modified":"2017-05-04T10:29:24","modified_gmt":"2017-05-04T16:29:24","slug":"668-2","status":"publish","type":"page","link":"https:\/\/www.oaxaca.gob.mx\/cleo\/668-2\/","title":{"rendered":"Obligaciones de Transparencia 2015 &#8211; 2017"},"content":{"rendered":"<table style=\"height: 51px\" width=\"973\">\n<tbody>\n<tr>\n<td style=\"text-align: center\" width=\"146\">\n<pre><span style=\"color: #3366ff\"><a style=\"color: #3366ff\" href=\"\/cleo\/cumplimiento-a-la-ley-general-de-transparencia-y-acceso-a-la-informacion-publica\/\">Art\u00edculo 70<\/a><\/span><\/pre>\n<\/td>\n<td style=\"text-align: center\" width=\"146\">\n<pre><span style=\"color: #3366ff\"><a style=\"color: #3366ff\" href=\"\/cleo\/483-2\/\">Art\u00edculo 71<\/a><\/span><\/pre>\n<\/td>\n<td style=\"text-align: center\" width=\"146\">\n<pre><span style=\"color: #3366ff\"><a style=\"color: #3366ff\" href=\"\/cleo\/650-2\/\">Art\u00edculo 80<\/a><\/span><\/pre>\n<\/td>\n<td style=\"text-align: center\" width=\"146\">\n<pre><span style=\"color: #3366ff\"><a style=\"color: #3366ff\" href=\"\/cleo\/668-2\/\">Art\u00edculo 81<\/a><\/span><\/pre>\n<\/td>\n<\/tr>\n<\/tbody>\n<\/table>\n<table style=\"height: 86px\" width=\"970\">\n<tbody>\n<tr>\n<td width=\"226\">\n<hr \/>\n<hr \/>\n<\/td>\n<\/tr>\n<\/tbody>\n<\/table>\n<table style=\"border-collapse: collapse;width: 970px;height: 87px\" border=\"0\" width=\"80\" cellspacing=\"0\" cellpadding=\"0\">\n<colgroup>\n<col style=\"width: 60pt\" width=\"80\" \/><\/colgroup>\n<tbody>\n<tr style=\"height: 15.0pt\">\n<td style=\"height: 15.0pt;width: 60pt\" width=\"80\" height=\"20\"><span style=\"color: #ff0000\"><strong>Art\u00edculo 81<\/strong><\/span><\/p>\n<p><span style=\"color: #000000\">Los Organismos garantes, dentro de sus respectivas competencias, determinar\u00e1n los casos en que las personas f\u00edsicas o morales que reciban y ejerzan recursos p\u00fablicos o realicen actos de autoridad, cumplir\u00e1n con las obligaciones de transparencia y acceso a la informaci\u00f3n directamente o a trav\u00e9s de los sujetos obligados que les asignen dichos recursos o, en los t\u00e9rminos de las disposiciones aplicables, realicen actos de autoridad.<\/span><\/td>\n<\/tr>\n<\/tbody>\n<\/table>\n<table style=\"height: 87px\" width=\"970\">\n<tbody>\n<tr>\n<td style=\"text-align: left\" width=\"82\"><strong><span style=\"color: #000000\">Lista de personas a las que se les asignan recursos p\u00fablicos.<\/span><\/strong><\/td>\n<td style=\"text-align: center\" width=\"98\"><a href=\"\/cleo\/wp-content\/uploads\/sites\/22\/2019\/02\/LGTA81D.xlsx\">LGTA81D<\/a><\/td>\n<\/tr>\n<\/tbody>\n<\/table>\n<table style=\"border-collapse: collapse;width: 970px;height: 39px\" border=\"0\" width=\"80\" cellspacing=\"0\" cellpadding=\"0\">\n<colgroup>\n<col style=\"width: 60pt\" width=\"80\" \/><\/colgroup>\n<tbody>\n<tr style=\"height: 15.0pt\">\n<td style=\"height: 15.0pt;width: 60pt\" width=\"80\" height=\"20\">\n<hr \/>\n<\/td>\n<\/tr>\n<\/tbody>\n<\/table>\n<p>&nbsp;\t\t<\/p>\n","protected":false},"excerpt":{"rendered":"<p>Art\u00edculo 70 Art\u00edculo 71 Art\u00edculo 80 Art\u00edculo 81 Art\u00edculo 81 Los Organismos garantes, dentro de sus respectivas competencias, determinar\u00e1n los casos en que las personas f\u00edsicas o morales que reciban y ejerzan recursos p\u00fablicos o realicen actos de autoridad, cumplir\u00e1n con las obligaciones de transparencia y acceso a la informaci\u00f3n directamente o a trav\u00e9s de [&hellip;]<\/p>\n","protected":false},"author":1,"featured_media":0,"parent":0,"menu_order":0,"comment_status":"closed","ping_status":"closed","template":"","meta":{"episode_type":"","audio_file":"","podmotor_file_id":"","podmotor_episode_id":"","cover_image":"","cover_image_id":"","duration":"","filesize":"","filesize_raw":"","date_recorded":"","explicit":"","block":"","itunes_episode_number":"","itunes_title":"","itunes_season_number":"","itunes_episode_type":"","footnotes":""},"categories":[],"tags":[],"class_list":["post-668","page","type-page","status-publish","hentry"],"acf":[],"publishpress_future_action":{"enabled":false,"date":"2026-05-18 14:05:48","action":"change-status","newStatus":"draft","terms":[],"taxonomy":"category","extraData":[]},"publishpress_future_workflow_manual_trigger":{"enabledWorkflows":[]},"_links":{"self":[{"href":"https:\/\/www.oaxaca.gob.mx\/cleo\/wp-json\/wp\/v2\/pages\/668","targetHints":{"allow":["GET"]}}],"collection":[{"href":"https:\/\/www.oaxaca.gob.mx\/cleo\/wp-json\/wp\/v2\/pages"}],"about":[{"href":"https:\/\/www.oaxaca.gob.mx\/cleo\/wp-json\/wp\/v2\/types\/page"}],"author":[{"embeddable":true,"href":"https:\/\/www.oaxaca.gob.mx\/cleo\/wp-json\/wp\/v2\/users\/1"}],"replies":[{"embeddable":true,"href":"https:\/\/www.oaxaca.gob.mx\/cleo\/wp-json\/wp\/v2\/comments?post=668"}],"version-history":[{"count":0,"href":"https:\/\/www.oaxaca.gob.mx\/cleo\/wp-json\/wp\/v2\/pages\/668\/revisions"}],"wp:attachment":[{"href":"https:\/\/www.oaxaca.gob.mx\/cleo\/wp-json\/wp\/v2\/media?parent=668"}],"wp:term":[{"taxonomy":"category","embeddable":true,"href":"https:\/\/www.oaxaca.gob.mx\/cleo\/wp-json\/wp\/v2\/categories?post=668"},{"taxonomy":"post_tag","embeddable":true,"href":"https:\/\/www.oaxaca.gob.mx\/cleo\/wp-json\/wp\/v2\/tags?post=668"}],"curies":[{"name":"wp","href":"https:\/\/api.w.org\/{rel}","templated":true}]}}