{"id":483,"date":"2017-05-03T10:10:56","date_gmt":"2017-05-03T16:10:56","guid":{"rendered":"https:\/\/www.oaxaca.gob.mx\/cleo\/?page_id=483"},"modified":"2017-05-03T10:10:56","modified_gmt":"2017-05-03T16:10:56","slug":"483-2","status":"publish","type":"page","link":"https:\/\/www.oaxaca.gob.mx\/cleo\/483-2\/","title":{"rendered":"Obligaciones de Transparencia 2015 &#8211; 2017"},"content":{"rendered":"<table style=\"height: 51px\" width=\"973\">\n<tbody>\n<tr>\n<td style=\"text-align: center\" width=\"146\">\n<pre><span style=\"color: #3366ff\"><a style=\"color: #3366ff\" href=\"\/cleo\/cumplimiento-a-la-ley-general-de-transparencia-y-acceso-a-la-informacion-publica\/\">Art\u00edculo 70<\/a><\/span><\/pre>\n<\/td>\n<td style=\"text-align: center\" width=\"146\">\n<pre><span style=\"color: #3366ff\"><a style=\"color: #3366ff\" href=\"\/cleo\/483-2\/\">Art\u00edculo 71<\/a><\/span><\/pre>\n<\/td>\n<td style=\"text-align: center\" width=\"146\">\n<pre><span style=\"color: #3366ff\"><a style=\"color: #3366ff\" href=\"\/cleo\/650-2\/\">Art\u00edculo 80<\/a><\/span><\/pre>\n<\/td>\n<td style=\"text-align: center\" width=\"146\">\n<pre><span style=\"color: #3366ff\"><a style=\"color: #3366ff\" href=\"\/cleo\/668-2\/\">Art\u00edculo 81<\/a><\/span><\/pre>\n<\/td>\n<\/tr>\n<\/tbody>\n<\/table>\n<table style=\"height: 86px\" width=\"970\">\n<tbody>\n<tr>\n<td width=\"226\">\n<hr \/>\n<hr \/>\n<\/td>\n<\/tr>\n<\/tbody>\n<\/table>\n<table style=\"border-collapse: collapse;width: 965px;height: 143px\" border=\"0\" width=\"80\" cellspacing=\"0\" cellpadding=\"0\">\n<colgroup>\n<col style=\"width: 60pt\" width=\"80\" \/> <\/colgroup>\n<tbody>\n<tr style=\"height: 15.0pt\">\n<td style=\"height: 15.0pt;width: 60pt\" width=\"80\" height=\"20\"><span style=\"color: #ff0000\"><strong>Art\u00edculo 71<\/strong><\/span><\/p>\n<p><span style=\"color: #333333\">Adem\u00e1s de lo se\u00f1alado en el art\u00edculo anterior de la presente Ley, los sujetos obligados de los Poderes Ejecutivos Federal, de las Entidades Federativas y municipales, deber\u00e1n poner a disposici\u00f3n del p\u00fablico y actualizar la siguiente informaci\u00f3n:<\/span><\/p>\n<hr \/>\n<\/td>\n<\/tr>\n<\/tbody>\n<\/table>\n<p>&nbsp;<\/p>\n<table style=\"height: 51px;padding-left: 30px\" width=\"974\">\n<tbody style=\"padding-left: 30px\">\n<tr style=\"padding-left: 30px\">\n<td style=\"text-align: center;padding-left: 30px\" width=\"82\">\n<p style=\"text-align: left;padding-left: 30px\"><strong><span style=\"color: #000000\">Presupuesto de Egresos<\/span><\/strong><\/p>\n<p style=\"text-align: left;padding-left: 30px\"><strong><span style=\"color: #000000\">Leyenda<\/span><\/strong><\/p>\n<p style=\"text-align: left;padding-left: 30px\"><strong><span style=\"color: #000000\">Disposiciones administrativas<\/span><\/strong><\/p>\n<\/td>\n<td style=\"text-align: center\" width=\"98\"><a href=\"\/cleo\/wp-content\/uploads\/sites\/22\/2019\/02\/LGTA71FIB.xlsx\">LGTA71FIB<\/a><\/p>\n<p><a href=\"\/cleo\/wp-content\/uploads\/sites\/22\/2019\/02\/LGTA71FIB-bis.xlsx\">LGTA71FIB-bis<\/a><\/p>\n<p><a href=\"\/cleo\/wp-content\/uploads\/sites\/22\/2018\/08\/LGTA71FIG.xlsx\">LGTA71FIG<\/a><\/td>\n<\/tr>\n<\/tbody>\n<\/table>\n<table style=\"border-collapse: collapse;width: 971px;height: 10px\" border=\"0\" width=\"80\" cellspacing=\"0\" cellpadding=\"0\">\n<colgroup>\n<col style=\"width: 60pt\" width=\"80\" \/><\/colgroup>\n<tbody>\n<tr style=\"height: 15.0pt\">\n<td style=\"height: 15.0pt;width: 60pt\" width=\"80\" height=\"20\">\n<hr \/>\n<\/td>\n<\/tr>\n<\/tbody>\n<\/table>\n<p>&nbsp;\t\t<\/p>\n","protected":false},"excerpt":{"rendered":"<p>Art\u00edculo 70 Art\u00edculo 71 Art\u00edculo 80 Art\u00edculo 81 Art\u00edculo 71 Adem\u00e1s de lo se\u00f1alado en el art\u00edculo anterior de la presente Ley, los sujetos obligados de los Poderes Ejecutivos Federal, de las Entidades Federativas y municipales, deber\u00e1n poner a disposici\u00f3n del p\u00fablico y actualizar la siguiente informaci\u00f3n: &nbsp; Presupuesto de Egresos Leyenda Disposiciones administrativas LGTA71FIB [&hellip;]<\/p>\n","protected":false},"author":1,"featured_media":0,"parent":0,"menu_order":0,"comment_status":"closed","ping_status":"closed","template":"","meta":{"episode_type":"","audio_file":"","podmotor_file_id":"","podmotor_episode_id":"","cover_image":"","cover_image_id":"","duration":"","filesize":"","filesize_raw":"","date_recorded":"","explicit":"","block":"","itunes_episode_number":"","itunes_title":"","itunes_season_number":"","itunes_episode_type":"","footnotes":""},"categories":[],"tags":[],"class_list":["post-483","page","type-page","status-publish","hentry"],"acf":[],"publishpress_future_action":{"enabled":false,"date":"2026-05-18 14:06:50","action":"change-status","newStatus":"draft","terms":[],"taxonomy":"category","extraData":[]},"publishpress_future_workflow_manual_trigger":{"enabledWorkflows":[]},"_links":{"self":[{"href":"https:\/\/www.oaxaca.gob.mx\/cleo\/wp-json\/wp\/v2\/pages\/483","targetHints":{"allow":["GET"]}}],"collection":[{"href":"https:\/\/www.oaxaca.gob.mx\/cleo\/wp-json\/wp\/v2\/pages"}],"about":[{"href":"https:\/\/www.oaxaca.gob.mx\/cleo\/wp-json\/wp\/v2\/types\/page"}],"author":[{"embeddable":true,"href":"https:\/\/www.oaxaca.gob.mx\/cleo\/wp-json\/wp\/v2\/users\/1"}],"replies":[{"embeddable":true,"href":"https:\/\/www.oaxaca.gob.mx\/cleo\/wp-json\/wp\/v2\/comments?post=483"}],"version-history":[{"count":0,"href":"https:\/\/www.oaxaca.gob.mx\/cleo\/wp-json\/wp\/v2\/pages\/483\/revisions"}],"wp:attachment":[{"href":"https:\/\/www.oaxaca.gob.mx\/cleo\/wp-json\/wp\/v2\/media?parent=483"}],"wp:term":[{"taxonomy":"category","embeddable":true,"href":"https:\/\/www.oaxaca.gob.mx\/cleo\/wp-json\/wp\/v2\/categories?post=483"},{"taxonomy":"post_tag","embeddable":true,"href":"https:\/\/www.oaxaca.gob.mx\/cleo\/wp-json\/wp\/v2\/tags?post=483"}],"curies":[{"name":"wp","href":"https:\/\/api.w.org\/{rel}","templated":true}]}}