{"id":3058,"date":"2019-05-24T17:49:44","date_gmt":"2019-05-24T15:49:44","guid":{"rendered":"https:\/\/www.oaxaca.gob.mx\/cleo\/?page_id=3058"},"modified":"2019-08-23T16:11:26","modified_gmt":"2019-08-23T21:11:26","slug":"directorio","status":"publish","type":"page","link":"https:\/\/www.oaxaca.gob.mx\/cleo\/directorio\/","title":{"rendered":"Directorio"},"content":{"rendered":"\n<table id=\"tablepress-1\" class=\"tablepress tablepress-id-1\">\n<thead>\n<tr class=\"row-1\">\n\t<th class=\"column-1\">CARGO<\/th><th class=\"column-2\">TEL\u00c9FONO<\/th><th class=\"column-3\">CORREO<\/th>\n<\/tr>\n<\/thead>\n<tbody class=\"row-striping row-hover\">\n<tr class=\"row-2\">\n\t<td class=\"column-1\">Ing. Joel Isidro Inocente<br \/>\nSecretario de la Comisi\u00f3n de L\u00edmites<\/td><td class=\"column-2\">(951) 5015000 Ext. 13386 y 28050<\/td><td class=\"column-3\">comisiondelimites@oaxaca.gob.mx<\/td>\n<\/tr>\n<tr class=\"row-3\">\n\t<td class=\"column-1\">L.A. Jorge Eleazar Cordero Tello<br \/>\nJefe del Departamento Administrativo Contable<\/td><td class=\"column-2\">(951) 5015000 Ext. 13391<\/td><td class=\"column-3\">comisiondelimites@oaxaca.gob.mx<\/td>\n<\/tr>\n<tr class=\"row-4\">\n\t<td class=\"column-1\">Lic. Margarita Vargas Hern\u00e1ndez<br \/>\nJefa del Departamento Jur\u00eddico<\/td><td class=\"column-2\">(951) 5016900 Ext. <\/td><td class=\"column-3\">comisiondelimites@oaxaca.gob.mx<\/td>\n<\/tr>\n<tr class=\"row-5\">\n\t<td class=\"column-1\">Arq. Maritza Merl\u00edn Hern\u00e1ndez<br \/>\nJefa del Departamento T\u00e9cnico<\/td><td class=\"column-2\">(951) 5016900 Ext. <\/td><td class=\"column-3\">comisiondelimites@oaxaca.gob.mx<\/td>\n<\/tr>\n<tr class=\"row-6\">\n\t<td class=\"column-1\">C. D\u00c9BORA IN\u00c9S PE\u00d1A HERN\u00c1NDEZ.<br \/>\nOFICILIA  DE PARTES.<\/td><td class=\"column-2\">(951) 5015000 Ext. 13387<\/td><td class=\"column-3\">comisiondelimites@oaxaca.gob.mx<\/td>\n<\/tr>\n<\/tbody>\n<\/table>\n<!-- #tablepress-1 from cache -->\n","protected":false},"excerpt":{"rendered":"","protected":false},"author":1,"featured_media":0,"parent":0,"menu_order":0,"comment_status":"closed","ping_status":"closed","template":"","meta":{"episode_type":"","audio_file":"","podmotor_file_id":"","podmotor_episode_id":"","cover_image":"","cover_image_id":"","duration":"","filesize":"","filesize_raw":"","date_recorded":"","explicit":"","block":"","itunes_episode_number":"","itunes_title":"","itunes_season_number":"","itunes_episode_type":"","footnotes":""},"categories":[],"tags":[],"class_list":["post-3058","page","type-page","status-publish","hentry"],"acf":[],"publishpress_future_action":{"enabled":false,"date":"2026-05-18 12:47:34","action":"change-status","newStatus":"draft","terms":[],"taxonomy":"category","extraData":[]},"publishpress_future_workflow_manual_trigger":{"enabledWorkflows":[]},"_links":{"self":[{"href":"https:\/\/www.oaxaca.gob.mx\/cleo\/wp-json\/wp\/v2\/pages\/3058","targetHints":{"allow":["GET"]}}],"collection":[{"href":"https:\/\/www.oaxaca.gob.mx\/cleo\/wp-json\/wp\/v2\/pages"}],"about":[{"href":"https:\/\/www.oaxaca.gob.mx\/cleo\/wp-json\/wp\/v2\/types\/page"}],"author":[{"embeddable":true,"href":"https:\/\/www.oaxaca.gob.mx\/cleo\/wp-json\/wp\/v2\/users\/1"}],"replies":[{"embeddable":true,"href":"https:\/\/www.oaxaca.gob.mx\/cleo\/wp-json\/wp\/v2\/comments?post=3058"}],"version-history":[{"count":1,"href":"https:\/\/www.oaxaca.gob.mx\/cleo\/wp-json\/wp\/v2\/pages\/3058\/revisions"}],"predecessor-version":[{"id":3253,"href":"https:\/\/www.oaxaca.gob.mx\/cleo\/wp-json\/wp\/v2\/pages\/3058\/revisions\/3253"}],"wp:attachment":[{"href":"https:\/\/www.oaxaca.gob.mx\/cleo\/wp-json\/wp\/v2\/media?parent=3058"}],"wp:term":[{"taxonomy":"category","embeddable":true,"href":"https:\/\/www.oaxaca.gob.mx\/cleo\/wp-json\/wp\/v2\/categories?post=3058"},{"taxonomy":"post_tag","embeddable":true,"href":"https:\/\/www.oaxaca.gob.mx\/cleo\/wp-json\/wp\/v2\/tags?post=3058"}],"curies":[{"name":"wp","href":"https:\/\/api.w.org\/{rel}","templated":true}]}}