{"id":3056,"date":"2019-05-24T17:49:44","date_gmt":"2019-05-24T15:49:44","guid":{"rendered":"https:\/\/www.oaxaca.gob.mx\/cleo\/?page_id=3056"},"modified":"2023-09-09T11:02:36","modified_gmt":"2023-09-09T17:02:36","slug":"funciones","status":"publish","type":"page","link":"https:\/\/www.oaxaca.gob.mx\/cleo\/funciones\/","title":{"rendered":"Funciones"},"content":{"rendered":"<p>La Comisi\u00f3n de L\u00edmites del Estado de Oaxaca tiene la misi\u00f3n de conocer y analizar los problemas de l\u00edmites territoriales entre el Estado de Oaxaca y las entidades federativas colindantes: Guerrero, Puebla, Veracruz y Chiapas.<\/p>\n<p>Las actividades que se llevan a cabo son:<br \/>\n1.- Geoposicionamiento de puntos lim\u00edtrofes.<br \/>\n2.- An\u00e1lisis y procesamiento de datos t\u00e9cnicos.<br \/>\n3.-Estudios t\u00e9cnicos en materia de l\u00edmites territoriales.<\/p>\n<p>Derivado de la contingencia sanitaria vivida por el virus SARS-CoV-2 (COVID-19). Dejamos a su alcance el correo oficial: comisiondelimites@oaxaca.gob.mx y el n\u00famero celular 951 306 49 00, en donde usted podr\u00e1 contactarnos y\/o en caso de ser necesario agendar una cita.<\/p>\n","protected":false},"excerpt":{"rendered":"<p>La Comisi\u00f3n de L\u00edmites del Estado de Oaxaca tiene la misi\u00f3n de conocer y analizar los problemas de l\u00edmites territoriales entre el Estado de Oaxaca y las entidades federativas colindantes: Guerrero, Puebla, Veracruz y Chiapas. Las actividades que se llevan a cabo son: 1.- Geoposicionamiento de puntos lim\u00edtrofes. 2.- An\u00e1lisis y procesamiento de datos t\u00e9cnicos. [&hellip;]<\/p>\n","protected":false},"author":1,"featured_media":0,"parent":0,"menu_order":0,"comment_status":"closed","ping_status":"closed","template":"","meta":{"episode_type":"","audio_file":"","podmotor_file_id":"","podmotor_episode_id":"","cover_image":"","cover_image_id":"","duration":"","filesize":"","filesize_raw":"","date_recorded":"","explicit":"","block":"","itunes_episode_number":"","itunes_title":"","itunes_season_number":"","itunes_episode_type":"","footnotes":""},"categories":[],"tags":[],"class_list":["post-3056","page","type-page","status-publish","hentry"],"acf":[],"publishpress_future_action":{"enabled":false,"date":"2026-04-21 14:44:26","action":"change-status","newStatus":"draft","terms":[],"taxonomy":"category","extraData":[]},"publishpress_future_workflow_manual_trigger":{"enabledWorkflows":[]},"_links":{"self":[{"href":"https:\/\/www.oaxaca.gob.mx\/cleo\/wp-json\/wp\/v2\/pages\/3056","targetHints":{"allow":["GET"]}}],"collection":[{"href":"https:\/\/www.oaxaca.gob.mx\/cleo\/wp-json\/wp\/v2\/pages"}],"about":[{"href":"https:\/\/www.oaxaca.gob.mx\/cleo\/wp-json\/wp\/v2\/types\/page"}],"author":[{"embeddable":true,"href":"https:\/\/www.oaxaca.gob.mx\/cleo\/wp-json\/wp\/v2\/users\/1"}],"replies":[{"embeddable":true,"href":"https:\/\/www.oaxaca.gob.mx\/cleo\/wp-json\/wp\/v2\/comments?post=3056"}],"version-history":[{"count":6,"href":"https:\/\/www.oaxaca.gob.mx\/cleo\/wp-json\/wp\/v2\/pages\/3056\/revisions"}],"predecessor-version":[{"id":3935,"href":"https:\/\/www.oaxaca.gob.mx\/cleo\/wp-json\/wp\/v2\/pages\/3056\/revisions\/3935"}],"wp:attachment":[{"href":"https:\/\/www.oaxaca.gob.mx\/cleo\/wp-json\/wp\/v2\/media?parent=3056"}],"wp:term":[{"taxonomy":"category","embeddable":true,"href":"https:\/\/www.oaxaca.gob.mx\/cleo\/wp-json\/wp\/v2\/categories?post=3056"},{"taxonomy":"post_tag","embeddable":true,"href":"https:\/\/www.oaxaca.gob.mx\/cleo\/wp-json\/wp\/v2\/tags?post=3056"}],"curies":[{"name":"wp","href":"https:\/\/api.w.org\/{rel}","templated":true}]}}