{"id":1527,"date":"2018-04-23T11:22:39","date_gmt":"2018-04-23T17:22:39","guid":{"rendered":"https:\/\/www.oaxaca.gob.mx\/cleo\/?page_id=1527"},"modified":"2018-04-23T11:22:39","modified_gmt":"2018-04-23T17:22:39","slug":"cumplimiento-a-la-ley-general-de-transparencia-y-acceso-a-la-informacion-publica-2018-2","status":"publish","type":"page","link":"https:\/\/www.oaxaca.gob.mx\/cleo\/cumplimiento-a-la-ley-general-de-transparencia-y-acceso-a-la-informacion-publica-2018-2\/","title":{"rendered":"Obligaciones de Transparencia  2018"},"content":{"rendered":"<table style=\"height: 51px\" width=\"973\">\n<tbody>\n<tr>\n<td style=\"text-align: center\" width=\"146\">\n<pre><a href=\"\/cleo\/wp-content\/uploads\/sites\/22\/2018\/04\/TABLA-DE-APLICABILIDAD-INTEGRAL-APROBADA.pdf\">Tabla de Aplicabilidad Integral<\/a><\/pre>\n<\/td>\n<td style=\"text-align: center\" width=\"146\">\n<pre><a href=\"\/cleo\/wp-content\/uploads\/sites\/22\/2018\/07\/Quinta-SEO-Transparencia.pdf\">\u00cdndice de Expedientes Reservados<\/a><\/pre>\n<\/td>\n<td style=\"text-align: center\" width=\"146\">\n<pre><a href=\"\/cleo\/cumplimiento-a-ltao\/\">Cumplimiento LTAO<\/a><\/pre>\n<\/td>\n<\/tr>\n<\/tbody>\n<\/table>\n<table style=\"height: 51px\" width=\"973\">\n<tbody>\n<tr>\n<td style=\"text-align: center\" width=\"146\">\n<pre><span style=\"color: #3366ff\"><a style=\"color: #3366ff\" href=\"\/cleo\/cumplimiento-a-la-ley-general-de-transparencia-y-acceso-a-la-informacion-publica-2018\/\">Art\u00edculo 70<\/a><\/span><\/pre>\n<\/td>\n<td style=\"text-align: center\" width=\"146\">\n<pre><span style=\"color: #3366ff\"><a style=\"color: #3366ff\" href=\"\/cleo\/cumplimiento-a-la-ley-general-de-transparencia-y-acceso-a-la-informacion-publica-2018-2\/\">Art\u00edculo 71<\/a><\/span><\/pre>\n<\/td>\n<td style=\"text-align: center\" width=\"146\">\n<pre><span style=\"color: #3366ff\"><a style=\"color: #3366ff\" href=\"\/cleo\/cumplimiento-a-la-ley-general-de-transparencia-y-acceso-a-la-informacion-publica-2018-3\/\">Art\u00edculo 80<\/a><\/span><\/pre>\n<\/td>\n<td style=\"text-align: center\" width=\"146\">\n<pre><span style=\"color: #3366ff\"><a style=\"color: #3366ff\" href=\"\/cleo\/cumplimiento-a-la-ley-general-de-transparencia-y-acceso-a-la-informacion-publica-2018-4\/\">Art\u00edculo 81<\/a><\/span><\/pre>\n<\/td>\n<\/tr>\n<\/tbody>\n<\/table>\n<table style=\"height: 86px\" width=\"970\">\n<tbody>\n<tr>\n<td width=\"226\">\n<hr \/>\n<hr \/>\n<\/td>\n<\/tr>\n<\/tbody>\n<\/table>\n<table style=\"border-collapse: collapse;width: 965px;height: 143px\" border=\"0\" width=\"80\" cellspacing=\"0\" cellpadding=\"0\">\n<colgroup>\n<col style=\"width: 60pt\" width=\"80\" \/> <\/colgroup>\n<tbody>\n<tr style=\"height: 15.0pt\">\n<td style=\"height: 15.0pt;width: 60pt\" width=\"80\" height=\"20\"><span style=\"color: #ff0000\"><strong>Art\u00edculo 71<\/strong><\/span><\/p>\n<p><span style=\"color: #333333\">Adem\u00e1s de lo se\u00f1alado en el art\u00edculo anterior de la presente Ley, los sujetos obligados de los Poderes Ejecutivos Federal, de las Entidades Federativas y municipales, deber\u00e1n poner a disposici\u00f3n del p\u00fablico y actualizar la siguiente informaci\u00f3n:<\/span><\/p>\n<hr \/>\n<\/td>\n<\/tr>\n<\/tbody>\n<\/table>\n<p>&nbsp;<\/p>\n<table style=\"height: 754px\" width=\"973\">\n<tbody>\n<tr>\n<td style=\"padding-left: 60px\" width=\"366\"><strong>El Plan Nacional de Desarrollo, los planes estatales de desarrollo o el Programa General de Desarrollo del Distrito Federal, seg\u00fan corresponda<\/strong><\/td>\n<td style=\"text-align: center;padding-left: 60px\" width=\"186\"><a href=\"\/cleo\/wp-content\/uploads\/sites\/22\/2019\/02\/LGTA71FIA1.xlsx\">LGTA71FIA1<\/a><\/td>\n<\/tr>\n<tr style=\"padding-left: 60px\">\n<td style=\"padding-left: 60px\" width=\"366\"><strong>El presupuesto de egresos y las f\u00f3rmulas de distribuci\u00f3n de los recursos otorgados<\/strong><\/td>\n<td style=\"text-align: center;padding-left: 60px\" width=\"186\"><a href=\"\/cleo\/wp-content\/uploads\/sites\/22\/2019\/02\/LGTA71FIB1.xlsx\">LGTA71FIB1<\/a><\/p>\n<p><a href=\"\/cleo\/wp-content\/uploads\/sites\/22\/2019\/02\/LGTA71FIB2.xlsx\">LGTA71FIB2<\/a><\/td>\n<\/tr>\n<tr style=\"padding-left: 60px\">\n<td style=\"padding-left: 60px\" width=\"366\"><strong>Expropiaciones<\/strong><\/td>\n<td style=\"text-align: center;padding-left: 60px\"><a href=\"\/cleo\/wp-content\/uploads\/sites\/22\/2019\/02\/LGTA71FIC1-PM.xlsx\">LGTA71FIC1<\/a><\/td>\n<\/tr>\n<tr style=\"padding-left: 60px\">\n<td style=\"padding-left: 60px\" width=\"366\"><strong>El nombre, denominaci\u00f3n o raz\u00f3n social y clave del registro federal de los contribuyentes a los que se les hubiera cancelado o condonado alg\u00fan cr\u00e9dito fiscal, as\u00ed como los montos respectivos. As\u00ed mismo la informaci\u00f3n estad\u00edstica sobre las exenciones previstas en las disposiciones fiscales<\/strong><\/td>\n<td style=\"text-align: center;padding-left: 60px\"><a href=\"\/cleo\/wp-content\/uploads\/sites\/22\/2019\/02\/LGTA71FID1.xlsx\">LGTA71FID1<\/a><\/td>\n<\/tr>\n<tr style=\"padding-left: 60px\">\n<td style=\"padding-left: 60px\" width=\"366\"><strong>Listado de Corredores<\/strong><\/td>\n<td style=\"text-align: center;padding-left: 60px\"><a href=\"\/cleo\/wp-content\/uploads\/sites\/22\/2019\/01\/LGTA71FIE1.xlsx\">LGTA71FIE1<\/a><\/td>\n<\/tr>\n<tr style=\"padding-left: 60px\">\n<td style=\"padding-left: 60px\" width=\"366\"><strong>La informaci\u00f3n detallada que contengan los planes de desarrollo urbano, ordenamiento territorial y ecol\u00f3gico, los tipos y usos de suelo, licencias de uso y construcci\u00f3n otorgadas por los gobiernos municipales<\/strong><\/td>\n<td style=\"text-align: center;padding-left: 60px\"><a href=\"\/cleo\/wp-content\/uploads\/sites\/22\/2019\/02\/LGTA71FIF1.xlsx\">LGTA71FIF1<\/a><\/td>\n<\/tr>\n<tr style=\"padding-left: 60px\">\n<td style=\"padding-left: 60px\" width=\"366\"><strong>Las disposiciones administrativas, directamente o a trav\u00e9s de la autoridad competente, con el plazo de anticipaci\u00f3n que prevean las disposiciones aplicables al sujeto obligado que se trate, salvo que su difusi\u00f3n pueda comprometer los efectos que se pretender logar con la disposici\u00f3n o se trate de situaciones de emergencia, de conformidad con dichas disposiciones<\/strong><\/td>\n<td style=\"text-align: center;padding-left: 60px\"><a href=\"\/cleo\/wp-content\/uploads\/sites\/22\/2019\/02\/LGTA71FIG1.xlsx\">LGTA71FIG1<\/a><\/td>\n<\/tr>\n<\/tbody>\n<\/table>\n<p>&nbsp;\t\t<\/p>\n","protected":false},"excerpt":{"rendered":"<p>Tabla de Aplicabilidad Integral \u00cdndice de Expedientes Reservados Cumplimiento LTAO Art\u00edculo 70 Art\u00edculo 71 Art\u00edculo 80 Art\u00edculo 81 Art\u00edculo 71 Adem\u00e1s de lo se\u00f1alado en el art\u00edculo anterior de la presente Ley, los sujetos obligados de los Poderes Ejecutivos Federal, de las Entidades Federativas y municipales, deber\u00e1n poner a disposici\u00f3n del p\u00fablico y actualizar la [&hellip;]<\/p>\n","protected":false},"author":1,"featured_media":0,"parent":0,"menu_order":0,"comment_status":"closed","ping_status":"closed","template":"","meta":{"episode_type":"","audio_file":"","podmotor_file_id":"","podmotor_episode_id":"","cover_image":"","cover_image_id":"","duration":"","filesize":"","filesize_raw":"","date_recorded":"","explicit":"","block":"","itunes_episode_number":"","itunes_title":"","itunes_season_number":"","itunes_episode_type":"","footnotes":""},"categories":[],"tags":[],"class_list":["post-1527","page","type-page","status-publish","hentry"],"acf":[],"publishpress_future_action":{"enabled":false,"date":"2026-05-18 14:21:05","action":"change-status","newStatus":"draft","terms":[],"taxonomy":"category","extraData":[]},"publishpress_future_workflow_manual_trigger":{"enabledWorkflows":[]},"_links":{"self":[{"href":"https:\/\/www.oaxaca.gob.mx\/cleo\/wp-json\/wp\/v2\/pages\/1527","targetHints":{"allow":["GET"]}}],"collection":[{"href":"https:\/\/www.oaxaca.gob.mx\/cleo\/wp-json\/wp\/v2\/pages"}],"about":[{"href":"https:\/\/www.oaxaca.gob.mx\/cleo\/wp-json\/wp\/v2\/types\/page"}],"author":[{"embeddable":true,"href":"https:\/\/www.oaxaca.gob.mx\/cleo\/wp-json\/wp\/v2\/users\/1"}],"replies":[{"embeddable":true,"href":"https:\/\/www.oaxaca.gob.mx\/cleo\/wp-json\/wp\/v2\/comments?post=1527"}],"version-history":[{"count":0,"href":"https:\/\/www.oaxaca.gob.mx\/cleo\/wp-json\/wp\/v2\/pages\/1527\/revisions"}],"wp:attachment":[{"href":"https:\/\/www.oaxaca.gob.mx\/cleo\/wp-json\/wp\/v2\/media?parent=1527"}],"wp:term":[{"taxonomy":"category","embeddable":true,"href":"https:\/\/www.oaxaca.gob.mx\/cleo\/wp-json\/wp\/v2\/categories?post=1527"},{"taxonomy":"post_tag","embeddable":true,"href":"https:\/\/www.oaxaca.gob.mx\/cleo\/wp-json\/wp\/v2\/tags?post=1527"}],"curies":[{"name":"wp","href":"https:\/\/api.w.org\/{rel}","templated":true}]}}