{"id":549,"date":"2016-04-15T09:42:39","date_gmt":"2016-04-15T15:42:39","guid":{"rendered":"http:\/\/www.registrocivil.oaxaca.gob.mx\/?page_id=549"},"modified":"2024-08-20T11:33:38","modified_gmt":"2024-08-20T17:33:38","slug":"expedicion-de-cedula-curp","status":"publish","type":"page","link":"https:\/\/www.oaxaca.gob.mx\/civil\/expedicion-de-cedula-curp\/","title":{"rendered":"Expedici\u00f3n de cedula curp"},"content":{"rendered":"<div class=\"row\">\n<div class=\"col-md-8\">\n<table id=\"tablepress-tbl-expedicion-curp\" class=\"tablepress tablepress-id-tbl-expedicion-curp\">\n<thead>\n<tr class=\"row-1\">\n\t<th class=\"column-1\">Nombre del tr\u00e1mite o servicio:<\/th><th class=\"column-2\">Expedici\u00f3n de CURP <\/th>\n<\/tr>\n<\/thead>\n<tbody class=\"row-striping row-hover\">\n<tr class=\"row-2\">\n\t<td class=\"column-1\">Tipo de usuario:<\/td><td class=\"column-2\">P\u00fablico en general<\/td>\n<\/tr>\n<tr class=\"row-3\">\n\t<td class=\"column-1\">Comprobante a obtener:<\/td><td class=\"column-2\">C\u00e9dula CURP<\/td>\n<\/tr>\n<tr class=\"row-4\">\n\t<td class=\"column-1\">Descripci\u00f3n:<\/td><td class=\"column-2\">Actualizaci\u00f3n y alta de la c\u00e9dula CURP<\/td>\n<\/tr>\n<tr class=\"row-5\">\n\t<td class=\"column-1\">Tiempo de respuesta:<\/td><td class=\"column-2\">Inmediata<\/td>\n<\/tr>\n<tr class=\"row-6\">\n\t<td class=\"column-1\">\u00c1rea donde se proporciona el servicio:<\/td><td class=\"column-2\">Expedici\u00f3n de certificaciones y c\u00e9dula CURP<\/td>\n<\/tr>\n<tr class=\"row-7\">\n\t<td class=\"column-1\">Donde se otorga el tr\u00e1mite o servicio<\/td><td class=\"column-2\">Violetas 914, col. Reforma, y oficial\u00edas del Registro Civil<\/td>\n<\/tr>\n<tr class=\"row-8\">\n\t<td class=\"column-1\">Horario de atenci\u00f3n<\/td><td class=\"column-2\">9:00 a 15.00 horas de lunes a viernes<\/td>\n<\/tr>\n<tr class=\"row-9\">\n\t<td class=\"column-1\">Requisitos:<\/td><td class=\"column-2\">Identificaci\u00f3n y copia del acta de nacimiento.<\/td>\n<\/tr>\n<\/tbody>\n<\/table>\n<!-- #tablepress-tbl-expedicion-curp from cache --><\/div>\n<div class=\"col-md-4\" style=\"font-size: 10px;color: #543276\">MEN\u00da SERVICIOS<ul id=\"menu-tramites-y-servicios\" class=\"menu\"><li id=\"menu-item-2047\" class=\"menu-item menu-item-type-post_type menu-item-object-page menu-item-2047\"><a href=\"https:\/\/www.oaxaca.gob.mx\/civil\/inscripcion-del-acta-de-nacimiento\/\">Inscripci\u00f3n del acta de nacimiento<\/a><\/li>\n<li id=\"menu-item-2048\" class=\"menu-item menu-item-type-post_type menu-item-object-page menu-item-2048\"><a href=\"https:\/\/www.oaxaca.gob.mx\/civil\/inscripcion-del-acta-de-reconocimiento-de-hijo\/\">Inscripci\u00f3n del acta de reconocimiento de hijo.<\/a><\/li>\n<li id=\"menu-item-2043\" class=\"menu-item menu-item-type-post_type menu-item-object-page menu-item-2043\"><a href=\"https:\/\/www.oaxaca.gob.mx\/civil\/inscripcion-del-acta-de-adopcion\/\">Inscripci\u00f3n del acta de adopci\u00f3n<\/a><\/li>\n<li id=\"menu-item-2046\" class=\"menu-item menu-item-type-post_type menu-item-object-page menu-item-2046\"><a href=\"https:\/\/www.oaxaca.gob.mx\/civil\/inscripcion-del-acta-de-matrimonio\/\">Inscripci\u00f3n del acta de matrimonio<\/a><\/li>\n<li id=\"menu-item-2045\" class=\"menu-item menu-item-type-post_type menu-item-object-page menu-item-2045\"><a href=\"https:\/\/www.oaxaca.gob.mx\/civil\/inscripcion-del-acta-de-divorcio\/\">Inscripci\u00f3n del acta de divorcio<\/a><\/li>\n<li id=\"menu-item-2044\" class=\"menu-item menu-item-type-post_type menu-item-object-page menu-item-2044\"><a href=\"https:\/\/www.oaxaca.gob.mx\/civil\/inscripcion-del-acta-de-defuncion\/\">Inscripci\u00f3n del acta de defunci\u00f3n<\/a><\/li>\n<li id=\"menu-item-2050\" class=\"menu-item menu-item-type-post_type menu-item-object-page menu-item-2050\"><a href=\"https:\/\/www.oaxaca.gob.mx\/civil\/autorizacion-para-inhumacion-de-fetos-miembros-amputados-y-exhumacion-de-restos-aridos\/\">Autorizacion para inhumaci\u00f3n de fetos, miembros amputados y exhumaci\u00f3n de restos \u00e1ridos<\/a><\/li>\n<li id=\"menu-item-2042\" class=\"menu-item menu-item-type-post_type menu-item-object-page menu-item-2042\"><a href=\"https:\/\/www.oaxaca.gob.mx\/civil\/inscripcion-de-los-actos-celebrados-en-el-extranjero\/\">Inscripci\u00f3n de los actos celebrados en el extranjero<\/a><\/li>\n<li id=\"menu-item-2049\" class=\"menu-item menu-item-type-post_type menu-item-object-page menu-item-2049\"><a href=\"https:\/\/www.oaxaca.gob.mx\/civil\/inscripcion-del-acta-de-tutela-o-la-perdida-o-limitacion-de-la-capacidad-legal-para-administrar-bienes\/\">Inscripci\u00f3n del acta de tutela o la p\u00e9rdida o limitaci\u00f3n de la capacidad legal para administrar bienes<\/a><\/li>\n<li id=\"menu-item-2040\" class=\"menu-item menu-item-type-post_type menu-item-object-page menu-item-2040\"><a href=\"https:\/\/www.oaxaca.gob.mx\/civil\/expedicion-de-certificaciones-de-datos\/\">Expedici\u00f3n de certificaciones de datos<\/a><\/li>\n<li id=\"menu-item-2052\" class=\"menu-item menu-item-type-post_type menu-item-object-page menu-item-2052\"><a href=\"https:\/\/www.oaxaca.gob.mx\/civil\/constancia-de-inexistencia-de-registro\/\">Constancia de inexistencia de registro<\/a><\/li>\n<li id=\"menu-item-2051\" class=\"menu-item menu-item-type-post_type menu-item-object-page menu-item-2051\"><a href=\"https:\/\/www.oaxaca.gob.mx\/civil\/constancia-de-inexistencia-de-matrimonio\/\">Constancia de inexistencia de matrimonio<\/a><\/li>\n<li id=\"menu-item-2041\" class=\"menu-item menu-item-type-post_type menu-item-object-page menu-item-2041\"><a href=\"https:\/\/www.oaxaca.gob.mx\/civil\/expedicion-de-constancia-de-registro-extemporaneo\/\">Expedici\u00f3n de constancia de registro extempor\u00e1neo.<\/a><\/li>\n<li id=\"menu-item-1938\" class=\"menu-item menu-item-type-custom menu-item-object-custom menu-item-has-children menu-item-1938\"><a href=\"#\">Anotaciones marginales<\/a>\n<ul class=\"sub-menu\">\n\t<li id=\"menu-item-2053\" class=\"menu-item menu-item-type-post_type menu-item-object-page menu-item-has-children menu-item-2053\"><a href=\"https:\/\/www.oaxaca.gob.mx\/civil\/a-resultado-de-un-juicio-civil\/\">a) Resultado de un juicio civil<\/a>\n\t<ul class=\"sub-menu\">\n\t\t<li id=\"menu-item-2054\" class=\"menu-item menu-item-type-post_type menu-item-object-page menu-item-2054\"><a href=\"https:\/\/www.oaxaca.gob.mx\/civil\/c-como-consecuencia-de-una-resolucion-administrativa\/\">c) Como consecuencia de una resoluci\u00f3n administrativa<\/a><\/li>\n\t<\/ul>\n<\/li>\n<\/ul>\n<\/li>\n<li id=\"menu-item-2055\" class=\"menu-item menu-item-type-post_type menu-item-object-page menu-item-2055\"><a href=\"https:\/\/www.oaxaca.gob.mx\/civil\/aclaracion-de-acta\/\">Aclaraci\u00f3n de acta<\/a><\/li>\n<li id=\"menu-item-2056\" class=\"menu-item menu-item-type-post_type menu-item-object-page menu-item-2056\"><a href=\"https:\/\/www.oaxaca.gob.mx\/civil\/aclaracion-por-uso\/\">Aclaraci\u00f3n por uso<\/a><\/li>\n<li id=\"menu-item-2057\" class=\"menu-item menu-item-type-post_type menu-item-object-page menu-item-2057\"><a href=\"https:\/\/www.oaxaca.gob.mx\/civil\/autorizacion-para-registros-extemporaneos-mayores-a-6-anos\/\">Autorizaci\u00f3n para registros extempor\u00e1neos mayores a 6 a\u00f1os.<\/a><\/li>\n<li id=\"menu-item-2058\" class=\"menu-item menu-item-type-post_type menu-item-object-page menu-item-2058\"><a href=\"https:\/\/www.oaxaca.gob.mx\/civil\/validacion-de-acta-del-registro-civil\/\">Validaci\u00f3n de acta del registro civil<\/a><\/li>\n<li id=\"menu-item-2059\" class=\"menu-item menu-item-type-post_type menu-item-object-page menu-item-2059\"><a href=\"https:\/\/www.oaxaca.gob.mx\/civil\/insercion-de-acta-del-registro-civil\/\">Inserci\u00f3n de acta del registro civil<\/a><\/li>\n<li id=\"menu-item-2060\" class=\"menu-item menu-item-type-post_type menu-item-object-page menu-item-2060\"><a href=\"https:\/\/www.oaxaca.gob.mx\/civil\/reposicion-de-acta-del-registro-civil\/\">Reposici\u00f3n de acta del registro civil<\/a><\/li>\n<li id=\"menu-item-2061\" class=\"menu-item menu-item-type-post_type menu-item-object-page menu-item-2061\"><a href=\"https:\/\/www.oaxaca.gob.mx\/civil\/expedicion-de-cedula-curp\/\">Expedici\u00f3n de cedula curp<\/a><\/li>\n<li id=\"menu-item-2062\" class=\"menu-item menu-item-type-post_type menu-item-object-page menu-item-2062\"><a href=\"https:\/\/www.oaxaca.gob.mx\/civil\/expedicion-de-fotocopias-certificadas-de-libro\/\">Expedici\u00f3n de fotocopias certificadas de libro<\/a><\/li>\n<li id=\"menu-item-2843\" class=\"menu-item menu-item-type-post_type menu-item-object-page menu-item-2843\"><a href=\"https:\/\/www.oaxaca.gob.mx\/civil\/reconocimiento-de-identidad-de-genero\/\">Reconocimiento de identidad de g\u00e9nero<\/a><\/li>\n<\/ul><\/div>\n<\/div>\n","protected":false},"excerpt":{"rendered":"<p>MEN\u00da SERVICIOS<\/p>\n","protected":false},"author":1,"featured_media":0,"parent":0,"menu_order":0,"comment_status":"closed","ping_status":"closed","template":"","meta":{"episode_type":"","audio_file":"","podmotor_file_id":"","podmotor_episode_id":"","cover_image":"","cover_image_id":"","duration":"","filesize":"","filesize_raw":"","date_recorded":"","explicit":"","block":"","itunes_episode_number":"","itunes_title":"","itunes_season_number":"","itunes_episode_type":"","footnotes":""},"categories":[],"tags":[],"class_list":["post-549","page","type-page","status-publish","hentry"],"acf":[],"publishpress_future_action":{"enabled":false,"date":"2026-04-28 09:19:00","action":"change-status","newStatus":"draft","terms":[],"taxonomy":"category","extraData":[]},"publishpress_future_workflow_manual_trigger":{"enabledWorkflows":[]},"_links":{"self":[{"href":"https:\/\/www.oaxaca.gob.mx\/civil\/wp-json\/wp\/v2\/pages\/549","targetHints":{"allow":["GET"]}}],"collection":[{"href":"https:\/\/www.oaxaca.gob.mx\/civil\/wp-json\/wp\/v2\/pages"}],"about":[{"href":"https:\/\/www.oaxaca.gob.mx\/civil\/wp-json\/wp\/v2\/types\/page"}],"author":[{"embeddable":true,"href":"https:\/\/www.oaxaca.gob.mx\/civil\/wp-json\/wp\/v2\/users\/1"}],"replies":[{"embeddable":true,"href":"https:\/\/www.oaxaca.gob.mx\/civil\/wp-json\/wp\/v2\/comments?post=549"}],"version-history":[{"count":1,"href":"https:\/\/www.oaxaca.gob.mx\/civil\/wp-json\/wp\/v2\/pages\/549\/revisions"}],"predecessor-version":[{"id":4166,"href":"https:\/\/www.oaxaca.gob.mx\/civil\/wp-json\/wp\/v2\/pages\/549\/revisions\/4166"}],"wp:attachment":[{"href":"https:\/\/www.oaxaca.gob.mx\/civil\/wp-json\/wp\/v2\/media?parent=549"}],"wp:term":[{"taxonomy":"category","embeddable":true,"href":"https:\/\/www.oaxaca.gob.mx\/civil\/wp-json\/wp\/v2\/categories?post=549"},{"taxonomy":"post_tag","embeddable":true,"href":"https:\/\/www.oaxaca.gob.mx\/civil\/wp-json\/wp\/v2\/tags?post=549"}],"curies":[{"name":"wp","href":"https:\/\/api.w.org\/{rel}","templated":true}]}}