{"id":539,"date":"2016-04-15T08:53:27","date_gmt":"2016-04-15T14:53:27","guid":{"rendered":"http:\/\/www.registrocivil.oaxaca.gob.mx\/?page_id=539"},"modified":"2022-05-04T14:36:35","modified_gmt":"2022-05-04T19:36:35","slug":"tramites-y-servicios","status":"publish","type":"page","link":"https:\/\/www.oaxaca.gob.mx\/civil\/tramites-y-servicios\/","title":{"rendered":"Tr\u00e1mites y Servicios"},"content":{"rendered":"<ul>\n<li><a href=\"\/civil\/inscripcion-del-acta-de-nacimiento\">Inscripci\u00f3n del acta\u00a0de nacimiento.<\/a><\/li>\n<li><a href=\"\/civil\/inscripcion-del-acta-de-reconocimiento-de-hijo\/\">Inscripci\u00f3n del acta de reconocimiento de hijo.<\/a><\/li>\n<li><a href=\"\/civil\/inscripcion-del-acta-de-adopcion\/\">Inscripci\u00f3n del acta de adopci\u00f3n.<\/a><\/li>\n<li><a href=\"\/civil\/inscripcion-del-acta-de-matrimonio\/\">Inscripci\u00f3n del acta de matrimonio.<\/a><\/li>\n<li><a href=\"\/civil\/inscripcion-del-acta-de-divorcio\/\">Inscripci\u00f3n del acta de divorcio.<\/a><\/li>\n<li><a href=\"\/civil\/inscripcion-del-acta-de-defuncion\/\">Inscripci\u00f3n del acta de defunci\u00f3n.<\/a><\/li>\n<\/ul>\n<ul>\n<li><a href=\"\/civil\/autorizacion-para-inhumacion-de-fetos-miembros-amputados-y-exhumacion-de-restos-aridos\/\">Autorizaci\u00f3n para inhumaci\u00f3n de fetos, miembros amputados y exhumaci\u00f3n de restos \u00e1ridos.<\/a><\/li>\n<\/ul>\n<ul>\n<li><a href=\"\/civil\/inscripcion-de-los-actos-celebrados-en-el-extranjero\/\">Inscripci\u00f3n de los actos celebrados en el extranjero (nacimiento, adopci\u00f3n, matrimonio, divorcio y defunci\u00f3n).<\/a><\/li>\n<li><a href=\"\/civil\/inscripcion-del-acta-de-tutela-o-la-perdida-o-limitacion-de-la-capacidad-legal-para-administrar-bienes\/\">Inscripci\u00f3n del acta de tutela o la p\u00e9rdida o limitaci\u00f3n de la capacidad legal para administrar bienes.<\/a><\/li>\n<li>Inscripci\u00f3n del acta de emancipaci\u00f3n.<\/li>\n<li>Inscripci\u00f3n del acta de declaraci\u00f3n de ausencia.<\/li>\n<li>Inscripci\u00f3n del acta de presunci\u00f3n de muerte.<\/li>\n<\/ul>\n<ul>\n<li><a href=\"\/civil\/expedicion-de-certificaciones-de-datos\/\">Expedici\u00f3n de certificaciones de datos de actas de nacimiento, <\/a>reconocimiento, matrimonio y defunci\u00f3n.<\/li>\n<li><a href=\"\/civil\/constancia-de-inexistencia-de-registro\/\">Constancia de inexistencia de registro (certificado negativo)<\/a><\/li>\n<li><a href=\"\/civil\/constancia-de-inexistencia-de-matrimonio\/\">Constancia de inexistencia de matrimonio (constancia de solter\u00eda)<\/a><\/li>\n<li><a href=\"\/civil\/expedicion-de-constancia-de-registro-extemporaneo\/\">Expedici\u00f3n de constancia de registro extempor\u00e1neo.<\/a><\/li>\n<\/ul>\n<ul>\n<li>Anotaciones marginales:<br \/>\n<a href=\"\/civil\/a-resultado-de-un-juicio-civil\/\">a) Resultado de un juicio civil.<\/a><br \/>\nb) Derivada del registro de un acto o hecho del estado civil (legitimaci\u00f3n, reconocimiento de hijo, aplicaci\u00f3n del art\u00edculo 71 del c\u00f3digo civil vigente en el Edo., testar).<br \/>\n<a href=\"\/civil\/c-como-consecuencia-de-una-resolucion-administrativa\/\">c) Como consecuencia de una resoluci\u00f3n administrativa (aclaraci\u00f3n de actas)<\/a><br \/>\n.<\/li>\n<li><a href=\"\/civil\/aclaracion-de-acta\/\">Aclaraci\u00f3n de acta.<\/a><\/li>\n<li><a href=\"\/civil\/aclaracion-por-uso\/\">Aclaraci\u00f3n por uso.<\/a><\/li>\n<\/ul>\n<ul>\n<li><a href=\"\/civil\/autorizacion-para-registros-extemporaneos-mayores-a-6-anos\/\">Autorizaci\u00f3n para registros extempor\u00e1neos mayores a 6 a\u00f1os.<\/a><\/li>\n<li><a href=\"\/civil\/validacion-de-acta-del-registro-civil\/\">Validaci\u00f3n de acta del registro civil.<\/a><\/li>\n<li><a href=\"\/civil\/insercion-de-acta-del-registro-civil\/\">Inserci\u00f3n de acta del registro civil.<\/a><\/li>\n<li><a href=\"\/civil\/reposicion-de-acta-del-registro-civil\/\">Reposici\u00f3n de acta del registro civil.<\/a><\/li>\n<li>Contestaci\u00f3n de demandas de rectificaci\u00f3n o de nulidad de actas del registro civil.<\/li>\n<li><a href=\"\/civil\/expedicion-de-fotocopias-certificadas-de-libro\/\">Se remiten copias certificadas de sentencias de rectificaci\u00f3n de nulidad de actas del registro civil.<\/a><\/li>\n<\/ul>\n<ul>\n<li>Certificaciones y\/o constancias de no registro solicitadas por las entidades federativas del pa\u00eds.<\/li>\n<li>Certificaciones y\/o constancias de no registro solicitadas v\u00eda telef\u00f3nica e internet.<\/li>\n<li>Certificaciones y\/o constancias de no registro for\u00e1neas.<\/li>\n<li>Traducci\u00f3n de actos celebrados en el extranjero o aqu\u00ed en M\u00e9xico (nacimiento, adopci\u00f3n, matrimonio, defunci\u00f3n y divorcio).<\/li>\n<li><a href=\"\/civil\/expedicion-de-cedula-curp\">Expedici\u00f3n de c\u00e9dula CURP.<\/a><\/li>\n<li><a href=\"\/civil\/reconocimiento-de-identidad-de-genero\/\">Reconocimiento de identidad de g\u00e9nero<\/a><\/li>\n<li><a href=\"http:\/\/rcoaxaca.com\/\">Consulta de Deudores Alimentarios Morosos<\/a><\/li>\n<\/ul>\n<p>&nbsp;<\/p>\n<p>&nbsp;<\/p>\n","protected":false},"excerpt":{"rendered":"<p>Inscripci\u00f3n del acta\u00a0de nacimiento. Inscripci\u00f3n del acta de reconocimiento de hijo. Inscripci\u00f3n del acta de adopci\u00f3n. Inscripci\u00f3n del acta de matrimonio. Inscripci\u00f3n del acta de divorcio. Inscripci\u00f3n del acta de defunci\u00f3n. Autorizaci\u00f3n para inhumaci\u00f3n de fetos, miembros amputados y exhumaci\u00f3n de restos \u00e1ridos. Inscripci\u00f3n de los actos celebrados en el extranjero (nacimiento, adopci\u00f3n, matrimonio, divorcio [&hellip;]<\/p>\n","protected":false},"author":1,"featured_media":0,"parent":0,"menu_order":0,"comment_status":"closed","ping_status":"closed","template":"","meta":{"episode_type":"","audio_file":"","podmotor_file_id":"","podmotor_episode_id":"","cover_image":"","cover_image_id":"","duration":"","filesize":"","filesize_raw":"","date_recorded":"","explicit":"","block":"","itunes_episode_number":"","itunes_title":"","itunes_season_number":"","itunes_episode_type":"","footnotes":""},"categories":[],"tags":[],"class_list":["post-539","page","type-page","status-publish","hentry"],"acf":[],"publishpress_future_action":{"enabled":false,"date":"2026-04-28 13:04:11","action":"change-status","newStatus":"draft","terms":[],"taxonomy":"category","extraData":[]},"publishpress_future_workflow_manual_trigger":{"enabledWorkflows":[]},"_links":{"self":[{"href":"https:\/\/www.oaxaca.gob.mx\/civil\/wp-json\/wp\/v2\/pages\/539","targetHints":{"allow":["GET"]}}],"collection":[{"href":"https:\/\/www.oaxaca.gob.mx\/civil\/wp-json\/wp\/v2\/pages"}],"about":[{"href":"https:\/\/www.oaxaca.gob.mx\/civil\/wp-json\/wp\/v2\/types\/page"}],"author":[{"embeddable":true,"href":"https:\/\/www.oaxaca.gob.mx\/civil\/wp-json\/wp\/v2\/users\/1"}],"replies":[{"embeddable":true,"href":"https:\/\/www.oaxaca.gob.mx\/civil\/wp-json\/wp\/v2\/comments?post=539"}],"version-history":[{"count":5,"href":"https:\/\/www.oaxaca.gob.mx\/civil\/wp-json\/wp\/v2\/pages\/539\/revisions"}],"predecessor-version":[{"id":3655,"href":"https:\/\/www.oaxaca.gob.mx\/civil\/wp-json\/wp\/v2\/pages\/539\/revisions\/3655"}],"wp:attachment":[{"href":"https:\/\/www.oaxaca.gob.mx\/civil\/wp-json\/wp\/v2\/media?parent=539"}],"wp:term":[{"taxonomy":"category","embeddable":true,"href":"https:\/\/www.oaxaca.gob.mx\/civil\/wp-json\/wp\/v2\/categories?post=539"},{"taxonomy":"post_tag","embeddable":true,"href":"https:\/\/www.oaxaca.gob.mx\/civil\/wp-json\/wp\/v2\/tags?post=539"}],"curies":[{"name":"wp","href":"https:\/\/api.w.org\/{rel}","templated":true}]}}