{"id":4118,"date":"2023-12-07T11:32:40","date_gmt":"2023-12-07T17:32:40","guid":{"rendered":"https:\/\/www.oaxaca.gob.mx\/civil\/?page_id=4118"},"modified":"2023-12-07T11:36:04","modified_gmt":"2023-12-07T17:36:04","slug":"mapa-del-sitio","status":"publish","type":"page","link":"https:\/\/www.oaxaca.gob.mx\/civil\/mapa-del-sitio\/","title":{"rendered":"Mapa del Sitio"},"content":{"rendered":"<div class=\"wsp-container\"><h2 class=\"wsp-pages-title\">P\u00e1ginas<\/h2>\n<ul class=\"wsp-pages-list\">\n<li class=\"page_item page-item-348\"><a href=\"https:\/\/www.oaxaca.gob.mx\/civil\/a-resultado-de-un-juicio-civil\/\">a) Resultado de un juicio civil<\/a><\/li>\n<li class=\"page_item page-item-2463\"><a href=\"https:\/\/www.oaxaca.gob.mx\/civil\/acciones-de-gobierno\/\">Acciones de gobierno<\/a><\/li>\n<li class=\"page_item page-item-3455\"><a href=\"https:\/\/www.oaxaca.gob.mx\/civil\/acciones-de-sensibilizacion-2\/\">Acciones de Sensibilizaci\u00f3n<\/a><\/li>\n<li class=\"page_item page-item-2490\"><a href=\"https:\/\/www.oaxaca.gob.mx\/civil\/acciones-de-sensibilizacion\/\">Acciones de Sensibilizaci\u00f3n<\/a><\/li>\n<li class=\"page_item page-item-399\"><a href=\"https:\/\/www.oaxaca.gob.mx\/civil\/aclaracion-de-acta\/\">Aclaraci\u00f3n de acta<\/a><\/li>\n<li class=\"page_item page-item-403\"><a href=\"https:\/\/www.oaxaca.gob.mx\/civil\/aclaracion-por-uso\/\">Aclaraci\u00f3n por uso<\/a><\/li>\n<li class=\"page_item page-item-1378\"><a href=\"https:\/\/www.oaxaca.gob.mx\/civil\/acta-en-linea\/\">Acta en L\u00ednea<\/a><\/li>\n<li class=\"page_item page-item-290\"><a href=\"https:\/\/www.oaxaca.gob.mx\/civil\/actas-de-otros-estados\/\">Actas de otros estados<\/a><\/li>\n<li class=\"page_item page-item-2494\"><a href=\"https:\/\/www.oaxaca.gob.mx\/civil\/actas-de-sesion\/\">Actas de Sesi\u00f3n<\/a><\/li>\n<li class=\"page_item page-item-194\"><a href=\"https:\/\/www.oaxaca.gob.mx\/civil\/autorizacion-para-inhumacion-de-fetos-miembros-amputados-y-exhumacion-de-restos-aridos\/\">Autorizacion para inhumaci\u00f3n de fetos, miembros amputados y exhumaci\u00f3n de restos \u00e1ridos<\/a><\/li>\n<li class=\"page_item page-item-407\"><a href=\"https:\/\/www.oaxaca.gob.mx\/civil\/autorizacion-para-registros-extemporaneos-mayores-a-6-anos\/\">Autorizaci\u00f3n para registros extempor\u00e1neos mayores a 6 a\u00f1os.<\/a><\/li>\n<li class=\"page_item page-item-2455\"><a href=\"https:\/\/www.oaxaca.gob.mx\/civil\/aviso-de-privacidad\/\">Avisos de Privacidad<\/a><\/li>\n<li class=\"page_item page-item-2496\"><a href=\"https:\/\/www.oaxaca.gob.mx\/civil\/buzon-de-queja-y-denuncias\/\">Buz\u00f3n de Queja Y Denuncias<\/a><\/li>\n<li class=\"page_item page-item-395\"><a href=\"https:\/\/www.oaxaca.gob.mx\/civil\/c-como-consecuencia-de-una-resolucion-administrativa\/\">c) Como consecuencia de una resoluci\u00f3n administrativa<\/a><\/li>\n<li class=\"page_item page-item-2001\"><a href=\"https:\/\/www.oaxaca.gob.mx\/civil\/calendar-2\/\">Calendar<\/a><\/li>\n<li class=\"page_item page-item-3\"><a href=\"https:\/\/www.oaxaca.gob.mx\/civil\/calendar\/\">Calendar<\/a><\/li>\n<li class=\"page_item page-item-227\"><a href=\"https:\/\/www.oaxaca.gob.mx\/civil\/canada\/\">Ca\u00f1ada<\/a><\/li>\n<li class=\"page_item page-item-3459\"><a href=\"https:\/\/www.oaxaca.gob.mx\/civil\/capacitacion-en-temas-de-codigo-de-etica-reglas-de-integridad-y-lineamientos-generales-del-codigo-de-etica\/\">Capacitaci\u00f3n en temas de C\u00f3digo de \u00c9tica; Reglas de Integridad y Lineamientos Generales del C\u00f3digo de \u00c9tica<\/a><\/li>\n<li class=\"page_item page-item-2492\"><a href=\"https:\/\/www.oaxaca.gob.mx\/civil\/codigo-de-conducta\/\">C\u00f3digo de Conducta<\/a><\/li>\n<li class=\"page_item page-item-340\"><a href=\"https:\/\/www.oaxaca.gob.mx\/civil\/constancia-de-inexistencia-de-matrimonio\/\">Constancia de inexistencia de matrimonio<\/a><\/li>\n<li class=\"page_item page-item-335\"><a href=\"https:\/\/www.oaxaca.gob.mx\/civil\/constancia-de-inexistencia-de-registro\/\">Constancia de inexistencia de registro<\/a><\/li>\n<li class=\"page_item page-item-1771\"><a href=\"https:\/\/www.oaxaca.gob.mx\/civil\/contacto\/\">Contacto<\/a><\/li>\n<li class=\"page_item page-item-232\"><a href=\"https:\/\/www.oaxaca.gob.mx\/civil\/costa\/\">Costa<\/a><\/li>\n<li class=\"page_item page-item-2036\"><a href=\"https:\/\/www.oaxaca.gob.mx\/civil\/transparencia\/\">CUMPLIMIENTO DE OBLIGACIONES DE TRANSPARENCIA<\/a><\/li>\n<li class=\"page_item page-item-3570\"><a href=\"https:\/\/www.oaxaca.gob.mx\/civil\/pnt\/\">CUMPLIMIENTO DE OBLIGACIONES DE TRANSPARENCIA<\/a><\/li>\n<li class=\"page_item page-item-1480\"><a href=\"https:\/\/www.oaxaca.gob.mx\/civil\/directorio\/\">Directorio<\/a><\/li>\n<li class=\"page_item page-item-1777\"><a href=\"https:\/\/www.oaxaca.gob.mx\/civil\/estructura-organica\/\">Estructura Org\u00e1nica u Organigrama<\/a><\/li>\n<li class=\"page_item page-item-3746 page_item_has_children\"><a href=\"https:\/\/www.oaxaca.gob.mx\/civil\/eventos\/\">Eventos<\/a>\n<ul class='children'>\n\t<li class=\"page_item page-item-3748\"><a href=\"https:\/\/www.oaxaca.gob.mx\/civil\/eventos\/categorias\/\">Categor\u00edas<\/a><\/li>\n\t<li class=\"page_item page-item-3749\"><a href=\"https:\/\/www.oaxaca.gob.mx\/civil\/eventos\/etiquetas\/\">Etiquetas<\/a><\/li>\n\t<li class=\"page_item page-item-3750\"><a href=\"https:\/\/www.oaxaca.gob.mx\/civil\/eventos\/mis-reservas\/\">Mis Reservas<\/a><\/li>\n\t<li class=\"page_item page-item-3747\"><a href=\"https:\/\/www.oaxaca.gob.mx\/civil\/eventos\/ubicaciones\/\">Ubicaciones<\/a><\/li>\n<\/ul>\n<\/li>\n<li class=\"page_item page-item-549\"><a href=\"https:\/\/www.oaxaca.gob.mx\/civil\/expedicion-de-cedula-curp\/\">Expedici\u00f3n de cedula curp<\/a><\/li>\n<li class=\"page_item page-item-331\"><a href=\"https:\/\/www.oaxaca.gob.mx\/civil\/expedicion-de-certificaciones-de-datos\/\">Expedici\u00f3n de certificaciones de datos<\/a><\/li>\n<li class=\"page_item page-item-344\"><a href=\"https:\/\/www.oaxaca.gob.mx\/civil\/expedicion-de-constancia-de-registro-extemporaneo\/\">Expedici\u00f3n de constancia de registro extempor\u00e1neo.<\/a><\/li>\n<li class=\"page_item page-item-541\"><a href=\"https:\/\/www.oaxaca.gob.mx\/civil\/expedicion-de-fotocopias-certificadas-de-libro\/\">Expedici\u00f3n de fotocopias certificadas de libro<\/a><\/li>\n<li class=\"page_item page-item-830\"><a href=\"https:\/\/www.oaxaca.gob.mx\/civil\/fracciones\/\">Fracciones<\/a><\/li>\n<li class=\"page_item page-item-1775\"><a href=\"https:\/\/www.oaxaca.gob.mx\/civil\/funciones\/\">Funciones<\/a><\/li>\n<li class=\"page_item page-item-2469\"><a href=\"https:\/\/www.oaxaca.gob.mx\/civil\/identificacion-de-posibles-casos-a-cada-persona-que-ingresa-a-las-oficinas-se-les-toma-la-temperatura-en-caso-de-ser-superior-a-36-se-impide-el-acceso\/\">Identificaci\u00f3n de posibles casos . A cada persona que ingresa a las oficinas se les toma la temperatura. En caso de ser superior a 36, se impide el acceso.<\/a><\/li>\n<li class=\"page_item page-item-2288\"><a href=\"https:\/\/www.oaxaca.gob.mx\/civil\/indicadores-estrategicos\/\">Indicadores Estrat\u00e9gicos<\/a><\/li>\n<li class=\"page_item page-item-140\"><a href=\"https:\/\/www.oaxaca.gob.mx\/civil\/informacion-publica\/\">Informaci\u00f3n Publica<\/a><\/li>\n<li class=\"page_item page-item-2488\"><a href=\"https:\/\/www.oaxaca.gob.mx\/civil\/informe-anual-de-trabajo-2019\/\">Informe Anual de Trabajo<\/a><\/li>\n<li class=\"page_item page-item-2\"><a href=\"https:\/\/www.oaxaca.gob.mx\/civil\/inicio\/\">Inicio<\/a><\/li>\n<li class=\"page_item page-item-198\"><a href=\"https:\/\/www.oaxaca.gob.mx\/civil\/inscripcion-de-los-actos-celebrados-en-el-extranjero\/\">Inscripci\u00f3n de los actos celebrados en el extranjero<\/a><\/li>\n<li class=\"page_item page-item-175\"><a href=\"https:\/\/www.oaxaca.gob.mx\/civil\/inscripcion-del-acta-de-adopcion\/\">Inscripci\u00f3n del acta de adopci\u00f3n<\/a><\/li>\n<li class=\"page_item page-item-190\"><a href=\"https:\/\/www.oaxaca.gob.mx\/civil\/inscripcion-del-acta-de-defuncion\/\">Inscripci\u00f3n del acta de defunci\u00f3n<\/a><\/li>\n<li class=\"page_item page-item-186\"><a href=\"https:\/\/www.oaxaca.gob.mx\/civil\/inscripcion-del-acta-de-divorcio\/\">Inscripci\u00f3n del acta de divorcio<\/a><\/li>\n<li class=\"page_item page-item-181\"><a href=\"https:\/\/www.oaxaca.gob.mx\/civil\/inscripcion-del-acta-de-matrimonio\/\">Inscripci\u00f3n del acta de matrimonio<\/a><\/li>\n<li class=\"page_item page-item-99\"><a href=\"https:\/\/www.oaxaca.gob.mx\/civil\/inscripcion-del-acta-de-nacimiento\/\">Inscripci\u00f3n del acta de nacimiento<\/a><\/li>\n<li class=\"page_item page-item-170\"><a href=\"https:\/\/www.oaxaca.gob.mx\/civil\/inscripcion-del-acta-de-reconocimiento-de-hijo\/\">Inscripci\u00f3n del acta de reconocimiento de hijo.<\/a><\/li>\n<li class=\"page_item page-item-202\"><a href=\"https:\/\/www.oaxaca.gob.mx\/civil\/inscripcion-del-acta-de-tutela-o-la-perdida-o-limitacion-de-la-capacidad-legal-para-administrar-bienes\/\">Inscripci\u00f3n del acta de tutela o la p\u00e9rdida o limitaci\u00f3n de la capacidad legal para administrar bienes<\/a><\/li>\n<li class=\"page_item page-item-413\"><a href=\"https:\/\/www.oaxaca.gob.mx\/civil\/insercion-de-acta-del-registro-civil\/\">Inserci\u00f3n de acta del registro civil<\/a><\/li>\n<li class=\"page_item page-item-1527\"><a href=\"https:\/\/www.oaxaca.gob.mx\/civil\/integral\/\">Integral<\/a><\/li>\n<li class=\"page_item page-item-2481\"><a href=\"https:\/\/www.oaxaca.gob.mx\/civil\/integrantes-del-comite-de-etica\/\">Integrantes del Comit\u00e9 de \u00c9tica<\/a><\/li>\n<li class=\"page_item page-item-234\"><a href=\"https:\/\/www.oaxaca.gob.mx\/civil\/istmo\/\">Istmo<\/a><\/li>\n<li class=\"page_item page-item-2000\"><a href=\"https:\/\/www.oaxaca.gob.mx\/civil\/loginpress\/\">LoginPress<\/a><\/li>\n<li class=\"page_item page-item-1778\"><a href=\"https:\/\/www.oaxaca.gob.mx\/civil\/manual-de-organizacion\/\">Manual de Organizaci\u00f3n<\/a><\/li>\n<li class=\"page_item page-item-4118\"><a href=\"https:\/\/www.oaxaca.gob.mx\/civil\/mapa-del-sitio\/\">Mapa del Sitio<\/a><\/li>\n<li class=\"page_item page-item-2484\"><a href=\"https:\/\/www.oaxaca.gob.mx\/civil\/marco-juridico-2\/\">Marco Jur\u00eddico<\/a><\/li>\n<li class=\"page_item page-item-1774\"><a href=\"https:\/\/www.oaxaca.gob.mx\/civil\/mision-vision-y-objetivos\/\">Misi\u00f3n, visi\u00f3n y objetivos<\/a><\/li>\n<li class=\"page_item page-item-240\"><a href=\"https:\/\/www.oaxaca.gob.mx\/civil\/mixteca\/\">Mixteca<\/a><\/li>\n<li class=\"page_item page-item-1773\"><a href=\"https:\/\/www.oaxaca.gob.mx\/civil\/noticias-3\/\">Noticias<\/a><\/li>\n<li class=\"page_item page-item-1831\"><a href=\"https:\/\/www.oaxaca.gob.mx\/civil\/oficialias\/\">oficialias<\/a><\/li>\n<li class=\"page_item page-item-244\"><a href=\"https:\/\/www.oaxaca.gob.mx\/civil\/papaloapan\/\">Papaloapan<\/a><\/li>\n<li class=\"page_item page-item-2486\"><a href=\"https:\/\/www.oaxaca.gob.mx\/civil\/plan-anual-de-trabajo\/\">Plan Anual de Trabajo<\/a><\/li>\n<li class=\"page_item page-item-4290\"><a href=\"https:\/\/www.oaxaca.gob.mx\/civil\/programa-gratuito-para-personas-con-discapacidad-registrocivilteincluye\/\">Programa gratuito para personas con discapacidad, #RegistroCivilTeIncluye<\/a><\/li>\n<li class=\"page_item page-item-2837\"><a href=\"https:\/\/www.oaxaca.gob.mx\/civil\/reconocimiento-de-identidad-de-genero\/\">Reconocimiento de identidad de g\u00e9nero<\/a><\/li>\n<li class=\"page_item page-item-417\"><a href=\"https:\/\/www.oaxaca.gob.mx\/civil\/reposicion-de-acta-del-registro-civil\/\">Reposici\u00f3n de acta del registro civil<\/a><\/li>\n<li class=\"page_item page-item-248\"><a href=\"https:\/\/www.oaxaca.gob.mx\/civil\/sierra-norte\/\">Sierra Norte<\/a><\/li>\n<li class=\"page_item page-item-252\"><a href=\"https:\/\/www.oaxaca.gob.mx\/civil\/sierra-sur\/\">Sierra Sur<\/a><\/li>\n<li class=\"page_item page-item-1529\"><a href=\"https:\/\/www.oaxaca.gob.mx\/civil\/simplificado\/\">Simplificado<\/a><\/li>\n<li class=\"page_item page-item-120\"><a href=\"https:\/\/www.oaxaca.gob.mx\/civil\/tarifas\/\">Tarifas<\/a><\/li>\n<li class=\"page_item page-item-1776\"><a href=\"https:\/\/www.oaxaca.gob.mx\/civil\/titular-de-la-dependencia\/\">Titular de la Dependencia<\/a><\/li>\n<li class=\"page_item page-item-432\"><a href=\"https:\/\/www.oaxaca.gob.mx\/civil\/tramites-foraneos\/\">Tr\u00e1mites For\u00e1neos<\/a><\/li>\n<li class=\"page_item page-item-539\"><a href=\"https:\/\/www.oaxaca.gob.mx\/civil\/tramites-y-servicios\/\">Tr\u00e1mites y Servicios<\/a><\/li>\n<li class=\"page_item page-item-1163\"><a href=\"https:\/\/www.oaxaca.gob.mx\/civil\/unidad-de-transparencia\/\">Unidad de Transparencia<\/a><\/li>\n<li class=\"page_item page-item-409\"><a href=\"https:\/\/www.oaxaca.gob.mx\/civil\/validacion-de-acta-del-registro-civil\/\">Validaci\u00f3n de acta del registro civil<\/a><\/li>\n<li class=\"page_item page-item-154\"><a href=\"https:\/\/www.oaxaca.gob.mx\/civil\/valles-centrales\/\">Valles Centrales<\/a><\/li>\n<li class=\"page_item page-item-2913\"><a href=\"https:\/\/www.oaxaca.gob.mx\/civil\/slide-anything-popup-preview\/\">Slide Anything Popup Preview<\/a><\/li>\n<\/ul>\n<\/div>\n","protected":false},"excerpt":{"rendered":"","protected":false},"author":1,"featured_media":0,"parent":0,"menu_order":0,"comment_status":"closed","ping_status":"closed","template":"","meta":{"episode_type":"","audio_file":"","podmotor_file_id":"","podmotor_episode_id":"","cover_image":"","cover_image_id":"","duration":"","filesize":"","filesize_raw":"","date_recorded":"","explicit":"","block":"","itunes_episode_number":"","itunes_title":"","itunes_season_number":"","itunes_episode_type":"","footnotes":""},"categories":[],"tags":[],"class_list":["post-4118","page","type-page","status-publish","hentry"],"acf":[],"publishpress_future_action":{"enabled":false,"date":"2026-05-16 00:21:26","action":"change-status","newStatus":"draft","terms":[],"taxonomy":"category","extraData":[]},"publishpress_future_workflow_manual_trigger":{"enabledWorkflows":[]},"_links":{"self":[{"href":"https:\/\/www.oaxaca.gob.mx\/civil\/wp-json\/wp\/v2\/pages\/4118","targetHints":{"allow":["GET"]}}],"collection":[{"href":"https:\/\/www.oaxaca.gob.mx\/civil\/wp-json\/wp\/v2\/pages"}],"about":[{"href":"https:\/\/www.oaxaca.gob.mx\/civil\/wp-json\/wp\/v2\/types\/page"}],"author":[{"embeddable":true,"href":"https:\/\/www.oaxaca.gob.mx\/civil\/wp-json\/wp\/v2\/users\/1"}],"replies":[{"embeddable":true,"href":"https:\/\/www.oaxaca.gob.mx\/civil\/wp-json\/wp\/v2\/comments?post=4118"}],"version-history":[{"count":1,"href":"https:\/\/www.oaxaca.gob.mx\/civil\/wp-json\/wp\/v2\/pages\/4118\/revisions"}],"predecessor-version":[{"id":4119,"href":"https:\/\/www.oaxaca.gob.mx\/civil\/wp-json\/wp\/v2\/pages\/4118\/revisions\/4119"}],"wp:attachment":[{"href":"https:\/\/www.oaxaca.gob.mx\/civil\/wp-json\/wp\/v2\/media?parent=4118"}],"wp:term":[{"taxonomy":"category","embeddable":true,"href":"https:\/\/www.oaxaca.gob.mx\/civil\/wp-json\/wp\/v2\/categories?post=4118"},{"taxonomy":"post_tag","embeddable":true,"href":"https:\/\/www.oaxaca.gob.mx\/civil\/wp-json\/wp\/v2\/tags?post=4118"}],"curies":[{"name":"wp","href":"https:\/\/api.w.org\/{rel}","templated":true}]}}