{"id":403,"date":"2016-02-23T12:39:59","date_gmt":"2016-02-23T18:39:59","guid":{"rendered":"http:\/\/www.registrocivil.oaxaca.gob.mx\/?page_id=403"},"modified":"2024-08-20T11:32:36","modified_gmt":"2024-08-20T17:32:36","slug":"aclaracion-por-uso","status":"publish","type":"page","link":"https:\/\/www.oaxaca.gob.mx\/civil\/aclaracion-por-uso\/","title":{"rendered":"Aclaraci\u00f3n por uso"},"content":{"rendered":"<div class=\"row\">\n<div class=\"col-md-8\">\n<table id=\"tablepress-tbl-aclaracion-uso\" class=\"tablepress tablepress-id-tbl-aclaracion-uso\">\n<thead>\n<tr class=\"row-1\">\n\t<th class=\"column-1\">Nombre del Tr\u00e1mite o Servicio:<\/th><th class=\"column-2\">ACLARACI\u00d3N DE ACTA DE NACIMIENTO POR USO.<\/th>\n<\/tr>\n<\/thead>\n<tbody class=\"row-striping row-hover\">\n<tr class=\"row-2\">\n\t<td class=\"column-1\">Tipo de Usuario:<\/td><td class=\"column-2\">P\u00fablico en General.<\/td>\n<\/tr>\n<tr class=\"row-3\">\n\t<td class=\"column-1\">Documento a obtener:<br \/><\/td><td class=\"column-2\">Resoluci\u00f3n administrativa de aclaraci\u00f3n de acta por uso y papeleta.<\/td>\n<\/tr>\n<tr class=\"row-4\">\n\t<td class=\"column-1\">Descripci\u00f3n:<\/td><td class=\"column-2\">Se agrega un primer o un segundo apellido al ya existente en el registro de nacimiento. Cuando compareci\u00f3 a inscribir el nacimiento uno de los progenitores y el usuario demuestre que efectivamente ha usado dos apellidos.<br \/>\n\t\t\t<\/td>\n<\/tr>\n<tr class=\"row-5\">\n\t<td class=\"column-1\">Tiempo de Respuesta:<\/td><td class=\"column-2\">Para revisi\u00f3n y recepci\u00f3n del tr\u00e1mite es de 30 minutos o m\u00e1s dependiendo de la cantidad de usuarios solicitantes.<br \/><br \/>\n\t\t\t\tExpediente completo cuando re\u00fane los requisitos se realiza la recepci\u00f3n y cita al usuario para que dentro de 25 d\u00edas h\u00e1biles se le entregue la resoluci\u00f3n de aclaraci\u00f3n de acta. <br \/><br \/>\n\t\t\t\tSi durante el procedimiento se detectaron otras inconsistencias, se le notifica al usuario a fin de complementar el expediente y se dicta resoluci\u00f3n favorable en un lapso de 5 d\u00edas h\u00e1biles o m\u00e1s.<\/td>\n<\/tr>\n<tr class=\"row-6\">\n\t<td class=\"column-1\">Fundamento Legal:<\/td><td class=\"column-2\">Articulo 141 fracci\u00f3n VI segunda parte del C\u00f3digo Civil Vigente en el Estado de Oaxaca, 24 de la Ley Estatal de Derechos.<\/td>\n<\/tr>\n<tr class=\"row-7\">\n\t<td class=\"column-1\">\u00c1rea donde se proporciona el servicio:<\/td><td class=\"column-2\">Unidad Jur\u00eddica del Registro Civil.<\/td>\n<\/tr>\n<tr class=\"row-8\">\n\t<td class=\"column-1\">Domicilio donde se otorga el servicio:<\/td><td class=\"column-2\">Calle Santos Degollado N\u00b0 400 Col. Centro. Acceso por Ray\u00f3n. <br \/>\n\t\t\t\tC.P. 68000.<\/td>\n<\/tr>\n<tr class=\"row-9\">\n\t<td class=\"column-1\">Tel\u00e9fono<\/td><td class=\"column-2\">951 5161663.<\/td>\n<\/tr>\n<tr class=\"row-10\">\n\t<td class=\"column-1\">Horario de Atenci\u00f3n<\/td><td class=\"column-2\">9:00 a 15.00 horas de lunes a viernes.<\/td>\n<\/tr>\n<tr class=\"row-11\">\n\t<td class=\"column-1\">Requisitos:<\/td><td class=\"column-2\">\u2022 Solicitud de aclaraci\u00f3n de acta debidamente requisitada. (Ser\u00e1 proporcionada en la Unidad Jur\u00eddica) *<br \/><br \/>\n\t\t\t\t\u2022 Fotocopia certificada del libro de la Oficial\u00eda del Registro Civil o comprobante de inexistencia.<br \/><br \/>\n\t\t\t\t\u2022 Fotocopia certificada del libro del Archivo Central o comprobante de inexistencia.<br \/><br \/>\nPresentar fotocopia simple u original de la certificaci\u00f3n de datos (acta de nacimiento).       \t\t\t\t <br \/>\n                              \u2022 Tres documentos p\u00fablicos que pueden ser: credencial de elector, constancia de origen, Pasaporte, Cartilla del Servicio Militar, certificados de estudios, credenciales de filiaci\u00f3n al IMSS, ISSSTE, Seguro Popular, acta de matrimonio del<br \/>\n\t\t\t\tinteresado, acta de nacimiento de los hijos etc.<br \/><br \/>\n\t\t\t\t\u2022 Tres fotocopias simples de documentos privados que pueden ser: Notas de compra, recetas m\u00e9dicas, recibo de CFE, agua, tel\u00e9fono y otros.<br \/><br \/>\n\t\t\t\t<br \/>\nNota:<br \/><br \/>\n\t\t\t\tEste tr\u00e1mite se realiza cuando no exista el acta de matrimonio de los padres del registrado o que no exista el progenitor que otorgar\u00eda el apellido faltante.<br \/><br \/>\n\t\t\t\t*Se puede adquirir en la recaudaci\u00f3n de rentas.<\/td>\n<\/tr>\n<\/tbody>\n<\/table>\n<!-- #tablepress-tbl-aclaracion-uso from cache --><\/div>\n<div class=\"col-md-4\">MEN\u00da SERVICIOS<ul id=\"menu-tramites-y-servicios\" class=\"menu\"><li id=\"menu-item-2047\" class=\"menu-item menu-item-type-post_type menu-item-object-page menu-item-2047\"><a href=\"https:\/\/www.oaxaca.gob.mx\/civil\/inscripcion-del-acta-de-nacimiento\/\">Inscripci\u00f3n del acta de nacimiento<\/a><\/li>\n<li id=\"menu-item-2048\" class=\"menu-item menu-item-type-post_type menu-item-object-page menu-item-2048\"><a href=\"https:\/\/www.oaxaca.gob.mx\/civil\/inscripcion-del-acta-de-reconocimiento-de-hijo\/\">Inscripci\u00f3n del acta de reconocimiento de hijo.<\/a><\/li>\n<li id=\"menu-item-2043\" class=\"menu-item menu-item-type-post_type menu-item-object-page menu-item-2043\"><a href=\"https:\/\/www.oaxaca.gob.mx\/civil\/inscripcion-del-acta-de-adopcion\/\">Inscripci\u00f3n del acta de adopci\u00f3n<\/a><\/li>\n<li id=\"menu-item-2046\" class=\"menu-item menu-item-type-post_type menu-item-object-page menu-item-2046\"><a href=\"https:\/\/www.oaxaca.gob.mx\/civil\/inscripcion-del-acta-de-matrimonio\/\">Inscripci\u00f3n del acta de matrimonio<\/a><\/li>\n<li id=\"menu-item-2045\" class=\"menu-item menu-item-type-post_type menu-item-object-page menu-item-2045\"><a href=\"https:\/\/www.oaxaca.gob.mx\/civil\/inscripcion-del-acta-de-divorcio\/\">Inscripci\u00f3n del acta de divorcio<\/a><\/li>\n<li id=\"menu-item-2044\" class=\"menu-item menu-item-type-post_type menu-item-object-page menu-item-2044\"><a href=\"https:\/\/www.oaxaca.gob.mx\/civil\/inscripcion-del-acta-de-defuncion\/\">Inscripci\u00f3n del acta de defunci\u00f3n<\/a><\/li>\n<li id=\"menu-item-2050\" class=\"menu-item menu-item-type-post_type menu-item-object-page menu-item-2050\"><a href=\"https:\/\/www.oaxaca.gob.mx\/civil\/autorizacion-para-inhumacion-de-fetos-miembros-amputados-y-exhumacion-de-restos-aridos\/\">Autorizacion para inhumaci\u00f3n de fetos, miembros amputados y exhumaci\u00f3n de restos \u00e1ridos<\/a><\/li>\n<li id=\"menu-item-2042\" class=\"menu-item menu-item-type-post_type menu-item-object-page menu-item-2042\"><a href=\"https:\/\/www.oaxaca.gob.mx\/civil\/inscripcion-de-los-actos-celebrados-en-el-extranjero\/\">Inscripci\u00f3n de los actos celebrados en el extranjero<\/a><\/li>\n<li id=\"menu-item-2049\" class=\"menu-item menu-item-type-post_type menu-item-object-page menu-item-2049\"><a href=\"https:\/\/www.oaxaca.gob.mx\/civil\/inscripcion-del-acta-de-tutela-o-la-perdida-o-limitacion-de-la-capacidad-legal-para-administrar-bienes\/\">Inscripci\u00f3n del acta de tutela o la p\u00e9rdida o limitaci\u00f3n de la capacidad legal para administrar bienes<\/a><\/li>\n<li id=\"menu-item-2040\" class=\"menu-item menu-item-type-post_type menu-item-object-page menu-item-2040\"><a href=\"https:\/\/www.oaxaca.gob.mx\/civil\/expedicion-de-certificaciones-de-datos\/\">Expedici\u00f3n de certificaciones de datos<\/a><\/li>\n<li id=\"menu-item-2052\" class=\"menu-item menu-item-type-post_type menu-item-object-page menu-item-2052\"><a href=\"https:\/\/www.oaxaca.gob.mx\/civil\/constancia-de-inexistencia-de-registro\/\">Constancia de inexistencia de registro<\/a><\/li>\n<li id=\"menu-item-2051\" class=\"menu-item menu-item-type-post_type menu-item-object-page menu-item-2051\"><a href=\"https:\/\/www.oaxaca.gob.mx\/civil\/constancia-de-inexistencia-de-matrimonio\/\">Constancia de inexistencia de matrimonio<\/a><\/li>\n<li id=\"menu-item-2041\" class=\"menu-item menu-item-type-post_type menu-item-object-page menu-item-2041\"><a href=\"https:\/\/www.oaxaca.gob.mx\/civil\/expedicion-de-constancia-de-registro-extemporaneo\/\">Expedici\u00f3n de constancia de registro extempor\u00e1neo.<\/a><\/li>\n<li id=\"menu-item-1938\" class=\"menu-item menu-item-type-custom menu-item-object-custom menu-item-has-children menu-item-1938\"><a href=\"#\">Anotaciones marginales<\/a>\n<ul class=\"sub-menu\">\n\t<li id=\"menu-item-2053\" class=\"menu-item menu-item-type-post_type menu-item-object-page menu-item-has-children menu-item-2053\"><a href=\"https:\/\/www.oaxaca.gob.mx\/civil\/a-resultado-de-un-juicio-civil\/\">a) Resultado de un juicio civil<\/a>\n\t<ul class=\"sub-menu\">\n\t\t<li id=\"menu-item-2054\" class=\"menu-item menu-item-type-post_type menu-item-object-page menu-item-2054\"><a href=\"https:\/\/www.oaxaca.gob.mx\/civil\/c-como-consecuencia-de-una-resolucion-administrativa\/\">c) Como consecuencia de una resoluci\u00f3n administrativa<\/a><\/li>\n\t<\/ul>\n<\/li>\n<\/ul>\n<\/li>\n<li id=\"menu-item-2055\" class=\"menu-item menu-item-type-post_type menu-item-object-page menu-item-2055\"><a href=\"https:\/\/www.oaxaca.gob.mx\/civil\/aclaracion-de-acta\/\">Aclaraci\u00f3n de acta<\/a><\/li>\n<li id=\"menu-item-2056\" class=\"menu-item menu-item-type-post_type menu-item-object-page menu-item-2056\"><a href=\"https:\/\/www.oaxaca.gob.mx\/civil\/aclaracion-por-uso\/\">Aclaraci\u00f3n por uso<\/a><\/li>\n<li id=\"menu-item-2057\" class=\"menu-item menu-item-type-post_type menu-item-object-page menu-item-2057\"><a href=\"https:\/\/www.oaxaca.gob.mx\/civil\/autorizacion-para-registros-extemporaneos-mayores-a-6-anos\/\">Autorizaci\u00f3n para registros extempor\u00e1neos mayores a 6 a\u00f1os.<\/a><\/li>\n<li id=\"menu-item-2058\" class=\"menu-item menu-item-type-post_type menu-item-object-page menu-item-2058\"><a href=\"https:\/\/www.oaxaca.gob.mx\/civil\/validacion-de-acta-del-registro-civil\/\">Validaci\u00f3n de acta del registro civil<\/a><\/li>\n<li id=\"menu-item-2059\" class=\"menu-item menu-item-type-post_type menu-item-object-page menu-item-2059\"><a href=\"https:\/\/www.oaxaca.gob.mx\/civil\/insercion-de-acta-del-registro-civil\/\">Inserci\u00f3n de acta del registro civil<\/a><\/li>\n<li id=\"menu-item-2060\" class=\"menu-item menu-item-type-post_type menu-item-object-page menu-item-2060\"><a href=\"https:\/\/www.oaxaca.gob.mx\/civil\/reposicion-de-acta-del-registro-civil\/\">Reposici\u00f3n de acta del registro civil<\/a><\/li>\n<li id=\"menu-item-2061\" class=\"menu-item menu-item-type-post_type menu-item-object-page menu-item-2061\"><a href=\"https:\/\/www.oaxaca.gob.mx\/civil\/expedicion-de-cedula-curp\/\">Expedici\u00f3n de cedula curp<\/a><\/li>\n<li id=\"menu-item-2062\" class=\"menu-item menu-item-type-post_type menu-item-object-page menu-item-2062\"><a href=\"https:\/\/www.oaxaca.gob.mx\/civil\/expedicion-de-fotocopias-certificadas-de-libro\/\">Expedici\u00f3n de fotocopias certificadas de libro<\/a><\/li>\n<li id=\"menu-item-2843\" class=\"menu-item menu-item-type-post_type menu-item-object-page menu-item-2843\"><a href=\"https:\/\/www.oaxaca.gob.mx\/civil\/reconocimiento-de-identidad-de-genero\/\">Reconocimiento de identidad de g\u00e9nero<\/a><\/li>\n<\/ul><\/div>\n<\/div>\n","protected":false},"excerpt":{"rendered":"<p>MEN\u00da SERVICIOS<\/p>\n","protected":false},"author":1,"featured_media":0,"parent":0,"menu_order":0,"comment_status":"closed","ping_status":"closed","template":"","meta":{"episode_type":"","audio_file":"","podmotor_file_id":"","podmotor_episode_id":"","cover_image":"","cover_image_id":"","duration":"","filesize":"","filesize_raw":"","date_recorded":"","explicit":"","block":"","itunes_episode_number":"","itunes_title":"","itunes_season_number":"","itunes_episode_type":"","footnotes":""},"categories":[],"tags":[],"class_list":["post-403","page","type-page","status-publish","hentry"],"acf":[],"publishpress_future_action":{"enabled":false,"date":"2026-05-19 18:25:31","action":"change-status","newStatus":"draft","terms":[],"taxonomy":"category","extraData":[]},"publishpress_future_workflow_manual_trigger":{"enabledWorkflows":[]},"_links":{"self":[{"href":"https:\/\/www.oaxaca.gob.mx\/civil\/wp-json\/wp\/v2\/pages\/403","targetHints":{"allow":["GET"]}}],"collection":[{"href":"https:\/\/www.oaxaca.gob.mx\/civil\/wp-json\/wp\/v2\/pages"}],"about":[{"href":"https:\/\/www.oaxaca.gob.mx\/civil\/wp-json\/wp\/v2\/types\/page"}],"author":[{"embeddable":true,"href":"https:\/\/www.oaxaca.gob.mx\/civil\/wp-json\/wp\/v2\/users\/1"}],"replies":[{"embeddable":true,"href":"https:\/\/www.oaxaca.gob.mx\/civil\/wp-json\/wp\/v2\/comments?post=403"}],"version-history":[{"count":1,"href":"https:\/\/www.oaxaca.gob.mx\/civil\/wp-json\/wp\/v2\/pages\/403\/revisions"}],"predecessor-version":[{"id":4160,"href":"https:\/\/www.oaxaca.gob.mx\/civil\/wp-json\/wp\/v2\/pages\/403\/revisions\/4160"}],"wp:attachment":[{"href":"https:\/\/www.oaxaca.gob.mx\/civil\/wp-json\/wp\/v2\/media?parent=403"}],"wp:term":[{"taxonomy":"category","embeddable":true,"href":"https:\/\/www.oaxaca.gob.mx\/civil\/wp-json\/wp\/v2\/categories?post=403"},{"taxonomy":"post_tag","embeddable":true,"href":"https:\/\/www.oaxaca.gob.mx\/civil\/wp-json\/wp\/v2\/tags?post=403"}],"curies":[{"name":"wp","href":"https:\/\/api.w.org\/{rel}","templated":true}]}}