{"id":3459,"date":"2021-10-21T10:30:14","date_gmt":"2021-10-21T15:30:14","guid":{"rendered":"https:\/\/www.oaxaca.gob.mx\/civil\/?page_id=3459"},"modified":"2021-10-21T10:30:14","modified_gmt":"2021-10-21T15:30:14","slug":"capacitacion-en-temas-de-codigo-de-etica-reglas-de-integridad-y-lineamientos-generales-del-codigo-de-etica","status":"publish","type":"page","link":"https:\/\/www.oaxaca.gob.mx\/civil\/capacitacion-en-temas-de-codigo-de-etica-reglas-de-integridad-y-lineamientos-generales-del-codigo-de-etica\/","title":{"rendered":"Capacitaci\u00f3n en temas de C\u00f3digo de \u00c9tica; Reglas de Integridad y Lineamientos Generales del C\u00f3digo de \u00c9tica"},"content":{"rendered":"<iframe loading=\"lazy\" src=\"https:\/\/drive.google.com\/file\/d\/1W68P8HE9E38X-MxlY22J-3-IPTPUm4m4\/preview\" width=\"640\" height=\"480\" allow=\"autoplay\"><\/iframe>\n<a href=\"https:\/\/www.oaxaca.gob.mx\/civil\/wp-content\/uploads\/sites\/57\/2021\/10\/Inf.Capacit.of_.drc_.ago_.2021.pdf\" class=\"pdfemb-viewer\" style=\"\" data-width=\"max\" data-height=\"max\" data-toolbar=\"top\" data-toolbar-fixed=\"on\">Inf.Capacit.of.drc.ago.2021<\/a>\n\n","protected":false},"excerpt":{"rendered":"","protected":false},"author":65,"featured_media":0,"parent":0,"menu_order":0,"comment_status":"closed","ping_status":"closed","template":"","meta":{"episode_type":"","audio_file":"","podmotor_file_id":"","podmotor_episode_id":"","cover_image":"","cover_image_id":"","duration":"","filesize":"","filesize_raw":"","date_recorded":"","explicit":"","block":"","itunes_episode_number":"","itunes_title":"","itunes_season_number":"","itunes_episode_type":"","footnotes":""},"categories":[],"tags":[],"class_list":["post-3459","page","type-page","status-publish","hentry"],"acf":[],"publishpress_future_action":{"enabled":false,"date":"2026-05-16 01:59:36","action":"change-status","newStatus":"draft","terms":[],"taxonomy":"category","extraData":[]},"publishpress_future_workflow_manual_trigger":{"enabledWorkflows":[]},"_links":{"self":[{"href":"https:\/\/www.oaxaca.gob.mx\/civil\/wp-json\/wp\/v2\/pages\/3459","targetHints":{"allow":["GET"]}}],"collection":[{"href":"https:\/\/www.oaxaca.gob.mx\/civil\/wp-json\/wp\/v2\/pages"}],"about":[{"href":"https:\/\/www.oaxaca.gob.mx\/civil\/wp-json\/wp\/v2\/types\/page"}],"author":[{"embeddable":true,"href":"https:\/\/www.oaxaca.gob.mx\/civil\/wp-json\/wp\/v2\/users\/65"}],"replies":[{"embeddable":true,"href":"https:\/\/www.oaxaca.gob.mx\/civil\/wp-json\/wp\/v2\/comments?post=3459"}],"version-history":[{"count":4,"href":"https:\/\/www.oaxaca.gob.mx\/civil\/wp-json\/wp\/v2\/pages\/3459\/revisions"}],"predecessor-version":[{"id":3477,"href":"https:\/\/www.oaxaca.gob.mx\/civil\/wp-json\/wp\/v2\/pages\/3459\/revisions\/3477"}],"wp:attachment":[{"href":"https:\/\/www.oaxaca.gob.mx\/civil\/wp-json\/wp\/v2\/media?parent=3459"}],"wp:term":[{"taxonomy":"category","embeddable":true,"href":"https:\/\/www.oaxaca.gob.mx\/civil\/wp-json\/wp\/v2\/categories?post=3459"},{"taxonomy":"post_tag","embeddable":true,"href":"https:\/\/www.oaxaca.gob.mx\/civil\/wp-json\/wp\/v2\/tags?post=3459"}],"curies":[{"name":"wp","href":"https:\/\/api.w.org\/{rel}","templated":true}]}}