{"id":2494,"date":"2020-12-04T18:39:18","date_gmt":"2020-12-05T00:39:18","guid":{"rendered":"https:\/\/www.oaxaca.gob.mx\/civil\/?page_id=2494"},"modified":"2021-07-20T13:06:14","modified_gmt":"2021-07-20T18:06:14","slug":"actas-de-sesion","status":"publish","type":"page","link":"https:\/\/www.oaxaca.gob.mx\/civil\/actas-de-sesion\/","title":{"rendered":"Actas de Sesi\u00f3n"},"content":{"rendered":"\n<table id=\"tablepress-60\" class=\"tablepress tablepress-id-60\">\n<thead>\n<tr class=\"row-1\">\n\t<th class=\"column-1\">T\u00edtulo<\/th><th class=\"column-2\">Descargar<\/th>\n<\/tr>\n<\/thead>\n<tbody class=\"row-striping row-hover\">\n<tr class=\"row-2\">\n\t<td class=\"column-1\">ACTA DE INSTALACI\u00d3N COMIT\u00c9 DE \u00c9TICA 2019<\/td><td class=\"column-2\"><a href=\"https:\/\/drive.google.com\/file\/d\/1GGUBSG28ApaFCMcudI2-Ni-_N9iyJTBI\/view?usp=sharing\"><img loading=\"lazy\" decoding=\"async\" src=\"https:\/\/www.oaxaca.gob.mx\/civil\/wp-content\/uploads\/sites\/57\/2021\/07\/pdf.png\" alt=\"\" width=\"32\" height=\"32\" class=\"alignnone size-full wp-image-2776\" \/><\/a><\/td>\n<\/tr>\n<tr class=\"row-3\">\n\t<td class=\"column-1\">PRIMER SESI\u00d3N ORDINARIA COMIT\u00c9 \u00c9TICA 2019<\/td><td class=\"column-2\"><a href=\"https:\/\/drive.google.com\/file\/d\/1vYw3EJFmkw3kArE6Mc5kx-z1ZvPKo3WV\/view?usp=sharing\"><img loading=\"lazy\" decoding=\"async\" src=\"https:\/\/www.oaxaca.gob.mx\/civil\/wp-content\/uploads\/sites\/57\/2021\/07\/pdf.png\" alt=\"\" width=\"32\" height=\"32\" class=\"alignnone size-full wp-image-2776\" \/><\/a><\/td>\n<\/tr>\n<tr class=\"row-4\">\n\t<td class=\"column-1\">PRIMERA SESI\u00d3N EXTRAORDINARIA COMIT\u00c9 \u00c9TICA 2019<\/td><td class=\"column-2\"><a href=\"https:\/\/drive.google.com\/file\/d\/1rR0_NkhCdDNGHqlsBD6jJu-s4SAyUJLv\/view?usp=sharing\"><img loading=\"lazy\" decoding=\"async\" src=\"https:\/\/www.oaxaca.gob.mx\/civil\/wp-content\/uploads\/sites\/57\/2021\/07\/pdf.png\" alt=\"\" width=\"32\" height=\"32\" class=\"alignnone size-full wp-image-2776\" \/><\/a><\/td>\n<\/tr>\n<tr class=\"row-5\">\n\t<td class=\"column-1\">SEGUNDA SESI\u00d3N ORDINARIA COMIT\u00c9 \u00c9TICA 2019<\/td><td class=\"column-2\"><a href=\"https:\/\/drive.google.com\/file\/d\/1vYw3EJFmkw3kArE6Mc5kx-z1ZvPKo3WV\/view?usp=sharing\"><img loading=\"lazy\" decoding=\"async\" src=\"https:\/\/www.oaxaca.gob.mx\/civil\/wp-content\/uploads\/sites\/57\/2021\/07\/pdf.png\" alt=\"\" width=\"32\" height=\"32\" class=\"alignnone size-full wp-image-2776\" \/><\/a><\/td>\n<\/tr>\n<tr class=\"row-6\">\n\t<td class=\"column-1\">TERCERA SESI\u00d3N ORDINARIA COMIT\u00c9 \u00c9TICA 2019<\/td><td class=\"column-2\"><a href=\"https:\/\/drive.google.com\/file\/d\/1DqhgBvWHSPn5L2A1RjUhxzsY86_lsSEY\/view?usp=sharing\"><img loading=\"lazy\" decoding=\"async\" src=\"https:\/\/www.oaxaca.gob.mx\/civil\/wp-content\/uploads\/sites\/57\/2021\/07\/pdf.png\" alt=\"\" width=\"32\" height=\"32\" class=\"alignnone size-full wp-image-2776\" \/><\/a><\/td>\n<\/tr>\n<tr class=\"row-7\">\n\t<td class=\"column-1\">PRIMERA SESI\u00d3N EXTRAORDINARIA CEPCI 2020<\/td><td class=\"column-2\"><a href=\"https:\/\/drive.google.com\/file\/d\/1gKSk8t7L5t0r3vzBDx6YMGVvuC2DzejD\/view?usp=sharing\"><img loading=\"lazy\" decoding=\"async\" src=\"https:\/\/www.oaxaca.gob.mx\/civil\/wp-content\/uploads\/sites\/57\/2021\/07\/pdf.png\" alt=\"\" width=\"32\" height=\"32\" class=\"alignnone size-full wp-image-2776\" \/><\/a><\/td>\n<\/tr>\n<tr class=\"row-8\">\n\t<td class=\"column-1\">PRIMERA SESI\u00d3N ORDINARIA CEPCI 2020<\/td><td class=\"column-2\"><a href=\"https:\/\/drive.google.com\/file\/d\/1mGTaDSemn-brgUmGsaLdis6-Rc28Bjoa\/view?usp=sharing\"><img loading=\"lazy\" decoding=\"async\" src=\"https:\/\/www.oaxaca.gob.mx\/civil\/wp-content\/uploads\/sites\/57\/2021\/07\/pdf.png\" alt=\"\" width=\"32\" height=\"32\" class=\"alignnone size-full wp-image-2776\" \/><\/a><\/td>\n<\/tr>\n<tr class=\"row-9\">\n\t<td class=\"column-1\">SEGUNDA SESI\u00d3N ORDINARIA CEPCI 2020<\/td><td class=\"column-2\"><a href=\"https:\/\/drive.google.com\/file\/d\/1F-gJ8mU_U8I2gix2_lDUXd7ARmcK01vY\/view?usp=sharing\"><img loading=\"lazy\" decoding=\"async\" src=\"https:\/\/www.oaxaca.gob.mx\/civil\/wp-content\/uploads\/sites\/57\/2021\/07\/pdf.png\" alt=\"\" width=\"32\" height=\"32\" class=\"alignnone size-full wp-image-2776\" \/><\/a><\/td>\n<\/tr>\n<tr class=\"row-10\">\n\t<td class=\"column-1\">TERCERA SESI\u00d3N ORDINARIA CEPCI 2020<\/td><td class=\"column-2\"><a href=\"https:\/\/drive.google.com\/file\/d\/1sUUPVuCzUEUwf2ZD8GFMKmENvjZAR17h\/view?usp=sharing\"><img loading=\"lazy\" decoding=\"async\" src=\"https:\/\/www.oaxaca.gob.mx\/civil\/wp-content\/uploads\/sites\/57\/2021\/07\/pdf.png\" alt=\"\" width=\"32\" height=\"32\" class=\"alignnone size-full wp-image-2776\" \/><\/a><\/td>\n<\/tr>\n<tr class=\"row-11\">\n\t<td class=\"column-1\">PRIMERA SESI\u00d3N EXTRAORDINARIA 2021<\/td><td class=\"column-2\"><a href=\"https:\/\/drive.google.com\/file\/d\/1KlMP8VGArs8zAJ3fsnZqp9Q3Ss-e8uc-\/view?usp=sharing\"><img loading=\"lazy\" decoding=\"async\" src=\"https:\/\/www.oaxaca.gob.mx\/civil\/wp-content\/uploads\/sites\/57\/2021\/07\/pdf.png\" alt=\"\" width=\"32\" height=\"32\" class=\"alignnone size-full wp-image-2776\" \/><\/a><\/td>\n<\/tr>\n<tr class=\"row-12\">\n\t<td class=\"column-1\">PRIMERA SESI\u00d3N ORDINARIA CEPCI 2021<\/td><td class=\"column-2\"><a href=\"https:\/\/drive.google.com\/file\/d\/1EMFwmQOnN9A-tvo3_zyuKJnRRAH11zgi\/view?usp=sharing\"><img loading=\"lazy\" decoding=\"async\" src=\"https:\/\/www.oaxaca.gob.mx\/civil\/wp-content\/uploads\/sites\/57\/2021\/07\/pdf.png\" alt=\"\" width=\"32\" height=\"32\" class=\"alignnone size-full wp-image-2776\" \/><\/a><\/td>\n<\/tr>\n<tr class=\"row-13\">\n\t<td class=\"column-1\">SEGUNDA SESI\u00d3N ORDINARIA CEPCI 2021<\/td><td class=\"column-2\"><a href=\"https:\/\/drive.google.com\/file\/d\/1x6S0irlWOQM0MNumKCfxxfeqEgPP4EF1\/view?usp=sharing\"><img loading=\"lazy\" decoding=\"async\" src=\"https:\/\/www.oaxaca.gob.mx\/civil\/wp-content\/uploads\/sites\/57\/2021\/07\/pdf.png\" alt=\"\" width=\"32\" height=\"32\" class=\"alignnone size-full wp-image-2776\" \/><\/a><\/td>\n<\/tr>\n<tr class=\"row-14\">\n\t<td class=\"column-1\">SEGUNDA SESI\u00d3N EXTRAORDINARIA DEL COMIT\u00c9 DE \u00c9TICA Y DE PREVENCIO\u00d3N DE CONFLICTO DE INTER\u00c9S 2021<\/td><td class=\"column-2\"><a href=\"https:\/\/www.oaxaca.gob.mx\/civil\/wp-content\/uploads\/sites\/57\/2021\/10\/Acta.2a.Sesion.Extraord.cepci_.drc_.2021.pdf\"><img loading=\"lazy\" decoding=\"async\" src=\"https:\/\/www.oaxaca.gob.mx\/civil\/wp-content\/uploads\/sites\/57\/2021\/07\/pdf.png\" alt=\"\" width=\"32\" height=\"32\" class=\"alignnone size-full wp-image-2776\" \/><\/a><\/td>\n<\/tr>\n<tr class=\"row-15\">\n\t<td class=\"column-1\">TERCERA SESI\u00d3N ORDINARIA DEL COMIT\u00c9 DE \u00c9TICA Y DE PREVENCIO\u00d3N DE CONFLICTO DE INTER\u00c9S 2021<\/td><td class=\"column-2\"><a href=\"https:\/\/www.oaxaca.gob.mx\/civil\/wp-content\/uploads\/sites\/57\/2021\/12\/Tercera-Sesion-Ordinaria-Cepci.2021.pdf\"><img loading=\"lazy\" decoding=\"async\" src=\"https:\/\/www.oaxaca.gob.mx\/civil\/wp-content\/uploads\/sites\/57\/2021\/07\/pdf.png\" alt=\"\" width=\"32\" height=\"32\" class=\"alignnone size-full wp-image-2776\" \/><\/a><\/td>\n<\/tr>\n<\/tbody>\n<\/table>\n<!-- #tablepress-60 from cache -->\n","protected":false},"excerpt":{"rendered":"","protected":false},"author":65,"featured_media":0,"parent":0,"menu_order":0,"comment_status":"closed","ping_status":"closed","template":"","meta":{"episode_type":"","audio_file":"","podmotor_file_id":"","podmotor_episode_id":"","cover_image":"","cover_image_id":"","duration":"","filesize":"","filesize_raw":"","date_recorded":"","explicit":"","block":"","itunes_episode_number":"","itunes_title":"","itunes_season_number":"","itunes_episode_type":"","footnotes":""},"categories":[],"tags":[],"class_list":["post-2494","page","type-page","status-publish","hentry"],"acf":[],"publishpress_future_action":{"enabled":false,"date":"2026-05-16 01:59:36","action":"change-status","newStatus":"draft","terms":[],"taxonomy":"category","extraData":[]},"publishpress_future_workflow_manual_trigger":{"enabledWorkflows":[]},"_links":{"self":[{"href":"https:\/\/www.oaxaca.gob.mx\/civil\/wp-json\/wp\/v2\/pages\/2494","targetHints":{"allow":["GET"]}}],"collection":[{"href":"https:\/\/www.oaxaca.gob.mx\/civil\/wp-json\/wp\/v2\/pages"}],"about":[{"href":"https:\/\/www.oaxaca.gob.mx\/civil\/wp-json\/wp\/v2\/types\/page"}],"author":[{"embeddable":true,"href":"https:\/\/www.oaxaca.gob.mx\/civil\/wp-json\/wp\/v2\/users\/65"}],"replies":[{"embeddable":true,"href":"https:\/\/www.oaxaca.gob.mx\/civil\/wp-json\/wp\/v2\/comments?post=2494"}],"version-history":[{"count":11,"href":"https:\/\/www.oaxaca.gob.mx\/civil\/wp-json\/wp\/v2\/pages\/2494\/revisions"}],"predecessor-version":[{"id":2781,"href":"https:\/\/www.oaxaca.gob.mx\/civil\/wp-json\/wp\/v2\/pages\/2494\/revisions\/2781"}],"wp:attachment":[{"href":"https:\/\/www.oaxaca.gob.mx\/civil\/wp-json\/wp\/v2\/media?parent=2494"}],"wp:term":[{"taxonomy":"category","embeddable":true,"href":"https:\/\/www.oaxaca.gob.mx\/civil\/wp-json\/wp\/v2\/categories?post=2494"},{"taxonomy":"post_tag","embeddable":true,"href":"https:\/\/www.oaxaca.gob.mx\/civil\/wp-json\/wp\/v2\/tags?post=2494"}],"curies":[{"name":"wp","href":"https:\/\/api.w.org\/{rel}","templated":true}]}}